{"id":25506,"date":"2024-09-25T13:11:59","date_gmt":"2024-09-25T11:11:59","guid":{"rendered":"https:\/\/www.piccini1882.it\/unsere-unternehmen\/weingut-cide\/"},"modified":"2026-01-27T11:51:22","modified_gmt":"2026-01-27T10:51:22","slug":"piccini-gmbh","status":"publish","type":"page","link":"https:\/\/www.piccini1882.it\/de\/unsere-unternehmen\/piccini-gmbh\/","title":{"rendered":"Piccini GMBH"},"content":{"rendered":"\t\t<div data-elementor-type=\"wp-page\" data-elementor-id=\"25506\" class=\"elementor elementor-25506 elementor-22945\" data-elementor-post-type=\"page\">\n\t\t\t\t<div class=\"elementor-element elementor-element-a21aaa8 e-flex e-con-boxed e-con e-parent\" data-id=\"a21aaa8\" data-element_type=\"container\" data-settings=\"{&quot;background_background&quot;:&quot;classic&quot;,&quot;jet_parallax_layout_list&quot;:[]}\">\n\t\t\t\t\t<div class=\"e-con-inner\">\n\t\t\t\t<div class=\"elementor-element elementor-element-87a9a50 elementor-widget elementor-widget-spacer\" data-id=\"87a9a50\" data-element_type=\"widget\" data-widget_type=\"spacer.default\">\n\t\t\t\t<div class=\"elementor-widget-container\">\n\t\t\t\t\t\t\t<div class=\"elementor-spacer\">\n\t\t\t<div class=\"elementor-spacer-inner\"><\/div>\n\t\t<\/div>\n\t\t\t\t\t\t<\/div>\n\t\t\t\t<\/div>\n\t\t\t\t\t<\/div>\n\t\t\t\t<\/div>\n\t\t<div class=\"elementor-element elementor-element-6e5127f e-flex e-con-boxed e-con e-parent\" data-id=\"6e5127f\" data-element_type=\"container\" data-settings=\"{&quot;jet_parallax_layout_list&quot;:[]}\">\n\t\t\t\t\t<div class=\"e-con-inner\">\n\t\t\t\t<div class=\"elementor-element elementor-element-c29a49f elementor-widget elementor-widget-image\" data-id=\"c29a49f\" data-element_type=\"widget\" data-widget_type=\"image.default\">\n\t\t\t\t<div class=\"elementor-widget-container\">\n\t\t\t\t\t\t\t\t\t\t\t\t\t\t\t<img decoding=\"async\" width=\"300\" height=\"150\" src=\"https:\/\/www.piccini1882.it\/wp-content\/uploads\/2025\/08\/logo-nero.webp\" class=\"attachment-medium_large size-medium_large wp-image-33921\" alt=\"\" \/>\t\t\t\t\t\t\t\t\t\t\t\t\t\t\t<\/div>\n\t\t\t\t<\/div>\n\t\t\t\t<div class=\"elementor-element elementor-element-671c4f9 subtitle-position-above elementor-mobile-align-center elementor-widget__width-initial elementor-widget-mobile__width-inherit elementor-align-center elementor-widget elementor-widget-hnice-heading\" data-id=\"671c4f9\" data-element_type=\"widget\" data-widget_type=\"hnice-heading.default\">\n\t\t\t\t<div class=\"elementor-widget-container\">\n\t\t\t\t\t<div class=\"elementor-heading-wrapper-inner\"><h2 class=\"elementor-heading-title elementor-size-default\">Unsere Familie vergr\u00f6\u00dfert sich und fliegt nach Essen.<\/h2><div class=\"elementor-sub-title\">Piccini GmbH<\/div><\/div>\t\t\t\t<\/div>\n\t\t\t\t<\/div>\n\t\t\t\t\t<\/div>\n\t\t\t\t<\/div>\n\t\t<div class=\"elementor-element elementor-element-2ac5387 e-flex e-con-boxed e-con e-parent\" data-id=\"2ac5387\" data-element_type=\"container\" data-settings=\"{&quot;jet_parallax_layout_list&quot;:[]}\">\n\t\t\t\t\t<div class=\"e-con-inner\">\n\t\t<div class=\"elementor-element elementor-element-b73789a e-con-full e-flex e-con e-child\" data-id=\"b73789a\" data-element_type=\"container\" data-settings=\"{&quot;jet_parallax_layout_list&quot;:[]}\">\n\t\t\t\t<div class=\"elementor-element elementor-element-5d2ea68 elementor-widget-laptop__width-inherit elementor-widget elementor-widget-text-editor\" data-id=\"5d2ea68\" data-element_type=\"widget\" data-widget_type=\"text-editor.default\">\n\t\t\t\t<div class=\"elementor-widget-container\">\n\t\t\t\t\t\t\t\t\t<p>Der deutsche Markt war schon immer einer der bevorzugten internationalen Quadranten von Piccini 1882. Heute wird diese Zusammenarbeit durch die k\u00fcrzliche \u00dcbernahme der CIDE GmbH, einem wertvollen Partner bei der Entwicklung von Strategien f\u00fcr den deutschen Markt mit Sitz in Essen, weiter gest\u00e4rkt. <br><br>Von nun an kann Piccini 1882 auf einen wichtigen Verb\u00fcndeten z\u00e4hlen, um seine Pr\u00e4senz und sein Markenimage bei den lokalen Verbrauchern, die seinen Weinen schon immer treu waren, zu st\u00e4rken.<br><br>&#8220;Wir freuen uns sehr, diese strategische Akquisition bekannt zu geben. &#8211; sagte Mario Piccini &#8211; &#8220;Unsere enge Zusammenarbeit hat entscheidend dazu beigetragen, unsere Pr\u00e4senz auf dem deutschen Markt auszubauen, und wir freuen uns darauf, gemeinsam weitere Erfolge zu erzielen.&#8221;<\/p>\t\t\t\t\t\t\t\t<\/div>\n\t\t\t\t<\/div>\n\t\t\t\t<\/div>\n\t\t\t\t\t<\/div>\n\t\t\t\t<\/div>\n\t\t<div class=\"elementor-element elementor-element-4fa54a0 e-flex e-con-boxed e-con e-parent\" data-id=\"4fa54a0\" data-element_type=\"container\" data-settings=\"{&quot;jet_parallax_layout_list&quot;:[]}\">\n\t\t\t\t\t<div class=\"e-con-inner\">\n\t\t\t\t<div class=\"elementor-element elementor-element-081e1db subtitle-position-above elementor-mobile-align-center elementor-widget__width-initial elementor-widget-mobile__width-inherit elementor-align-center elementor-widget elementor-widget-hnice-heading\" data-id=\"081e1db\" data-element_type=\"widget\" data-widget_type=\"hnice-heading.default\">\n\t\t\t\t<div class=\"elementor-widget-container\">\n\t\t\t\t\t<div class=\"elementor-heading-wrapper-inner\"><div class=\"elementor-sub-title\">Zertifizierungen<\/div><\/div>\t\t\t\t<\/div>\n\t\t\t\t<\/div>\n\t\t<div class=\"elementor-element elementor-element-a56025c e-con-full e-flex e-con e-child\" data-id=\"a56025c\" data-element_type=\"container\" data-settings=\"{&quot;jet_parallax_layout_list&quot;:[]}\">\n\t\t\t\t<div class=\"elementor-element elementor-element-d0a4e6f elementor-align-center elementor-button-outline elementor-mobile-align-center elementor-widget elementor-widget-button\" data-id=\"d0a4e6f\" data-element_type=\"widget\" data-widget_type=\"button.default\">\n\t\t\t\t<div class=\"elementor-widget-container\">\n\t\t\t\t\t\t\t\t\t<div class=\"elementor-button-wrapper\">\n\t\t\t\t\t<a class=\"elementor-button elementor-button-link elementor-size-sm\" href=\"https:\/\/www.piccini1882.it\/wp-content\/uploads\/2026\/01\/6740-Z-D-Piccini-GmbH-Remote-Nov-25-IJ.pdf\" target=\"_blank\">\n\t\t\t\t\t\t<span class=\"elementor-button-content-wrapper\">\n\t\t\t\t\t\t<span class=\"elementor-button-icon\">\n\t\t\t\t<i aria-hidden=\"true\" class=\"hnice-icon- hnice-icon-right-arrow\"><\/i>\t\t\t<\/span>\n\t\t\t\t\t\t\t\t\t<span class=\"elementor-button-text\">Zertifizierung auditpartner GmbH<\/span>\n\t\t\t\t\t<\/span>\n\t\t\t\t\t<\/a>\n\t\t\t\t<\/div>\n\t\t\t\t\t\t\t\t<\/div>\n\t\t\t\t<\/div>\n\t\t\t\t<div class=\"elementor-element elementor-element-3e16069 elementor-align-center elementor-button-outline elementor-mobile-align-center elementor-widget elementor-widget-button\" data-id=\"3e16069\" data-element_type=\"widget\" data-widget_type=\"button.default\">\n\t\t\t\t<div class=\"elementor-widget-container\">\n\t\t\t\t\t\t\t\t\t<div class=\"elementor-button-wrapper\">\n\t\t\t\t\t<a class=\"elementor-button elementor-button-link elementor-size-sm\" href=\"https:\/\/www.piccini1882.it\/wp-content\/uploads\/2025\/12\/Biozertifikat-Piccini-GmbH-2.pdf\" target=\"_blank\">\n\t\t\t\t\t\t<span class=\"elementor-button-content-wrapper\">\n\t\t\t\t\t\t<span class=\"elementor-button-icon\">\n\t\t\t\t<i aria-hidden=\"true\" class=\"hnice-icon- hnice-icon-right-arrow\"><\/i>\t\t\t<\/span>\n\t\t\t\t\t\t\t\t\t<span class=\"elementor-button-text\">Biozertifikat Piccini GmbH<\/span>\n\t\t\t\t\t<\/span>\n\t\t\t\t\t<\/a>\n\t\t\t\t<\/div>\n\t\t\t\t\t\t\t\t<\/div>\n\t\t\t\t<\/div>\n\t\t\t\t<\/div>\n\t\t\t\t\t<\/div>\n\t\t\t\t<\/div>\n\t\t<div class=\"elementor-element elementor-element-99447c7 e-flex e-con-boxed e-con e-parent\" data-id=\"99447c7\" data-element_type=\"container\" data-settings=\"{&quot;jet_parallax_layout_list&quot;:[]}\">\n\t\t\t\t\t<div class=\"e-con-inner\">\n\t\t\t\t<div class=\"elementor-element elementor-element-6661257 elementor-align-center elementor-button-outline elementor-mobile-align-center button-sito elementor-widget elementor-widget-button\" data-id=\"6661257\" data-element_type=\"widget\" data-widget_type=\"button.default\">\n\t\t\t\t<div class=\"elementor-widget-container\">\n\t\t\t\t\t\t\t\t\t<div class=\"elementor-button-wrapper\">\n\t\t\t\t\t<a class=\"elementor-button elementor-button-link elementor-size-sm\" href=\"https:\/\/vinicide.eu\/it\/\" target=\"_blank\" rel=\"noopener\">\n\t\t\t\t\t\t<span class=\"elementor-button-content-wrapper\">\n\t\t\t\t\t\t<span class=\"elementor-button-icon\">\n\t\t\t\t<i aria-hidden=\"true\" class=\"hnice-icon- hnice-icon-right-arrow\"><\/i>\t\t\t<\/span>\n\t\t\t\t\t\t\t\t\t<span class=\"elementor-button-text\">BESUCHEN SIE DIE WEBSITE VON VINICOLA CIDE<\/span>\n\t\t\t\t\t<\/span>\n\t\t\t\t\t<\/a>\n\t\t\t\t<\/div>\n\t\t\t\t\t\t\t\t<\/div>\n\t\t\t\t<\/div>\n\t\t\t\t\t<\/div>\n\t\t\t\t<\/div>\n\t\t<div class=\"elementor-element elementor-element-ad2fbd1 e-con-full e-flex e-con e-parent\" data-id=\"ad2fbd1\" data-element_type=\"container\" data-settings=\"{&quot;jet_parallax_layout_list&quot;:[]}\">\n\t\t\t\t<div class=\"elementor-element elementor-element-f1237c5 elementor-widget elementor-widget-image\" data-id=\"f1237c5\" data-element_type=\"widget\" data-widget_type=\"image.default\">\n\t\t\t\t<div class=\"elementor-widget-container\">\n\t\t\t\t\t\t\t\t\t\t\t\t\t\t\t<img decoding=\"async\" width=\"2000\" height=\"1166\" src=\"https:\/\/www.piccini1882.it\/wp-content\/uploads\/2024\/09\/3.jpg\" class=\"attachment-full size-full wp-image-25508\" alt=\"\" srcset=\"https:\/\/www.piccini1882.it\/wp-content\/uploads\/2024\/09\/3.jpg 2000w, https:\/\/www.piccini1882.it\/wp-content\/uploads\/2024\/09\/3-300x175.jpg 300w, https:\/\/www.piccini1882.it\/wp-content\/uploads\/2024\/09\/3-1024x597.jpg 1024w, https:\/\/www.piccini1882.it\/wp-content\/uploads\/2024\/09\/3-768x448.jpg 768w, https:\/\/www.piccini1882.it\/wp-content\/uploads\/2024\/09\/3-1536x895.jpg 1536w, https:\/\/www.piccini1882.it\/wp-content\/uploads\/2024\/09\/3-800x466.jpg 800w\" sizes=\"(max-width: 2000px) 100vw, 2000px\" \/>\t\t\t\t\t\t\t\t\t\t\t\t\t\t\t<\/div>\n\t\t\t\t<\/div>\n\t\t\t\t<\/div>\n\t\t<div class=\"elementor-element elementor-element-c2bbd0a e-flex e-con-boxed e-con e-parent\" data-id=\"c2bbd0a\" data-element_type=\"container\" data-settings=\"{&quot;jet_parallax_layout_list&quot;:[]}\">\n\t\t\t\t\t<div class=\"e-con-inner\">\n\t\t<div class=\"elementor-element elementor-element-da06fd5 e-con-full e-flex e-con e-child\" data-id=\"da06fd5\" data-element_type=\"container\" data-settings=\"{&quot;jet_parallax_layout_list&quot;:[]}\">\n\t\t\t\t<div class=\"elementor-element elementor-element-7d7336c elementor-widget-laptop__width-inherit elementor-widget elementor-widget-text-editor\" data-id=\"7d7336c\" data-element_type=\"widget\" data-widget_type=\"text-editor.default\">\n\t\t\t\t<div class=\"elementor-widget-container\">\n\t\t\t\t\t\t\t\t\t<p>Bei Fragen oder Interesse an unseren Weinen, nehmen Sie daher gerne Kontakt zu uns auf:<br>Piccini GmbH<br>Heinrich-Held-Str. 37<br>D-45133 Essen<br>Mail: info@piccini1882.eu<br>Telefon: +49 201 84 201 29<\/p>\t\t\t\t\t\t\t\t<\/div>\n\t\t\t\t<\/div>\n\t\t\t\t<\/div>\n\t\t\t\t\t<\/div>\n\t\t\t\t<\/div>\n\t\t<div class=\"elementor-element elementor-element-f198e89 e-flex e-con-boxed e-con e-parent\" data-id=\"f198e89\" data-element_type=\"container\" data-settings=\"{&quot;jet_parallax_layout_list&quot;:[]}\">\n\t\t\t\t\t<div class=\"e-con-inner\">\n\t\t\t\t<div class=\"elementor-element elementor-element-08ea752 contact-form-special-yes elementor-widget elementor-widget-hnice-contactform\" data-id=\"08ea752\" data-element_type=\"widget\" data-widget_type=\"hnice-contactform.default\">\n\t\t\t\t<div class=\"elementor-widget-container\">\n\t\t\t\t\t\n<div class=\"wpcf7 no-js\" id=\"wpcf7-f26364-o1\" lang=\"de-DE\" dir=\"ltr\" data-wpcf7-id=\"26364\">\n<div class=\"screen-reader-response\"><p role=\"status\" aria-live=\"polite\" aria-atomic=\"true\"><\/p> <ul><\/ul><\/div>\n<form action=\"\/de\/wp-json\/wp\/v2\/pages\/25506#wpcf7-f26364-o1\" method=\"post\" class=\"wpcf7-form init\" aria-label=\"Kontaktformular\" novalidate=\"novalidate\" data-status=\"init\">\n<fieldset class=\"hidden-fields-container\"><input type=\"hidden\" name=\"_wpcf7\" value=\"26364\" \/><input type=\"hidden\" name=\"_wpcf7_version\" value=\"6.1\" \/><input type=\"hidden\" name=\"_wpcf7_locale\" value=\"de_DE\" \/><input type=\"hidden\" name=\"_wpcf7_unit_tag\" value=\"wpcf7-f26364-o1\" \/><input type=\"hidden\" name=\"_wpcf7_container_post\" value=\"0\" \/><input type=\"hidden\" name=\"_wpcf7_posted_data_hash\" value=\"\" \/>\n<\/fieldset>\n<div class=\"row row-form\">\n\t<div class=\"column-12\">\n\t\t<p><span class=\"wpcf7-form-control-wrap\" data-name=\"your-name\"><input size=\"40\" maxlength=\"400\" class=\"wpcf7-form-control wpcf7-text wpcf7-validates-as-required\" aria-required=\"true\" aria-invalid=\"false\" placeholder=\"Name*\" value=\"\" type=\"text\" name=\"your-name\" \/><\/span>\n\t\t<\/p>\n\t<\/div>\n<\/div>\n<div class=\"row row-form\">\n\t<div class=\"column-12\">\n\t\t<p><span class=\"wpcf7-form-control-wrap\" data-name=\"your-email\"><input size=\"40\" maxlength=\"400\" class=\"wpcf7-form-control wpcf7-text wpcf7-validates-as-required\" aria-required=\"true\" aria-invalid=\"false\" placeholder=\"E-Mail*\" value=\"\" type=\"text\" name=\"your-email\" \/><\/span>\n\t\t<\/p>\n\t<\/div>\n<\/div>\n<div class=\"row row-form\">\n\t<div class=\"column-12\">\n\t\t<p><span class=\"wpcf7-form-control-wrap\" data-name=\"your-phone\"><input size=\"40\" maxlength=\"400\" class=\"wpcf7-form-control wpcf7-text wpcf7-validates-as-required\" aria-required=\"true\" aria-invalid=\"false\" placeholder=\"Telefon*\" value=\"\" type=\"text\" name=\"your-phone\" \/><\/span>\n\t\t<\/p>\n\t<\/div>\n<\/div>\n<div class=\"row row-form\">\n\t<div class=\"column-12\">\n\t\t<p><span class=\"wpcf7-form-control-wrap\" data-name=\"your-city\"><input size=\"40\" maxlength=\"400\" class=\"wpcf7-form-control wpcf7-text wpcf7-validates-as-required\" aria-required=\"true\" aria-invalid=\"false\" placeholder=\"Stadt*\" value=\"\" type=\"text\" name=\"your-city\" \/><\/span>\n\t\t<\/p>\n\t<\/div>\n<\/div>\n<div class=\"row row-form\">\n\t<div class=\"column-12\">\n\t\t<p><span class=\"wpcf7-form-control-wrap\" data-name=\"subject\"><input size=\"40\" maxlength=\"400\" class=\"wpcf7-form-control wpcf7-text wpcf7-validates-as-required\" aria-required=\"true\" aria-invalid=\"false\" placeholder=\"Angefordert\" value=\"\" type=\"text\" name=\"subject\" \/><\/span>\n\t\t<\/p>\n\t<\/div>\n<\/div>\n<div class=\"row row-form\">\n\t<div class=\"column-12\">\n\t\t<p><span class=\"wpcf7-form-control-wrap\" data-name=\"your-message\"><textarea cols=\"40\" rows=\"5\" maxlength=\"2000\" class=\"wpcf7-form-control wpcf7-textarea wpcf7-validates-as-required\" aria-required=\"true\" aria-invalid=\"false\" name=\"your-message\">Zus\u00e4tzliche Anfragen<\/textarea><\/span>\n\t\t<\/p>\n\t<\/div>\n<\/div>\n<div class=\"row row-form\">\n\t<div class=\"column-12\">\n\t\t<p><span class=\"wpcf7-form-control-wrap\" data-name=\"checkbox-123\"><span class=\"wpcf7-form-control wpcf7-acceptance\"><span class=\"wpcf7-list-item\"><label><input type=\"checkbox\" name=\"checkbox-123\" value=\"1\" aria-invalid=\"false\" \/><span class=\"wpcf7-list-item-label\">Ich akzeptiere <a href=\"https:\/\/www.piccini1882.it\/privacy-policy\/\" target=\"_blank\" rel=\"noopener\">die Datenschutzbestimmungen<\/a><\/span><\/label><\/span><\/span><\/span>\n\t\t<\/p>\n\t<\/div>\n<\/div>\n<div class=\"wpcf7-button\">\n\t<p><button type=\"submit\" value=\"Einreichen\"><span>Senden Sie<\/span> <i class=\"hnice-icon-right-arrow\"><\/i><\/button>\n\t<\/p>\n<\/div><div class=\"wpcf7-response-output\" aria-hidden=\"true\"><\/div>\n<\/form>\n<\/div>\n\t\t\t\t<\/div>\n\t\t\t\t<\/div>\n\t\t\t\t\t<\/div>\n\t\t\t\t<\/div>\n\t\t\t\t<\/div>\n\t\t","protected":false},"excerpt":{"rendered":"<p>Unsere Familie vergr\u00f6\u00dfert sich und fliegt nach Essen. Piccini GmbH Der deutsche Markt war schon immer einer der bevorzugten internationalen Quadranten von Piccini 1882. Heute wird diese Zusammenarbeit durch die k\u00fcrzliche \u00dcbernahme der CIDE GmbH, einem wertvollen Partner bei der Entwicklung von Strategien f\u00fcr den deutschen Markt mit Sitz in Essen, weiter gest\u00e4rkt. Von nun [&hellip;]<\/p>\n","protected":false},"author":1,"featured_media":0,"parent":25386,"menu_order":0,"comment_status":"closed","ping_status":"closed","template":"","meta":{"_acf_changed":false,"footnotes":""},"class_list":["post-25506","page","type-page","status-publish","hentry"],"acf":[],"_links":{"self":[{"href":"https:\/\/www.piccini1882.it\/de\/wp-json\/wp\/v2\/pages\/25506","targetHints":{"allow":["GET"]}}],"collection":[{"href":"https:\/\/www.piccini1882.it\/de\/wp-json\/wp\/v2\/pages"}],"about":[{"href":"https:\/\/www.piccini1882.it\/de\/wp-json\/wp\/v2\/types\/page"}],"author":[{"embeddable":true,"href":"https:\/\/www.piccini1882.it\/de\/wp-json\/wp\/v2\/users\/1"}],"replies":[{"embeddable":true,"href":"https:\/\/www.piccini1882.it\/de\/wp-json\/wp\/v2\/comments?post=25506"}],"version-history":[{"count":34,"href":"https:\/\/www.piccini1882.it\/de\/wp-json\/wp\/v2\/pages\/25506\/revisions"}],"predecessor-version":[{"id":34773,"href":"https:\/\/www.piccini1882.it\/de\/wp-json\/wp\/v2\/pages\/25506\/revisions\/34773"}],"up":[{"embeddable":true,"href":"https:\/\/www.piccini1882.it\/de\/wp-json\/wp\/v2\/pages\/25386"}],"wp:attachment":[{"href":"https:\/\/www.piccini1882.it\/de\/wp-json\/wp\/v2\/media?parent=25506"}],"curies":[{"name":"wp","href":"https:\/\/api.w.org\/{rel}","templated":true}]}}