{"id":25567,"date":"2023-10-17T10:12:52","date_gmt":"2023-10-17T08:12:52","guid":{"rendered":"https:\/\/www.piccini1882.it\/nachhaltigkeit\/"},"modified":"2025-10-20T15:21:22","modified_gmt":"2025-10-20T13:21:22","slug":"nachhaltigkeit","status":"publish","type":"page","link":"https:\/\/www.piccini1882.it\/de\/nachhaltigkeit\/","title":{"rendered":"Nachhaltigkeit"},"content":{"rendered":"\t\t<div data-elementor-type=\"wp-page\" data-elementor-id=\"25567\" class=\"elementor elementor-25567 elementor-20248\" data-elementor-post-type=\"page\">\n\t\t\t\t<div class=\"elementor-element elementor-element-44a0db4 e-con-full e-flex e-con e-parent\" data-id=\"44a0db4\" data-element_type=\"container\" data-settings=\"{&quot;jet_parallax_layout_list&quot;:[]}\">\n\t\t\t\t<div class=\"elementor-element elementor-element-c066ec8 elementor-hidden-desktop elementor-hidden-laptop elementor-widget elementor-widget-image\" data-id=\"c066ec8\" data-element_type=\"widget\" data-widget_type=\"image.default\">\n\t\t\t\t<div class=\"elementor-widget-container\">\n\t\t\t\t\t\t\t\t\t\t\t\t\t\t\t<img decoding=\"async\" width=\"1080\" height=\"498\" src=\"https:\/\/www.piccini1882.it\/wp-content\/uploads\/2025\/02\/Banner-sustain-mobile-ITA-ENG-ok.jpg\" class=\"attachment-full size-full wp-image-27929\" alt=\"\" srcset=\"https:\/\/www.piccini1882.it\/wp-content\/uploads\/2025\/02\/Banner-sustain-mobile-ITA-ENG-ok.jpg 1080w, https:\/\/www.piccini1882.it\/wp-content\/uploads\/2025\/02\/Banner-sustain-mobile-ITA-ENG-ok-300x138.jpg 300w, https:\/\/www.piccini1882.it\/wp-content\/uploads\/2025\/02\/Banner-sustain-mobile-ITA-ENG-ok-1024x472.jpg 1024w, https:\/\/www.piccini1882.it\/wp-content\/uploads\/2025\/02\/Banner-sustain-mobile-ITA-ENG-ok-768x354.jpg 768w, https:\/\/www.piccini1882.it\/wp-content\/uploads\/2025\/02\/Banner-sustain-mobile-ITA-ENG-ok-800x369.jpg 800w\" sizes=\"(max-width: 1080px) 100vw, 1080px\" \/>\t\t\t\t\t\t\t\t\t\t\t\t\t\t\t<\/div>\n\t\t\t\t<\/div>\n\t\t\t\t<div class=\"elementor-element elementor-element-158a796 elementor-hidden-tablet_extra elementor-hidden-tablet elementor-hidden-mobile_extra elementor-hidden-mobile elementor-widget elementor-widget-image\" data-id=\"158a796\" data-element_type=\"widget\" data-widget_type=\"image.default\">\n\t\t\t\t<div class=\"elementor-widget-container\">\n\t\t\t\t\t\t\t\t\t\t\t\t\t\t\t<img decoding=\"async\" width=\"2560\" height=\"352\" src=\"https:\/\/www.piccini1882.it\/wp-content\/uploads\/2025\/02\/Banner-sostenibilita-desk-ITA-scaled-4.jpg\" class=\"attachment-full size-full wp-image-27912\" alt=\"\" srcset=\"https:\/\/www.piccini1882.it\/wp-content\/uploads\/2025\/02\/Banner-sostenibilita-desk-ITA-scaled-4.jpg 2560w, https:\/\/www.piccini1882.it\/wp-content\/uploads\/2025\/02\/Banner-sostenibilita-desk-ITA-scaled-4-300x41.jpg 300w, https:\/\/www.piccini1882.it\/wp-content\/uploads\/2025\/02\/Banner-sostenibilita-desk-ITA-scaled-4-1024x141.jpg 1024w, https:\/\/www.piccini1882.it\/wp-content\/uploads\/2025\/02\/Banner-sostenibilita-desk-ITA-scaled-4-768x106.jpg 768w, https:\/\/www.piccini1882.it\/wp-content\/uploads\/2025\/02\/Banner-sostenibilita-desk-ITA-scaled-4-1536x211.jpg 1536w, https:\/\/www.piccini1882.it\/wp-content\/uploads\/2025\/02\/Banner-sostenibilita-desk-ITA-scaled-4-2048x282.jpg 2048w, https:\/\/www.piccini1882.it\/wp-content\/uploads\/2025\/02\/Banner-sostenibilita-desk-ITA-scaled-4-800x110.jpg 800w\" sizes=\"(max-width: 2560px) 100vw, 2560px\" \/>\t\t\t\t\t\t\t\t\t\t\t\t\t\t\t<\/div>\n\t\t\t\t<\/div>\n\t\t\t\t<\/div>\n\t\t<div class=\"elementor-element elementor-element-22d3ea9 e-flex e-con-boxed e-con e-parent\" data-id=\"22d3ea9\" data-element_type=\"container\" data-settings=\"{&quot;jet_parallax_layout_list&quot;:[]}\">\n\t\t\t\t\t<div class=\"e-con-inner\">\n\t\t<div class=\"elementor-element elementor-element-f0c824f e-flex e-con-boxed e-con e-child\" data-id=\"f0c824f\" data-element_type=\"container\" data-settings=\"{&quot;jet_parallax_layout_list&quot;:[]}\">\n\t\t\t\t\t<div class=\"e-con-inner\">\n\t\t<div class=\"elementor-element elementor-element-a2c8cee e-con-full e-flex e-con e-child\" data-id=\"a2c8cee\" data-element_type=\"container\" data-settings=\"{&quot;jet_parallax_layout_list&quot;:[]}\">\n\t\t\t\t<div class=\"elementor-element elementor-element-fea22d5 subtitle-position-above elementor-widget__width-initial elementor-mobile-align-center elementor-widget-mobile__width-inherit elementor-widget-tablet__width-inherit elementor-align-center elementor-widget elementor-widget-hnice-heading\" data-id=\"fea22d5\" data-element_type=\"widget\" data-widget_type=\"hnice-heading.default\">\n\t\t\t\t<div class=\"elementor-widget-container\">\n\t\t\t\t\t<div class=\"elementor-heading-wrapper-inner\"><h2 class=\"elementor-heading-title elementor-size-default\">Nachhaltigkeit<\/h2><div class=\"elementor-sub-title\">PICCINI 1882<\/div><\/div>\t\t\t\t<\/div>\n\t\t\t\t<\/div>\n\t\t<div class=\"elementor-element elementor-element-f9caa34 e-con-full e-flex e-con e-child\" data-id=\"f9caa34\" data-element_type=\"container\" data-settings=\"{&quot;jet_parallax_layout_list&quot;:[]}\">\n\t\t\t\t<div class=\"elementor-element elementor-element-b15a7f6 elementor-widget-laptop__width-inherit elementor-widget__width-initial elementor-widget elementor-widget-text-editor\" data-id=\"b15a7f6\" data-element_type=\"widget\" data-widget_type=\"text-editor.default\">\n\t\t\t\t<div class=\"elementor-widget-container\">\n\t\t\t\t\t\t\t\t\t<p>Die Natur steht im Mittelpunkt unserer Arbeit. Wir kultivieren unsere Reben mit Respekt und befolgen nachhaltige Praktiken, die die Umwelt sch\u00fctzen und das Land verbessern. Wir glauben, dass ein gro\u00dfartiger Wein aus einem gesunden Land kommt, und deshalb bem\u00fchen wir uns jeden Tag, es f\u00fcr zuk\u00fcnftige Generationen zu erhalten.  <\/p>\t\t\t\t\t\t\t\t<\/div>\n\t\t\t\t<\/div>\n\t\t\t\t<\/div>\n\t\t\t\t<\/div>\n\t\t\t\t\t<\/div>\n\t\t\t\t<\/div>\n\t\t\t\t\t<\/div>\n\t\t\t\t<\/div>\n\t\t<div class=\"elementor-element elementor-element-409b861 e-flex e-con-boxed e-con e-parent\" data-id=\"409b861\" data-element_type=\"container\" data-settings=\"{&quot;jet_parallax_layout_list&quot;:[]}\">\n\t\t\t\t\t<div class=\"e-con-inner\">\n\t\t<div class=\"elementor-element elementor-element-a777683 e-flex e-con-boxed e-con e-child\" data-id=\"a777683\" data-element_type=\"container\" data-settings=\"{&quot;jet_parallax_layout_list&quot;:[]}\">\n\t\t\t\t\t<div class=\"e-con-inner\">\n\t\t\t\t<div class=\"elementor-element elementor-element-2ada239 elementor-widget elementor-widget-jet-portfolio\" data-id=\"2ada239\" data-element_type=\"widget\" data-settings=\"{&quot;columns&quot;:&quot;3&quot;,&quot;columns_mobile&quot;:&quot;1&quot;}\" data-widget_type=\"jet-portfolio.default\">\n\t\t\t\t<div class=\"elementor-widget-container\">\n\t\t\t\t\t<div class=\"elementor-jet-portfolio jet-elements\">\n<div class=\"jet-portfolio layout-type-grid preset-type-2 layout-desktop-column-3  layout-mobile-column-1\" data-settings=\"{&quot;layoutType&quot;:&quot;grid&quot;,&quot;perPage&quot;:10}\"><div class=\"jet-portfolio__filter\"><div class=\"jet-portfolio__filter-list\"><div class=\"jet-portfolio__filter-item active\" data-slug=\"all\"><span>Alle<\/span><\/div><span class=\"jet-portfolio__filter-item-separator jet-elements-icon\"><i aria-hidden=\"true\" class=\"fas fa-circle\"><\/i><\/span><div class=\"jet-portfolio__filter-item\" data-slug=\"fragebogen-zur-kollektivitaet\"><span>FRAGEBOGEN ZUR KOLLEKTIVIT\u00c4T<\/span><\/div><span class=\"jet-portfolio__filter-item-separator jet-elements-icon\"><i aria-hidden=\"true\" class=\"fas fa-circle\"><\/i><\/span><div class=\"jet-portfolio__filter-item\" data-slug=\"piccini-1882\"><span>PICCINI 1882<\/span><\/div><\/div><\/div><div class=\"jet-portfolio__list\"><article class=\"jet-portfolio__item visible-status\" data-slug=\"{&quot;0&quot;:&quot;all&quot;,&quot;1&quot;:&quot;fragebogen-zur-kollektivitaet&quot;}\">\n\t<div class=\"jet-portfolio__inner\">\n\t\t<a class=\"jet-portfolio__link \" target=\"_blank\" rel=\"nofollow\" href=\"https:\/\/www.piccini1882.it\/wp-content\/uploads\/2025\/02\/Questionario-collettivita-.pdf\">\n\t\t\t<div class=\"jet-portfolio__image\">\n\t\t\t\t<img decoding=\"async\" class=\"jet-portfolio__image-instance\" src=\"https:\/\/www.piccini1882.it\/wp-content\/uploads\/2025\/02\/Banner-sustain-mobile-ITA-ENG-ok.jpg\" width=\"1080\" height=\"498\"  alt=\"Banner---sustain---mobile---ITA-ENG-ok\" loading=\"lazy\">\t\t\t\t<div class=\"jet-portfolio__image-loader\"><span><\/span><\/div>\n\n\t\t\t\t\t\t\t\t\t<div class=\"jet-portfolio__cover\"><\/div>\n\t\t\t\t\t\t\t<\/div>\n\t\t<\/a>\n\t\t<div class=\"jet-portfolio__content\">\n\t\t\t<div class=\"jet-portfolio__content-inner\"><h4 class=\"jet-portfolio__title\">Nachbarschaftliche Beziehungen<\/h4><h6 class=\"jet-portfolio__category\">FRAGEBOGEN ZUR KOLLEKTIVIT\u00c4T<\/h6><p class=\"jet-portfolio__desc\">\n<\/p><a class=\"elementor-button elementor-size-md jet-portfolio__button\" href=\"https:\/\/www.piccini1882.it\/wp-content\/uploads\/2025\/02\/Questionario-collettivita-.pdf\" target=\"_blank\" rel=\"nofollow\"><span class=\"jet-portfolio__button-text\">PDF herunterladen<\/span><\/a><\/div>\n\t\t<\/div>\n\t<\/div>\n<\/article><article class=\"jet-portfolio__item visible-status\" data-slug=\"{&quot;0&quot;:&quot;all&quot;,&quot;1&quot;:&quot;piccini-1882&quot;}\">\n\t<div class=\"jet-portfolio__inner\">\n\t\t<a class=\"jet-portfolio__link \" target=\"_blank\" rel=\"nofollow\" href=\"https:\/\/www.piccini1882.it\/wp-content\/uploads\/2025\/02\/PICCINI-Bilancio-2022.pdf\">\n\t\t\t<div class=\"jet-portfolio__image\">\n\t\t\t\t<img decoding=\"async\" class=\"jet-portfolio__image-instance\" src=\"https:\/\/www.piccini1882.it\/wp-content\/uploads\/2025\/02\/Banner-sustain-mobile-ITA-ENG-ok.jpg\" width=\"1080\" height=\"498\"  alt=\"Banner---sustain---mobile---ITA-ENG-ok\" loading=\"lazy\">\t\t\t\t<div class=\"jet-portfolio__image-loader\"><span><\/span><\/div>\n\n\t\t\t\t\t\t\t\t\t<div class=\"jet-portfolio__cover\"><\/div>\n\t\t\t\t\t\t\t<\/div>\n\t\t<\/a>\n\t\t<div class=\"jet-portfolio__content\">\n\t\t\t<div class=\"jet-portfolio__content-inner\"><h4 class=\"jet-portfolio__title\">Nachhaltigkeitsbericht 2022<\/h4><h6 class=\"jet-portfolio__category\">PICCINI 1882<\/h6><p class=\"jet-portfolio__desc\">\n<\/p><a class=\"elementor-button elementor-size-md jet-portfolio__button\" href=\"https:\/\/www.piccini1882.it\/wp-content\/uploads\/2025\/02\/PICCINI-Bilancio-2022.pdf\" target=\"_blank\" rel=\"nofollow\"><span class=\"jet-portfolio__button-text\">PDF herunterladen<\/span><\/a><\/div>\n\t\t<\/div>\n\t<\/div>\n<\/article><article class=\"jet-portfolio__item visible-status\" data-slug=\"{&quot;0&quot;:&quot;all&quot;,&quot;1&quot;:&quot;piccini-1882&quot;}\">\n\t<div class=\"jet-portfolio__inner\">\n\t\t<a class=\"jet-portfolio__link \" target=\"_blank\" rel=\"nofollow\" href=\"https:\/\/www.piccini1882.it\/wp-content\/uploads\/2025\/02\/PICCINI-Bilancio-2023-DIGITALE_singole.pdf\">\n\t\t\t<div class=\"jet-portfolio__image\">\n\t\t\t\t<img decoding=\"async\" class=\"jet-portfolio__image-instance\" src=\"https:\/\/www.piccini1882.it\/wp-content\/uploads\/2025\/02\/Banner-sustain-mobile-ITA-ENG-ok.jpg\" width=\"1080\" height=\"498\"  alt=\"Banner---sustain---mobile---ITA-ENG-ok\" loading=\"lazy\">\t\t\t\t<div class=\"jet-portfolio__image-loader\"><span><\/span><\/div>\n\n\t\t\t\t\t\t\t\t\t<div class=\"jet-portfolio__cover\"><\/div>\n\t\t\t\t\t\t\t<\/div>\n\t\t<\/a>\n\t\t<div class=\"jet-portfolio__content\">\n\t\t\t<div class=\"jet-portfolio__content-inner\"><h4 class=\"jet-portfolio__title\">Nachhaltigkeitsbericht 2023<\/h4><h6 class=\"jet-portfolio__category\">PICCINI 1882<\/h6><p class=\"jet-portfolio__desc\">\n<\/p><a class=\"elementor-button elementor-size-md jet-portfolio__button\" href=\"https:\/\/www.piccini1882.it\/wp-content\/uploads\/2025\/02\/PICCINI-Bilancio-2023-DIGITALE_singole.pdf\" target=\"_blank\" rel=\"nofollow\"><span class=\"jet-portfolio__button-text\">PDF herunterladen<\/span><\/a><\/div>\n\t\t<\/div>\n\t<\/div>\n<\/article><article class=\"jet-portfolio__item visible-status\" data-slug=\"{&quot;0&quot;:&quot;all&quot;,&quot;1&quot;:&quot;piccini-1882&quot;}\">\n\t<div class=\"jet-portfolio__inner\">\n\t\t<a class=\"jet-portfolio__link \" target=\"_blank\" rel=\"nofollow\" href=\"https:\/\/www.piccini1882.it\/wp-content\/uploads\/2025\/02\/PICCINI-Bilancio-2024.pdf\">\n\t\t\t<div class=\"jet-portfolio__image\">\n\t\t\t\t<img decoding=\"async\" class=\"jet-portfolio__image-instance\" src=\"https:\/\/www.piccini1882.it\/wp-content\/uploads\/2025\/02\/Banner-sustain-mobile-ITA-ENG-ok.jpg\" width=\"1080\" height=\"498\"  alt=\"Banner---sustain---mobile---ITA-ENG-ok\" loading=\"lazy\">\t\t\t\t<div class=\"jet-portfolio__image-loader\"><span><\/span><\/div>\n\n\t\t\t\t\t\t\t\t\t<div class=\"jet-portfolio__cover\"><\/div>\n\t\t\t\t\t\t\t<\/div>\n\t\t<\/a>\n\t\t<div class=\"jet-portfolio__content\">\n\t\t\t<div class=\"jet-portfolio__content-inner\"><h4 class=\"jet-portfolio__title\">Nachhaltigkeitsbericht 2024<\/h4><h6 class=\"jet-portfolio__category\">PICCINI 1882<\/h6><p class=\"jet-portfolio__desc\">\n<\/p><a class=\"elementor-button elementor-size-md jet-portfolio__button\" href=\"https:\/\/www.piccini1882.it\/wp-content\/uploads\/2025\/02\/PICCINI-Bilancio-2024.pdf\" target=\"_blank\" rel=\"nofollow\"><span class=\"jet-portfolio__button-text\">PDF herunterladen<\/span><\/a><\/div>\n\t\t<\/div>\n\t<\/div>\n<\/article><\/div><div class=\"jet-portfolio__view-more hidden-status\"><div class=\"elementor-button elementor-size-md jet-portfolio__view-more-button\">Mehr hochladen<\/div><\/div><\/div>\n<\/div>\t\t\t\t<\/div>\n\t\t\t\t<\/div>\n\t\t\t\t\t<\/div>\n\t\t\t\t<\/div>\n\t\t\t\t\t<\/div>\n\t\t\t\t<\/div>\n\t\t\t\t<\/div>\n\t\t","protected":false},"excerpt":{"rendered":"<p>Nachhaltigkeit PICCINI 1882 Die Natur steht im Mittelpunkt unserer Arbeit. Wir kultivieren unsere Reben mit Respekt und befolgen nachhaltige Praktiken, die die Umwelt sch\u00fctzen und das Land verbessern. Wir glauben, dass ein gro\u00dfartiger Wein aus einem gesunden Land kommt, und deshalb bem\u00fchen wir uns jeden Tag, es f\u00fcr zuk\u00fcnftige Generationen zu erhalten. AlleFRAGEBOGEN ZUR KOLLEKTIVIT\u00c4TPICCINI [&hellip;]<\/p>\n","protected":false},"author":1,"featured_media":0,"parent":0,"menu_order":0,"comment_status":"closed","ping_status":"closed","template":"","meta":{"_acf_changed":false,"footnotes":""},"class_list":["post-25567","page","type-page","status-publish","hentry"],"acf":[],"_links":{"self":[{"href":"https:\/\/www.piccini1882.it\/de\/wp-json\/wp\/v2\/pages\/25567","targetHints":{"allow":["GET"]}}],"collection":[{"href":"https:\/\/www.piccini1882.it\/de\/wp-json\/wp\/v2\/pages"}],"about":[{"href":"https:\/\/www.piccini1882.it\/de\/wp-json\/wp\/v2\/types\/page"}],"author":[{"embeddable":true,"href":"https:\/\/www.piccini1882.it\/de\/wp-json\/wp\/v2\/users\/1"}],"replies":[{"embeddable":true,"href":"https:\/\/www.piccini1882.it\/de\/wp-json\/wp\/v2\/comments?post=25567"}],"version-history":[{"count":13,"href":"https:\/\/www.piccini1882.it\/de\/wp-json\/wp\/v2\/pages\/25567\/revisions"}],"predecessor-version":[{"id":34258,"href":"https:\/\/www.piccini1882.it\/de\/wp-json\/wp\/v2\/pages\/25567\/revisions\/34258"}],"wp:attachment":[{"href":"https:\/\/www.piccini1882.it\/de\/wp-json\/wp\/v2\/media?parent=25567"}],"curies":[{"name":"wp","href":"https:\/\/api.w.org\/{rel}","templated":true}]}}