{"id":31195,"date":"2025-03-31T16:11:46","date_gmt":"2025-03-31T14:11:46","guid":{"rendered":"https:\/\/www.piccini1882.it\/?page_id=31195"},"modified":"2025-04-16T13:54:15","modified_gmt":"2025-04-16T11:54:15","slug":"verantwortungsvolle-lieferketten-4","status":"publish","type":"page","link":"https:\/\/www.piccini1882.it\/de\/presseraum-3\/verantwortungsvolle-lieferketten-4\/","title":{"rendered":"Wein liebt Essen, die Kunst des Zusammenspiels"},"content":{"rendered":"\t\t<div data-elementor-type=\"wp-page\" data-elementor-id=\"31195\" class=\"elementor elementor-31195 elementor-31194\" data-elementor-post-type=\"page\">\n\t\t\t\t<div class=\"elementor-element elementor-element-2b4da6f e-con-full e-flex e-con e-parent\" data-id=\"2b4da6f\" data-element_type=\"container\" data-settings=\"{&quot;jet_parallax_layout_list&quot;:[]}\">\n\t\t\t\t<div class=\"elementor-element elementor-element-f2b2bb5 elementor-widget elementor-widget-image\" data-id=\"f2b2bb5\" data-element_type=\"widget\" data-widget_type=\"image.default\">\n\t\t\t\t<div class=\"elementor-widget-container\">\n\t\t\t\t\t\t\t\t\t\t\t\t\t\t\t<img decoding=\"async\" width=\"2560\" height=\"1049\" src=\"https:\/\/www.piccini1882.it\/wp-content\/uploads\/2025\/04\/Castellina-2.jpg\" class=\"attachment-full size-full wp-image-32108\" alt=\"\" srcset=\"https:\/\/www.piccini1882.it\/wp-content\/uploads\/2025\/04\/Castellina-2.jpg 2560w, https:\/\/www.piccini1882.it\/wp-content\/uploads\/2025\/04\/Castellina-2-300x123.jpg 300w, https:\/\/www.piccini1882.it\/wp-content\/uploads\/2025\/04\/Castellina-2-1024x420.jpg 1024w, https:\/\/www.piccini1882.it\/wp-content\/uploads\/2025\/04\/Castellina-2-768x315.jpg 768w, https:\/\/www.piccini1882.it\/wp-content\/uploads\/2025\/04\/Castellina-2-1536x629.jpg 1536w, https:\/\/www.piccini1882.it\/wp-content\/uploads\/2025\/04\/Castellina-2-2048x839.jpg 2048w, https:\/\/www.piccini1882.it\/wp-content\/uploads\/2025\/04\/Castellina-2-800x328.jpg 800w\" sizes=\"(max-width: 2560px) 100vw, 2560px\" \/>\t\t\t\t\t\t\t\t\t\t\t\t\t\t\t<\/div>\n\t\t\t\t<\/div>\n\t\t\t\t<\/div>\n\t\t<div class=\"elementor-element elementor-element-b953de1 e-flex e-con-boxed e-con e-parent\" data-id=\"b953de1\" data-element_type=\"container\" data-settings=\"{&quot;jet_parallax_layout_list&quot;:[]}\">\n\t\t\t\t\t<div class=\"e-con-inner\">\n\t\t<div class=\"elementor-element elementor-element-bf12ac8 e-con-full e-flex e-con e-child\" data-id=\"bf12ac8\" data-element_type=\"container\" data-settings=\"{&quot;jet_parallax_layout_list&quot;:[]}\">\n\t\t<div class=\"elementor-element elementor-element-8f9e331 e-flex e-con-boxed e-con e-child\" data-id=\"8f9e331\" data-element_type=\"container\" data-settings=\"{&quot;jet_parallax_layout_list&quot;:[]}\">\n\t\t\t\t\t<div class=\"e-con-inner\">\n\t\t<div class=\"elementor-element elementor-element-2672f42 e-con-full e-flex e-con e-child\" data-id=\"2672f42\" data-element_type=\"container\" data-settings=\"{&quot;jet_parallax_layout_list&quot;:[]}\">\n\t\t\t\t<div class=\"elementor-element elementor-element-93a40c7 subtitle-position-above elementor-widget__width-initial elementor-mobile-align-center elementor-widget-mobile__width-inherit elementor-widget-tablet__width-inherit elementor-align-center elementor-widget elementor-widget-hnice-heading\" data-id=\"93a40c7\" data-element_type=\"widget\" data-widget_type=\"hnice-heading.default\">\n\t\t\t\t<div class=\"elementor-widget-container\">\n\t\t\t\t\t<div class=\"elementor-heading-wrapper-inner\"><h2 class=\"elementor-heading-title elementor-size-default\">Wein liebt Essen:<br> \ndie Kunst des Zusammenspiels<\/h2><div class=\"elementor-sub-title\">CASTELLINA IN CHIANTI<\/div><\/div>\t\t\t\t<\/div>\n\t\t\t\t<\/div>\n\t\t<div class=\"elementor-element elementor-element-d0be2ac e-con-full e-flex e-con e-child\" data-id=\"d0be2ac\" data-element_type=\"container\" data-settings=\"{&quot;jet_parallax_layout_list&quot;:[]}\">\n\t\t\t\t<div class=\"elementor-element elementor-element-7504946 elementor-widget-laptop__width-inherit elementor-widget elementor-widget-text-editor\" data-id=\"7504946\" data-element_type=\"widget\" data-widget_type=\"text-editor.default\">\n\t\t\t\t<div class=\"elementor-widget-container\">\n\t\t\t\t\t\t\t\t\t<h5>Lernen Sie Tricks und Geheimnisse, wie Sie den richtigen Wein <br> zu den von Ihnen bevorzugten Speisen finden.<\/h5>\t\t\t\t\t\t\t\t<\/div>\n\t\t\t\t<\/div>\n\t\t\t\t<div class=\"elementor-element elementor-element-90da7c6 elementor-widget-laptop__width-inherit elementor-widget elementor-widget-text-editor\" data-id=\"90da7c6\" data-element_type=\"widget\" data-widget_type=\"text-editor.default\">\n\t\t\t\t<div class=\"elementor-widget-container\">\n\t\t\t\t\t\t\t\t\t<strong>Entdecken Sie das Geheimnis, wie Sie jedes gastronomische Erlebnis <br>mit der richtigen Kombination von Wein und Speisen aufwerten k\u00f6nnen!  <\/strong><br><br>\nW\u00e4hrend dieser interaktiven und fesselnden Erfahrung werden Sie drei grundlegende Techniken zur Herstellung harmonischer Weinkombinationen kennenlernen. Wir werden f\u00fcnf ausgew\u00e4hlte Weine verkosten, von eleganten toskanischen Schaumweinen bis hin zu vollmundigen Wei\u00df-, Ros\u00e9- und Rotweinen, jeweils begleitet von regionalen Spezialit\u00e4ten wie K\u00e4se, Wurstwaren und anderen lokalen K\u00f6stlichkeiten. \n\nUnter der Leitung unserer Experten lernen Sie, wie sich die Aromen gegenseitig beeinflussen und wie Sie den idealen Wein f\u00fcr jedes Gericht ausw\u00e4hlen. Ein unverzichtbares Erlebnis f\u00fcr Liebhaber von Wein und gutem Essen, bei dem jeder Geschmack eine sensorische Reise in die Tradition und den Genuss ist. \n<br><br>Verkosten Sie eine Auswahl von Weinen, lernen Sie Techniken und Tricks der Weinkombination, genie\u00dfen Sie perfekte Kombinationen und entdecken Sie originelle toskanische K\u00f6stlichkeiten.\t\t\t\t\t\t\t\t<\/div>\n\t\t\t\t<\/div>\n\t\t\t\t<div class=\"elementor-element elementor-element-46eb254 elementor-widget-laptop__width-inherit elementor-hidden-desktop elementor-hidden-laptop elementor-widget elementor-widget-text-editor\" data-id=\"46eb254\" data-element_type=\"widget\" data-widget_type=\"text-editor.default\">\n\t\t\t\t<div class=\"elementor-widget-container\">\n\t\t\t\t\t\t\t\t\t<strong>WO?<br>  <\/strong><a href=\"https:\/\/maps.app.goo.gl\/iar315uXa6B5n6re8\" target=\"_blank\" rel=\"noopener\">GEOGRAFISCHES CASTELLINA, LOC. <\/a>\t\t\t\t\t\t\t\t<\/div>\n\t\t\t\t<\/div>\n\t\t\t\t<div class=\"elementor-element elementor-element-e258b06 elementor-widget-laptop__width-inherit elementor-hidden-tablet_extra elementor-hidden-tablet elementor-hidden-mobile_extra elementor-hidden-mobile elementor-widget elementor-widget-text-editor\" data-id=\"e258b06\" data-element_type=\"widget\" data-widget_type=\"text-editor.default\">\n\t\t\t\t<div class=\"elementor-widget-container\">\n\t\t\t\t\t\t\t\t\t<p><strong>WO?  <\/strong><a href=\"https:\/\/maps.app.goo.gl\/iar315uXa6B5n6re8\" target=\"_blank\" rel=\"noopener\">GEOGRAFISCHES CASTELLINA, LOC. <\/a><\/p>\t\t\t\t\t\t\t\t<\/div>\n\t\t\t\t<\/div>\n\t\t\t\t<div class=\"elementor-element elementor-element-1f3d3f7 elementor-align-center elementor-button-outline elementor-widget elementor-widget-button\" data-id=\"1f3d3f7\" data-element_type=\"widget\" data-widget_type=\"button.default\">\n\t\t\t\t<div class=\"elementor-widget-container\">\n\t\t\t\t\t\t\t\t\t<div class=\"elementor-button-wrapper\">\n\t\t\t\t\t<a class=\"elementor-button elementor-button-link elementor-size-sm\" href=\"https:\/\/fareharbor.com\/embeds\/book\/chiantigeografico\/items\/613544\/?full-items=yes&#038;flow=1348109\" target=\"_blank\" rel=\"noopener\">\n\t\t\t\t\t\t<span class=\"elementor-button-content-wrapper\">\n\t\t\t\t\t\t<span class=\"elementor-button-icon\">\n\t\t\t\t<i aria-hidden=\"true\" class=\"hnice-icon- hnice-icon-right-arrow\"><\/i>\t\t\t<\/span>\n\t\t\t\t\t\t\t\t\t<span class=\"elementor-button-text\">BUCHERLEBNIS<\/span>\n\t\t\t\t\t<\/span>\n\t\t\t\t\t<\/a>\n\t\t\t\t<\/div>\n\t\t\t\t\t\t\t\t<\/div>\n\t\t\t\t<\/div>\n\t\t\t\t<\/div>\n\t\t\t\t<\/div>\n\t\t\t\t\t<\/div>\n\t\t\t\t<\/div>\n\t\t\t\t<\/div>\n\t\t\t\t\t<\/div>\n\t\t\t\t<\/div>\n\t\t<div class=\"elementor-element elementor-element-aa9e1b9 e-con-full elementor-hidden-desktop elementor-hidden-laptop e-flex e-con e-parent\" data-id=\"aa9e1b9\" data-element_type=\"container\" data-settings=\"{&quot;jet_parallax_layout_list&quot;:[]}\">\n\t\t\t\t<div class=\"elementor-element elementor-element-802e37e elementor-widget-laptop__width-inherit elementor-widget elementor-widget-text-editor\" data-id=\"802e37e\" data-element_type=\"widget\" data-widget_type=\"text-editor.default\">\n\t\t\t\t<div class=\"elementor-widget-container\">\n\t\t\t\t\t\t\t\t\t<p><strong>L\u00c4NGE DER ERFAHRUNG: <\/strong>1 STUNDE<br><strong>WANN: <\/strong>VOM 1. MAI 2025 BIS 31. OKTOBER 2025<br><strong>TAGE UND ZEITEN: <\/strong>MONTAG BIS SAMSTAG UM 12 UHR<\/p>\t\t\t\t\t\t\t\t<\/div>\n\t\t\t\t<\/div>\n\t\t\t\t<\/div>\n\t\t<div class=\"elementor-element elementor-element-b26961e e-con-full elementor-hidden-tablet_extra elementor-hidden-tablet elementor-hidden-mobile_extra elementor-hidden-mobile e-flex e-con e-parent\" data-id=\"b26961e\" data-element_type=\"container\" data-settings=\"{&quot;jet_parallax_layout_list&quot;:[]}\">\n\t\t\t\t<div class=\"elementor-element elementor-element-8df2f5f elementor-widget-laptop__width-inherit elementor-widget elementor-widget-text-editor\" data-id=\"8df2f5f\" data-element_type=\"widget\" data-widget_type=\"text-editor.default\">\n\t\t\t\t<div class=\"elementor-widget-container\">\n\t\t\t\t\t\t\t\t\t<p><strong>L\u00c4NGE DER ERFAHRUNG: <\/strong>1 STUNDE <strong> | WANN: <\/strong>1. MAI 2025 BIS 31. OKTOBER 2025<strong> | TAGE UND ZEITEN: <\/strong>MONTAG BIS SAMSTAG UM 12 UHR<\/p>\t\t\t\t\t\t\t\t<\/div>\n\t\t\t\t<\/div>\n\t\t\t\t<\/div>\n\t\t<div class=\"elementor-element elementor-element-852f3f4 elementor-hidden-desktop elementor-hidden-laptop e-flex e-con-boxed e-con e-parent\" data-id=\"852f3f4\" data-element_type=\"container\" data-settings=\"{&quot;jet_parallax_layout_list&quot;:[]}\">\n\t\t\t\t\t<div class=\"e-con-inner\">\n\t\t<div class=\"elementor-element elementor-element-b010653 e-con-full e-flex e-con e-child\" data-id=\"b010653\" data-element_type=\"container\" data-settings=\"{&quot;jet_parallax_layout_list&quot;:[]}\">\n\t\t\t\t<div class=\"elementor-element elementor-element-5911ead elementor-widget elementor-widget-image\" data-id=\"5911ead\" data-element_type=\"widget\" data-widget_type=\"image.default\">\n\t\t\t\t<div class=\"elementor-widget-container\">\n\t\t\t\t\t\t\t\t\t\t\t\t\t\t\t<img decoding=\"async\" width=\"820\" height=\"500\" src=\"https:\/\/www.piccini1882.it\/wp-content\/uploads\/2025\/04\/abbinamenti-1-int.jpg\" class=\"attachment-large size-large wp-image-31781\" alt=\"\" srcset=\"https:\/\/www.piccini1882.it\/wp-content\/uploads\/2025\/04\/abbinamenti-1-int.jpg 820w, https:\/\/www.piccini1882.it\/wp-content\/uploads\/2025\/04\/abbinamenti-1-int-300x183.jpg 300w, https:\/\/www.piccini1882.it\/wp-content\/uploads\/2025\/04\/abbinamenti-1-int-768x468.jpg 768w, https:\/\/www.piccini1882.it\/wp-content\/uploads\/2025\/04\/abbinamenti-1-int-800x488.jpg 800w\" sizes=\"(max-width: 820px) 100vw, 820px\" \/>\t\t\t\t\t\t\t\t\t\t\t\t\t\t\t<\/div>\n\t\t\t\t<\/div>\n\t\t\t\t<\/div>\n\t\t<div class=\"elementor-element elementor-element-9480cef e-con-full e-flex e-con e-child\" data-id=\"9480cef\" data-element_type=\"container\" data-settings=\"{&quot;jet_parallax_layout_list&quot;:[]}\">\n\t\t\t\t<div class=\"elementor-element elementor-element-56bd373 elementor-widget elementor-widget-image\" data-id=\"56bd373\" data-element_type=\"widget\" data-widget_type=\"image.default\">\n\t\t\t\t<div class=\"elementor-widget-container\">\n\t\t\t\t\t\t\t\t\t\t\t\t\t\t\t<img decoding=\"async\" width=\"820\" height=\"500\" src=\"https:\/\/www.piccini1882.it\/wp-content\/uploads\/2025\/04\/abbinamenti-2-int.jpg\" class=\"attachment-large size-large wp-image-31785\" alt=\"\" srcset=\"https:\/\/www.piccini1882.it\/wp-content\/uploads\/2025\/04\/abbinamenti-2-int.jpg 820w, https:\/\/www.piccini1882.it\/wp-content\/uploads\/2025\/04\/abbinamenti-2-int-300x183.jpg 300w, https:\/\/www.piccini1882.it\/wp-content\/uploads\/2025\/04\/abbinamenti-2-int-768x468.jpg 768w, https:\/\/www.piccini1882.it\/wp-content\/uploads\/2025\/04\/abbinamenti-2-int-800x488.jpg 800w\" sizes=\"(max-width: 820px) 100vw, 820px\" \/>\t\t\t\t\t\t\t\t\t\t\t\t\t\t\t<\/div>\n\t\t\t\t<\/div>\n\t\t\t\t<\/div>\n\t\t<div class=\"elementor-element elementor-element-f3db159 e-con-full e-flex e-con e-child\" data-id=\"f3db159\" data-element_type=\"container\" data-settings=\"{&quot;jet_parallax_layout_list&quot;:[]}\">\n\t\t\t\t<div class=\"elementor-element elementor-element-1eb331c elementor-widget elementor-widget-image\" data-id=\"1eb331c\" data-element_type=\"widget\" data-widget_type=\"image.default\">\n\t\t\t\t<div class=\"elementor-widget-container\">\n\t\t\t\t\t\t\t\t\t\t\t\t\t\t\t<img decoding=\"async\" width=\"820\" height=\"500\" src=\"https:\/\/www.piccini1882.it\/wp-content\/uploads\/2025\/04\/abbinamenti-3-int.jpg\" class=\"attachment-large size-large wp-image-31790\" alt=\"\" srcset=\"https:\/\/www.piccini1882.it\/wp-content\/uploads\/2025\/04\/abbinamenti-3-int.jpg 820w, https:\/\/www.piccini1882.it\/wp-content\/uploads\/2025\/04\/abbinamenti-3-int-300x183.jpg 300w, https:\/\/www.piccini1882.it\/wp-content\/uploads\/2025\/04\/abbinamenti-3-int-768x468.jpg 768w, https:\/\/www.piccini1882.it\/wp-content\/uploads\/2025\/04\/abbinamenti-3-int-800x488.jpg 800w\" sizes=\"(max-width: 820px) 100vw, 820px\" \/>\t\t\t\t\t\t\t\t\t\t\t\t\t\t\t<\/div>\n\t\t\t\t<\/div>\n\t\t\t\t<\/div>\n\t\t\t\t\t<\/div>\n\t\t\t\t<\/div>\n\t\t<div class=\"elementor-element elementor-element-c299126 elementor-hidden-tablet_extra elementor-hidden-tablet elementor-hidden-mobile_extra elementor-hidden-mobile e-con-full e-flex e-con e-parent\" data-id=\"c299126\" data-element_type=\"container\" data-settings=\"{&quot;jet_parallax_layout_list&quot;:[]}\">\n\t\t<div class=\"elementor-element elementor-element-e74fbc9 e-con-full e-flex e-con e-child\" data-id=\"e74fbc9\" data-element_type=\"container\" data-settings=\"{&quot;jet_parallax_layout_list&quot;:[]}\">\n\t\t\t\t<div class=\"elementor-element elementor-element-e58e0f8 elementor-widget elementor-widget-image\" data-id=\"e58e0f8\" data-element_type=\"widget\" data-widget_type=\"image.default\">\n\t\t\t\t<div class=\"elementor-widget-container\">\n\t\t\t\t\t\t\t\t\t\t\t\t\t\t\t<img decoding=\"async\" width=\"820\" height=\"500\" src=\"https:\/\/www.piccini1882.it\/wp-content\/uploads\/2025\/04\/abbinamenti-1-int.jpg\" class=\"attachment-large size-large wp-image-31781\" alt=\"\" srcset=\"https:\/\/www.piccini1882.it\/wp-content\/uploads\/2025\/04\/abbinamenti-1-int.jpg 820w, https:\/\/www.piccini1882.it\/wp-content\/uploads\/2025\/04\/abbinamenti-1-int-300x183.jpg 300w, https:\/\/www.piccini1882.it\/wp-content\/uploads\/2025\/04\/abbinamenti-1-int-768x468.jpg 768w, https:\/\/www.piccini1882.it\/wp-content\/uploads\/2025\/04\/abbinamenti-1-int-800x488.jpg 800w\" sizes=\"(max-width: 820px) 100vw, 820px\" \/>\t\t\t\t\t\t\t\t\t\t\t\t\t\t\t<\/div>\n\t\t\t\t<\/div>\n\t\t\t\t<\/div>\n\t\t<div class=\"elementor-element elementor-element-684ee6d e-con-full e-flex e-con e-child\" data-id=\"684ee6d\" data-element_type=\"container\" data-settings=\"{&quot;jet_parallax_layout_list&quot;:[]}\">\n\t\t\t\t<div class=\"elementor-element elementor-element-52633fb elementor-widget elementor-widget-image\" data-id=\"52633fb\" data-element_type=\"widget\" data-widget_type=\"image.default\">\n\t\t\t\t<div class=\"elementor-widget-container\">\n\t\t\t\t\t\t\t\t\t\t\t\t\t\t\t<img decoding=\"async\" width=\"820\" height=\"500\" src=\"https:\/\/www.piccini1882.it\/wp-content\/uploads\/2025\/04\/abbinamenti-2-int.jpg\" class=\"attachment-large size-large wp-image-31785\" alt=\"\" srcset=\"https:\/\/www.piccini1882.it\/wp-content\/uploads\/2025\/04\/abbinamenti-2-int.jpg 820w, https:\/\/www.piccini1882.it\/wp-content\/uploads\/2025\/04\/abbinamenti-2-int-300x183.jpg 300w, https:\/\/www.piccini1882.it\/wp-content\/uploads\/2025\/04\/abbinamenti-2-int-768x468.jpg 768w, https:\/\/www.piccini1882.it\/wp-content\/uploads\/2025\/04\/abbinamenti-2-int-800x488.jpg 800w\" sizes=\"(max-width: 820px) 100vw, 820px\" \/>\t\t\t\t\t\t\t\t\t\t\t\t\t\t\t<\/div>\n\t\t\t\t<\/div>\n\t\t\t\t<\/div>\n\t\t<div class=\"elementor-element elementor-element-b776bd1 e-con-full e-flex e-con e-child\" data-id=\"b776bd1\" data-element_type=\"container\" data-settings=\"{&quot;jet_parallax_layout_list&quot;:[]}\">\n\t\t\t\t<div class=\"elementor-element elementor-element-de478e7 elementor-widget elementor-widget-image\" data-id=\"de478e7\" data-element_type=\"widget\" data-widget_type=\"image.default\">\n\t\t\t\t<div class=\"elementor-widget-container\">\n\t\t\t\t\t\t\t\t\t\t\t\t\t\t\t<img decoding=\"async\" width=\"820\" height=\"500\" src=\"https:\/\/www.piccini1882.it\/wp-content\/uploads\/2025\/04\/abbinamenti-3-int.jpg\" class=\"attachment-large size-large wp-image-31790\" alt=\"\" srcset=\"https:\/\/www.piccini1882.it\/wp-content\/uploads\/2025\/04\/abbinamenti-3-int.jpg 820w, https:\/\/www.piccini1882.it\/wp-content\/uploads\/2025\/04\/abbinamenti-3-int-300x183.jpg 300w, https:\/\/www.piccini1882.it\/wp-content\/uploads\/2025\/04\/abbinamenti-3-int-768x468.jpg 768w, https:\/\/www.piccini1882.it\/wp-content\/uploads\/2025\/04\/abbinamenti-3-int-800x488.jpg 800w\" sizes=\"(max-width: 820px) 100vw, 820px\" \/>\t\t\t\t\t\t\t\t\t\t\t\t\t\t\t<\/div>\n\t\t\t\t<\/div>\n\t\t\t\t<\/div>\n\t\t\t\t<\/div>\n\t\t\t\t<\/div>\n\t\t","protected":false},"excerpt":{"rendered":"<p>Wein liebt Essen: die Kunst des Zusammenspiels CASTELLINA IN CHIANTI Lernen Sie Tricks und Geheimnisse, wie Sie den richtigen Wein zu den von Ihnen bevorzugten Speisen finden. Entdecken Sie das Geheimnis, wie Sie jedes gastronomische Erlebnis mit der richtigen Kombination von Wein und Speisen aufwerten k\u00f6nnen! W\u00e4hrend dieser interaktiven und fesselnden Erfahrung werden Sie drei [&hellip;]<\/p>\n","protected":false},"author":1,"featured_media":0,"parent":31179,"menu_order":0,"comment_status":"closed","ping_status":"closed","template":"","meta":{"_acf_changed":false,"footnotes":""},"class_list":["post-31195","page","type-page","status-publish","hentry"],"acf":[],"_links":{"self":[{"href":"https:\/\/www.piccini1882.it\/de\/wp-json\/wp\/v2\/pages\/31195","targetHints":{"allow":["GET"]}}],"collection":[{"href":"https:\/\/www.piccini1882.it\/de\/wp-json\/wp\/v2\/pages"}],"about":[{"href":"https:\/\/www.piccini1882.it\/de\/wp-json\/wp\/v2\/types\/page"}],"author":[{"embeddable":true,"href":"https:\/\/www.piccini1882.it\/de\/wp-json\/wp\/v2\/users\/1"}],"replies":[{"embeddable":true,"href":"https:\/\/www.piccini1882.it\/de\/wp-json\/wp\/v2\/comments?post=31195"}],"version-history":[{"count":7,"href":"https:\/\/www.piccini1882.it\/de\/wp-json\/wp\/v2\/pages\/31195\/revisions"}],"predecessor-version":[{"id":32622,"href":"https:\/\/www.piccini1882.it\/de\/wp-json\/wp\/v2\/pages\/31195\/revisions\/32622"}],"up":[{"embeddable":true,"href":"https:\/\/www.piccini1882.it\/de\/wp-json\/wp\/v2\/pages\/31179"}],"wp:attachment":[{"href":"https:\/\/www.piccini1882.it\/de\/wp-json\/wp\/v2\/media?parent=31195"}],"curies":[{"name":"wp","href":"https:\/\/api.w.org\/{rel}","templated":true}]}}