{"id":31203,"date":"2025-03-31T16:11:45","date_gmt":"2025-03-31T14:11:45","guid":{"rendered":"https:\/\/www.piccini1882.it\/?page_id=31203"},"modified":"2025-04-16T13:56:43","modified_gmt":"2025-04-16T11:56:43","slug":"verantwortungsvolle-lieferketten-2","status":"publish","type":"page","link":"https:\/\/www.piccini1882.it\/de\/presseraum-3\/verantwortungsvolle-lieferketten-2\/","title":{"rendered":"K\u00f6nige der Toskana &#8211; Castellina"},"content":{"rendered":"\t\t<div data-elementor-type=\"wp-page\" data-elementor-id=\"31203\" class=\"elementor elementor-31203 elementor-31202\" data-elementor-post-type=\"page\">\n\t\t\t\t<div class=\"elementor-element elementor-element-52ce16a e-con-full e-flex e-con e-parent\" data-id=\"52ce16a\" data-element_type=\"container\" data-settings=\"{&quot;jet_parallax_layout_list&quot;:[]}\">\n\t\t\t\t<div class=\"elementor-element elementor-element-4f8176d elementor-widget elementor-widget-image\" data-id=\"4f8176d\" data-element_type=\"widget\" data-widget_type=\"image.default\">\n\t\t\t\t<div class=\"elementor-widget-container\">\n\t\t\t\t\t\t\t\t\t\t\t\t\t\t\t<img decoding=\"async\" width=\"2560\" height=\"1049\" src=\"https:\/\/www.piccini1882.it\/wp-content\/uploads\/2025\/04\/king-of-tuscany-copertinamobile-exper.jpg\" class=\"attachment-full size-full wp-image-31759\" alt=\"\" srcset=\"https:\/\/www.piccini1882.it\/wp-content\/uploads\/2025\/04\/king-of-tuscany-copertinamobile-exper.jpg 2560w, https:\/\/www.piccini1882.it\/wp-content\/uploads\/2025\/04\/king-of-tuscany-copertinamobile-exper-300x123.jpg 300w, https:\/\/www.piccini1882.it\/wp-content\/uploads\/2025\/04\/king-of-tuscany-copertinamobile-exper-1024x420.jpg 1024w, https:\/\/www.piccini1882.it\/wp-content\/uploads\/2025\/04\/king-of-tuscany-copertinamobile-exper-768x315.jpg 768w, https:\/\/www.piccini1882.it\/wp-content\/uploads\/2025\/04\/king-of-tuscany-copertinamobile-exper-1536x629.jpg 1536w, https:\/\/www.piccini1882.it\/wp-content\/uploads\/2025\/04\/king-of-tuscany-copertinamobile-exper-2048x839.jpg 2048w, https:\/\/www.piccini1882.it\/wp-content\/uploads\/2025\/04\/king-of-tuscany-copertinamobile-exper-800x328.jpg 800w\" sizes=\"(max-width: 2560px) 100vw, 2560px\" \/>\t\t\t\t\t\t\t\t\t\t\t\t\t\t\t<\/div>\n\t\t\t\t<\/div>\n\t\t\t\t<\/div>\n\t\t<div class=\"elementor-element elementor-element-5ff977a e-flex e-con-boxed e-con e-parent\" data-id=\"5ff977a\" data-element_type=\"container\" data-settings=\"{&quot;jet_parallax_layout_list&quot;:[]}\">\n\t\t\t\t\t<div class=\"e-con-inner\">\n\t\t<div class=\"elementor-element elementor-element-37db0f5 e-con-full e-flex e-con e-child\" data-id=\"37db0f5\" data-element_type=\"container\" data-settings=\"{&quot;jet_parallax_layout_list&quot;:[]}\">\n\t\t<div class=\"elementor-element elementor-element-acc1678 e-flex e-con-boxed e-con e-child\" data-id=\"acc1678\" data-element_type=\"container\" data-settings=\"{&quot;jet_parallax_layout_list&quot;:[]}\">\n\t\t\t\t\t<div class=\"e-con-inner\">\n\t\t<div class=\"elementor-element elementor-element-6bb69be e-con-full e-flex e-con e-child\" data-id=\"6bb69be\" data-element_type=\"container\" data-settings=\"{&quot;jet_parallax_layout_list&quot;:[]}\">\n\t\t\t\t<div class=\"elementor-element elementor-element-5733ab2 subtitle-position-above elementor-widget__width-initial elementor-mobile-align-center elementor-widget-mobile__width-inherit elementor-widget-tablet__width-inherit elementor-align-center elementor-widget elementor-widget-hnice-heading\" data-id=\"5733ab2\" data-element_type=\"widget\" data-widget_type=\"hnice-heading.default\">\n\t\t\t\t<div class=\"elementor-widget-container\">\n\t\t\t\t\t<div class=\"elementor-heading-wrapper-inner\"><h2 class=\"elementor-heading-title elementor-size-default\">K\u00f6nige der Toskana<\/h2><div class=\"elementor-sub-title\">CASTELLINA IN CHIANTI<\/div><\/div>\t\t\t\t<\/div>\n\t\t\t\t<\/div>\n\t\t<div class=\"elementor-element elementor-element-2ff7f42 e-con-full e-flex e-con e-child\" data-id=\"2ff7f42\" data-element_type=\"container\" data-settings=\"{&quot;jet_parallax_layout_list&quot;:[]}\">\n\t\t\t\t<div class=\"elementor-element elementor-element-55e5285 elementor-widget-laptop__width-inherit elementor-widget elementor-widget-text-editor\" data-id=\"55e5285\" data-element_type=\"widget\" data-widget_type=\"text-editor.default\">\n\t\t\t\t<div class=\"elementor-widget-container\">\n\t\t\t\t\t\t\t\t\t<h5>Eine faszinierende Reise zwischen den f\u00fcnf Weinen, die die toskanische Eleganz symbolisieren<br>, die wie nie zuvor pr\u00e4sentiert wird.<\/h5>\t\t\t\t\t\t\t\t<\/div>\n\t\t\t\t<\/div>\n\t\t\t\t<div class=\"elementor-element elementor-element-98fc8dc elementor-widget-laptop__width-inherit elementor-widget elementor-widget-text-editor\" data-id=\"98fc8dc\" data-element_type=\"widget\" data-widget_type=\"text-editor.default\">\n\t\t\t\t<div class=\"elementor-widget-container\">\n\t\t\t\t\t\t\t\t\t<p><strong>Wir nehmen Sie mit auf eine k\u00f6nigliche Reise durch die ber\u00fchmtesten Weine der Toskana. Entdecken Sie die Nuancen von Eleganz und Kraft des Chianti Classico, Vino Nobile di Montepulciano, Brunello di Montalcino und Bolgheri. <\/strong><\/p><p>Diese Weine sind die wahren Ikonen des Gebiets, jeder mit seiner eigenen, unverwechselbaren Geschichte und seinem Charakter. Begleitet wird dieses einzigartige Erlebnis von k\u00f6stlichem Feinschmeckergeb\u00e4ck, das die Eigenschaften jedes Glases unterstreicht, und einer Hommage an die Tradition mit einer Verkostung des Vernaccia di San Gimignano, der wei\u00dfen Rebsorte f\u00fcr eine regionale K\u00f6nigin. <\/p><p>Lernen Sie die Geheimnisse dieser \u00f6nologischen Meisterwerke kennen und bereichern Sie Ihr Wissen mit faszinierenden Geschichten \u00fcber die Urspr\u00fcnge und die Entwicklung der K\u00f6nige der Toskana. Entdecken und genie\u00dfen Sie in einem einzigen Erlebnis alle gro\u00dfen toskanischen Weine, die die Geschichte des Geografico gepr\u00e4gt haben. <\/p><p>Buchen Sie jetzt und g\u00f6nnen Sie sich ein unwiederholbares Erlebnis im Herzen des Chianti.<\/p>\t\t\t\t\t\t\t\t<\/div>\n\t\t\t\t<\/div>\n\t\t\t\t<div class=\"elementor-element elementor-element-ebb2384 elementor-widget-laptop__width-inherit elementor-hidden-desktop elementor-hidden-laptop elementor-widget elementor-widget-text-editor\" data-id=\"ebb2384\" data-element_type=\"widget\" data-widget_type=\"text-editor.default\">\n\t\t\t\t<div class=\"elementor-widget-container\">\n\t\t\t\t\t\t\t\t\t<strong>WO?<br>  <\/strong><a href=\"https:\/\/maps.app.goo.gl\/iar315uXa6B5n6re8\" target=\"_blank\" rel=\"noopener\">CASTELLINA IN CHIANTI, LOC. PIAZZOLE, CASTELLINA IN CHIANTI <\/a>\t\t\t\t\t\t\t\t<\/div>\n\t\t\t\t<\/div>\n\t\t\t\t<div class=\"elementor-element elementor-element-b78cd98 elementor-widget-laptop__width-inherit elementor-hidden-tablet_extra elementor-hidden-tablet elementor-hidden-mobile_extra elementor-hidden-mobile elementor-widget elementor-widget-text-editor\" data-id=\"b78cd98\" data-element_type=\"widget\" data-widget_type=\"text-editor.default\">\n\t\t\t\t<div class=\"elementor-widget-container\">\n\t\t\t\t\t\t\t\t\t<p><strong>WO?  <\/strong><a href=\"https:\/\/maps.app.goo.gl\/iar315uXa6B5n6re8\" target=\"_blank\" rel=\"noopener\">GEOGRAFISCHES CASTELLINA, LOC. <\/a><\/p>\t\t\t\t\t\t\t\t<\/div>\n\t\t\t\t<\/div>\n\t\t\t\t<div class=\"elementor-element elementor-element-872647b elementor-align-center elementor-button-outline elementor-widget elementor-widget-button\" data-id=\"872647b\" data-element_type=\"widget\" data-widget_type=\"button.default\">\n\t\t\t\t<div class=\"elementor-widget-container\">\n\t\t\t\t\t\t\t\t\t<div class=\"elementor-button-wrapper\">\n\t\t\t\t\t<a class=\"elementor-button elementor-button-link elementor-size-sm\" href=\"https:\/\/fareharbor.com\/embeds\/book\/chiantigeografico\/items\/613545\/?full-items=yes&#038;flow=1349075\" target=\"_blank\" rel=\"noopener\">\n\t\t\t\t\t\t<span class=\"elementor-button-content-wrapper\">\n\t\t\t\t\t\t<span class=\"elementor-button-icon\">\n\t\t\t\t<i aria-hidden=\"true\" class=\"hnice-icon- hnice-icon-right-arrow\"><\/i>\t\t\t<\/span>\n\t\t\t\t\t\t\t\t\t<span class=\"elementor-button-text\">BUCHERLEBNIS<\/span>\n\t\t\t\t\t<\/span>\n\t\t\t\t\t<\/a>\n\t\t\t\t<\/div>\n\t\t\t\t\t\t\t\t<\/div>\n\t\t\t\t<\/div>\n\t\t\t\t<\/div>\n\t\t\t\t<\/div>\n\t\t\t\t\t<\/div>\n\t\t\t\t<\/div>\n\t\t\t\t<\/div>\n\t\t\t\t\t<\/div>\n\t\t\t\t<\/div>\n\t\t<div class=\"elementor-element elementor-element-5cd5ee3 e-con-full elementor-hidden-desktop elementor-hidden-laptop e-flex e-con e-parent\" data-id=\"5cd5ee3\" data-element_type=\"container\" data-settings=\"{&quot;jet_parallax_layout_list&quot;:[]}\">\n\t\t\t\t<div class=\"elementor-element elementor-element-125559d elementor-widget-laptop__width-inherit elementor-widget elementor-widget-text-editor\" data-id=\"125559d\" data-element_type=\"widget\" data-widget_type=\"text-editor.default\">\n\t\t\t\t<div class=\"elementor-widget-container\">\n\t\t\t\t\t\t\t\t\t<strong>L\u00c4NGE: <\/strong>2 STUNDEN<br> <strong>WANN: <\/strong>VOM 1. MAI 2025 BIS 31. OKTOBER 2025<br><strong>TAGE UND ZEITEN: <\/strong>MONTAG BIS FREITAG AB 16.00 Uhr.\t\t\t\t\t\t\t\t<\/div>\n\t\t\t\t<\/div>\n\t\t\t\t<\/div>\n\t\t<div class=\"elementor-element elementor-element-9725de3 e-con-full elementor-hidden-tablet_extra elementor-hidden-tablet elementor-hidden-mobile_extra elementor-hidden-mobile e-flex e-con e-parent\" data-id=\"9725de3\" data-element_type=\"container\" data-settings=\"{&quot;jet_parallax_layout_list&quot;:[]}\">\n\t\t\t\t<div class=\"elementor-element elementor-element-0bffd40 elementor-widget-laptop__width-inherit elementor-widget elementor-widget-text-editor\" data-id=\"0bffd40\" data-element_type=\"widget\" data-widget_type=\"text-editor.default\">\n\t\t\t\t<div class=\"elementor-widget-container\">\n\t\t\t\t\t\t\t\t\t<p><strong>ERLEBNISDAUER: <\/strong>1 STUNDE <strong> | WANN: <\/strong>1. MAI 2025 BIS 31. OKTOBER 2025<strong> | TAGE UND ZEITEN: <\/strong>MONTAG BIS SAMSTAG UM 11 UHR UND 15 UHR<\/p>\t\t\t\t\t\t\t\t<\/div>\n\t\t\t\t<\/div>\n\t\t\t\t<\/div>\n\t\t<div class=\"elementor-element elementor-element-73145d5 elementor-hidden-desktop elementor-hidden-laptop e-flex e-con-boxed e-con e-parent\" data-id=\"73145d5\" data-element_type=\"container\" data-settings=\"{&quot;jet_parallax_layout_list&quot;:[]}\">\n\t\t\t\t\t<div class=\"e-con-inner\">\n\t\t<div class=\"elementor-element elementor-element-a54f6c0 e-con-full e-flex e-con e-child\" data-id=\"a54f6c0\" data-element_type=\"container\" data-settings=\"{&quot;jet_parallax_layout_list&quot;:[]}\">\n\t\t\t\t<div class=\"elementor-element elementor-element-25b6a5e elementor-widget elementor-widget-image\" data-id=\"25b6a5e\" data-element_type=\"widget\" data-widget_type=\"image.default\">\n\t\t\t\t<div class=\"elementor-widget-container\">\n\t\t\t\t\t\t\t\t\t\t\t\t\t\t\t<img decoding=\"async\" width=\"820\" height=\"500\" src=\"https:\/\/www.piccini1882.it\/wp-content\/uploads\/2025\/04\/KOT-2-int.jpg\" class=\"attachment-large size-large wp-image-31806\" alt=\"\" srcset=\"https:\/\/www.piccini1882.it\/wp-content\/uploads\/2025\/04\/KOT-2-int.jpg 820w, https:\/\/www.piccini1882.it\/wp-content\/uploads\/2025\/04\/KOT-2-int-300x183.jpg 300w, https:\/\/www.piccini1882.it\/wp-content\/uploads\/2025\/04\/KOT-2-int-768x468.jpg 768w, https:\/\/www.piccini1882.it\/wp-content\/uploads\/2025\/04\/KOT-2-int-800x488.jpg 800w\" sizes=\"(max-width: 820px) 100vw, 820px\" \/>\t\t\t\t\t\t\t\t\t\t\t\t\t\t\t<\/div>\n\t\t\t\t<\/div>\n\t\t\t\t<\/div>\n\t\t<div class=\"elementor-element elementor-element-3f44c37 e-con-full e-flex e-con e-child\" data-id=\"3f44c37\" data-element_type=\"container\" data-settings=\"{&quot;jet_parallax_layout_list&quot;:[]}\">\n\t\t\t\t<div class=\"elementor-element elementor-element-b8bb7d4 elementor-widget elementor-widget-image\" data-id=\"b8bb7d4\" data-element_type=\"widget\" data-widget_type=\"image.default\">\n\t\t\t\t<div class=\"elementor-widget-container\">\n\t\t\t\t\t\t\t\t\t\t\t\t\t\t\t<img decoding=\"async\" width=\"820\" height=\"500\" src=\"https:\/\/www.piccini1882.it\/wp-content\/uploads\/2025\/04\/kot-3-int.jpg\" class=\"attachment-large size-large wp-image-31810\" alt=\"\" srcset=\"https:\/\/www.piccini1882.it\/wp-content\/uploads\/2025\/04\/kot-3-int.jpg 820w, https:\/\/www.piccini1882.it\/wp-content\/uploads\/2025\/04\/kot-3-int-300x183.jpg 300w, https:\/\/www.piccini1882.it\/wp-content\/uploads\/2025\/04\/kot-3-int-768x468.jpg 768w, https:\/\/www.piccini1882.it\/wp-content\/uploads\/2025\/04\/kot-3-int-800x488.jpg 800w\" sizes=\"(max-width: 820px) 100vw, 820px\" \/>\t\t\t\t\t\t\t\t\t\t\t\t\t\t\t<\/div>\n\t\t\t\t<\/div>\n\t\t\t\t<\/div>\n\t\t\t\t\t<\/div>\n\t\t\t\t<\/div>\n\t\t<div class=\"elementor-element elementor-element-fe0b403 elementor-hidden-tablet_extra elementor-hidden-tablet elementor-hidden-mobile_extra elementor-hidden-mobile e-con-full e-flex e-con e-parent\" data-id=\"fe0b403\" data-element_type=\"container\" data-settings=\"{&quot;jet_parallax_layout_list&quot;:[]}\">\n\t\t<div class=\"elementor-element elementor-element-c4a72c3 e-con-full e-flex e-con e-child\" data-id=\"c4a72c3\" data-element_type=\"container\" data-settings=\"{&quot;jet_parallax_layout_list&quot;:[]}\">\n\t\t\t\t<div class=\"elementor-element elementor-element-d20655d elementor-widget elementor-widget-image\" data-id=\"d20655d\" data-element_type=\"widget\" data-widget_type=\"image.default\">\n\t\t\t\t<div class=\"elementor-widget-container\">\n\t\t\t\t\t\t\t\t\t\t\t\t\t\t\t<img decoding=\"async\" width=\"820\" height=\"500\" src=\"https:\/\/www.piccini1882.it\/wp-content\/uploads\/2025\/04\/KOT-2-int.jpg\" class=\"attachment-large size-large wp-image-31806\" alt=\"\" srcset=\"https:\/\/www.piccini1882.it\/wp-content\/uploads\/2025\/04\/KOT-2-int.jpg 820w, https:\/\/www.piccini1882.it\/wp-content\/uploads\/2025\/04\/KOT-2-int-300x183.jpg 300w, https:\/\/www.piccini1882.it\/wp-content\/uploads\/2025\/04\/KOT-2-int-768x468.jpg 768w, https:\/\/www.piccini1882.it\/wp-content\/uploads\/2025\/04\/KOT-2-int-800x488.jpg 800w\" sizes=\"(max-width: 820px) 100vw, 820px\" \/>\t\t\t\t\t\t\t\t\t\t\t\t\t\t\t<\/div>\n\t\t\t\t<\/div>\n\t\t\t\t<\/div>\n\t\t<div class=\"elementor-element elementor-element-196b5a1 e-con-full e-flex e-con e-child\" data-id=\"196b5a1\" data-element_type=\"container\" data-settings=\"{&quot;jet_parallax_layout_list&quot;:[]}\">\n\t\t\t\t<div class=\"elementor-element elementor-element-84da929 elementor-widget elementor-widget-image\" data-id=\"84da929\" data-element_type=\"widget\" data-widget_type=\"image.default\">\n\t\t\t\t<div class=\"elementor-widget-container\">\n\t\t\t\t\t\t\t\t\t\t\t\t\t\t\t<img decoding=\"async\" width=\"820\" height=\"500\" src=\"https:\/\/www.piccini1882.it\/wp-content\/uploads\/2025\/04\/kot-3-int.jpg\" class=\"attachment-large size-large wp-image-31810\" alt=\"\" srcset=\"https:\/\/www.piccini1882.it\/wp-content\/uploads\/2025\/04\/kot-3-int.jpg 820w, https:\/\/www.piccini1882.it\/wp-content\/uploads\/2025\/04\/kot-3-int-300x183.jpg 300w, https:\/\/www.piccini1882.it\/wp-content\/uploads\/2025\/04\/kot-3-int-768x468.jpg 768w, https:\/\/www.piccini1882.it\/wp-content\/uploads\/2025\/04\/kot-3-int-800x488.jpg 800w\" sizes=\"(max-width: 820px) 100vw, 820px\" \/>\t\t\t\t\t\t\t\t\t\t\t\t\t\t\t<\/div>\n\t\t\t\t<\/div>\n\t\t\t\t<\/div>\n\t\t<div class=\"elementor-element elementor-element-9767da1 e-con-full e-flex e-con e-child\" data-id=\"9767da1\" data-element_type=\"container\" data-settings=\"{&quot;jet_parallax_layout_list&quot;:[]}\">\n\t\t\t\t<div class=\"elementor-element elementor-element-7b8b02d elementor-widget elementor-widget-image\" data-id=\"7b8b02d\" data-element_type=\"widget\" data-widget_type=\"image.default\">\n\t\t\t\t<div class=\"elementor-widget-container\">\n\t\t\t\t\t\t\t\t\t\t\t\t\t\t\t<img decoding=\"async\" width=\"820\" height=\"500\" src=\"https:\/\/www.piccini1882.it\/wp-content\/uploads\/2025\/04\/KOF-2.jpg\" class=\"attachment-large size-large wp-image-32191\" alt=\"\" srcset=\"https:\/\/www.piccini1882.it\/wp-content\/uploads\/2025\/04\/KOF-2.jpg 820w, https:\/\/www.piccini1882.it\/wp-content\/uploads\/2025\/04\/KOF-2-300x183.jpg 300w, https:\/\/www.piccini1882.it\/wp-content\/uploads\/2025\/04\/KOF-2-768x468.jpg 768w, https:\/\/www.piccini1882.it\/wp-content\/uploads\/2025\/04\/KOF-2-800x488.jpg 800w\" sizes=\"(max-width: 820px) 100vw, 820px\" \/>\t\t\t\t\t\t\t\t\t\t\t\t\t\t\t<\/div>\n\t\t\t\t<\/div>\n\t\t\t\t<\/div>\n\t\t\t\t<\/div>\n\t\t\t\t<\/div>\n\t\t","protected":false},"excerpt":{"rendered":"<p>K\u00f6nige der Toskana CASTELLINA IN CHIANTI Eine faszinierende Reise zwischen den f\u00fcnf Weinen, die die toskanische Eleganz symbolisieren, die wie nie zuvor pr\u00e4sentiert wird. Wir nehmen Sie mit auf eine k\u00f6nigliche Reise durch die ber\u00fchmtesten Weine der Toskana. Entdecken Sie die Nuancen von Eleganz und Kraft des Chianti Classico, Vino Nobile di Montepulciano, Brunello di [&hellip;]<\/p>\n","protected":false},"author":1,"featured_media":0,"parent":31179,"menu_order":0,"comment_status":"closed","ping_status":"closed","template":"","meta":{"_acf_changed":false,"footnotes":""},"class_list":["post-31203","page","type-page","status-publish","hentry"],"acf":[],"_links":{"self":[{"href":"https:\/\/www.piccini1882.it\/de\/wp-json\/wp\/v2\/pages\/31203","targetHints":{"allow":["GET"]}}],"collection":[{"href":"https:\/\/www.piccini1882.it\/de\/wp-json\/wp\/v2\/pages"}],"about":[{"href":"https:\/\/www.piccini1882.it\/de\/wp-json\/wp\/v2\/types\/page"}],"author":[{"embeddable":true,"href":"https:\/\/www.piccini1882.it\/de\/wp-json\/wp\/v2\/users\/1"}],"replies":[{"embeddable":true,"href":"https:\/\/www.piccini1882.it\/de\/wp-json\/wp\/v2\/comments?post=31203"}],"version-history":[{"count":7,"href":"https:\/\/www.piccini1882.it\/de\/wp-json\/wp\/v2\/pages\/31203\/revisions"}],"predecessor-version":[{"id":32634,"href":"https:\/\/www.piccini1882.it\/de\/wp-json\/wp\/v2\/pages\/31203\/revisions\/32634"}],"up":[{"embeddable":true,"href":"https:\/\/www.piccini1882.it\/de\/wp-json\/wp\/v2\/pages\/31179"}],"wp:attachment":[{"href":"https:\/\/www.piccini1882.it\/de\/wp-json\/wp\/v2\/media?parent=31203"}],"curies":[{"name":"wp","href":"https:\/\/api.w.org\/{rel}","templated":true}]}}