{"id":31212,"date":"2025-03-31T16:11:46","date_gmt":"2025-03-31T14:11:46","guid":{"rendered":"https:\/\/www.piccini1882.it\/?page_id=31212"},"modified":"2025-04-16T13:48:55","modified_gmt":"2025-04-16T11:48:55","slug":"verantwortungsvolle-lieferketten-3","status":"publish","type":"page","link":"https:\/\/www.piccini1882.it\/de\/presseraum-3\/verantwortungsvolle-lieferketten-3\/","title":{"rendered":"\u00d6nologe f\u00fcr einen Tag"},"content":{"rendered":"\t\t<div data-elementor-type=\"wp-page\" data-elementor-id=\"31212\" class=\"elementor elementor-31212 elementor-31211\" data-elementor-post-type=\"page\">\n\t\t\t\t<div class=\"elementor-element elementor-element-ee42df6 e-con-full e-flex e-con e-parent\" data-id=\"ee42df6\" data-element_type=\"container\" data-settings=\"{&quot;jet_parallax_layout_list&quot;:[]}\">\n\t\t\t\t<div class=\"elementor-element elementor-element-161af32 elementor-widget elementor-widget-image\" data-id=\"161af32\" data-element_type=\"widget\" data-widget_type=\"image.default\">\n\t\t\t\t<div class=\"elementor-widget-container\">\n\t\t\t\t\t\t\t\t\t\t\t\t\t\t\t<img decoding=\"async\" width=\"2560\" height=\"1049\" src=\"https:\/\/www.piccini1882.it\/wp-content\/uploads\/2025\/04\/enologo-copertinamobile-exper.jpg\" class=\"attachment-full size-full wp-image-31755\" alt=\"\" srcset=\"https:\/\/www.piccini1882.it\/wp-content\/uploads\/2025\/04\/enologo-copertinamobile-exper.jpg 2560w, https:\/\/www.piccini1882.it\/wp-content\/uploads\/2025\/04\/enologo-copertinamobile-exper-300x123.jpg 300w, https:\/\/www.piccini1882.it\/wp-content\/uploads\/2025\/04\/enologo-copertinamobile-exper-1024x420.jpg 1024w, https:\/\/www.piccini1882.it\/wp-content\/uploads\/2025\/04\/enologo-copertinamobile-exper-768x315.jpg 768w, https:\/\/www.piccini1882.it\/wp-content\/uploads\/2025\/04\/enologo-copertinamobile-exper-1536x629.jpg 1536w, https:\/\/www.piccini1882.it\/wp-content\/uploads\/2025\/04\/enologo-copertinamobile-exper-2048x839.jpg 2048w, https:\/\/www.piccini1882.it\/wp-content\/uploads\/2025\/04\/enologo-copertinamobile-exper-800x328.jpg 800w\" sizes=\"(max-width: 2560px) 100vw, 2560px\" \/>\t\t\t\t\t\t\t\t\t\t\t\t\t\t\t<\/div>\n\t\t\t\t<\/div>\n\t\t\t\t<\/div>\n\t\t<div class=\"elementor-element elementor-element-4355ed8 e-flex e-con-boxed e-con e-parent\" data-id=\"4355ed8\" data-element_type=\"container\" data-settings=\"{&quot;jet_parallax_layout_list&quot;:[]}\">\n\t\t\t\t\t<div class=\"e-con-inner\">\n\t\t<div class=\"elementor-element elementor-element-65fc852 e-con-full e-flex e-con e-child\" data-id=\"65fc852\" data-element_type=\"container\" data-settings=\"{&quot;jet_parallax_layout_list&quot;:[]}\">\n\t\t<div class=\"elementor-element elementor-element-c06ce27 e-flex e-con-boxed e-con e-child\" data-id=\"c06ce27\" data-element_type=\"container\" data-settings=\"{&quot;jet_parallax_layout_list&quot;:[]}\">\n\t\t\t\t\t<div class=\"e-con-inner\">\n\t\t<div class=\"elementor-element elementor-element-3d06353 e-con-full e-flex e-con e-child\" data-id=\"3d06353\" data-element_type=\"container\" data-settings=\"{&quot;jet_parallax_layout_list&quot;:[]}\">\n\t\t\t\t<div class=\"elementor-element elementor-element-0434e3f subtitle-position-above elementor-widget__width-initial elementor-mobile-align-center elementor-widget-mobile__width-inherit elementor-widget-tablet__width-inherit elementor-align-center elementor-widget elementor-widget-hnice-heading\" data-id=\"0434e3f\" data-element_type=\"widget\" data-widget_type=\"hnice-heading.default\">\n\t\t\t\t<div class=\"elementor-widget-container\">\n\t\t\t\t\t<div class=\"elementor-heading-wrapper-inner\"><h2 class=\"elementor-heading-title elementor-size-default\">\u00d6nologe f\u00fcr einen Tag<\/h2><div class=\"elementor-sub-title\">CASTELLINA IN CHIANTI<\/div><\/div>\t\t\t\t<\/div>\n\t\t\t\t<\/div>\n\t\t<div class=\"elementor-element elementor-element-1eeb4a4 e-con-full e-flex e-con e-child\" data-id=\"1eeb4a4\" data-element_type=\"container\" data-settings=\"{&quot;jet_parallax_layout_list&quot;:[]}\">\n\t\t\t\t<div class=\"elementor-element elementor-element-728072d elementor-widget-laptop__width-inherit elementor-widget elementor-widget-text-editor\" data-id=\"728072d\" data-element_type=\"widget\" data-widget_type=\"text-editor.default\">\n\t\t\t\t<div class=\"elementor-widget-container\">\n\t\t\t\t\t\t\t\t\t<h5>Vom Weinberg bis ins Glas: Machen Sie die Mischung Ihrer Tr\u00e4ume<br> und nehmen Sie sie mit Stolz mit nach Hause.<\/h5>\t\t\t\t\t\t\t\t<\/div>\n\t\t\t\t<\/div>\n\t\t\t\t<div class=\"elementor-element elementor-element-d60da60 elementor-widget-laptop__width-inherit elementor-widget elementor-widget-text-editor\" data-id=\"d60da60\" data-element_type=\"widget\" data-widget_type=\"text-editor.default\">\n\t\t\t\t<div class=\"elementor-widget-container\">\n\t\t\t\t\t\t\t\t\t<strong>Haben Sie sich jemals vorgestellt, einen Wein \u00fcber sich selbst zu signieren?<br>\nIn der neuen Zentrale des Istituto Geografico k\u00f6nnen Sie diesen Traum wahr werden lassen!<\/strong>\n<br><br>Lassen Sie sich von unseren Experten auf eine Reise ins Herz des Chianti mitnehmen: Lernen Sie, die Nuancen der Rebsorten zu unterscheiden, kreieren Sie Ihre pers\u00f6nliche Mischung und machen Sie daraus ein einzigartiges Meisterwerk. Werden Sie zum Protagonisten und kreieren Sie Ihren idealen Wein, indem Sie verschiedene Sorten miteinander kombinieren, wobei Sie bei jedem Schritt von unseren Experten begleitet werden. Nehmen Sie eine einzigartige Flasche mit der Mischung Ihrer Wahl mit nach Hause, die versiegelt und mit dem von Ihnen kreierten Etikett versehen ist und die Sie mit jemandem teilen k\u00f6nnen, der Ihnen gef\u00e4llt. \n\n\t\t\t\t\t\t\t\t<\/div>\n\t\t\t\t<\/div>\n\t\t\t\t<div class=\"elementor-element elementor-element-93f8297 elementor-widget-laptop__width-inherit elementor-hidden-desktop elementor-hidden-laptop elementor-widget elementor-widget-text-editor\" data-id=\"93f8297\" data-element_type=\"widget\" data-widget_type=\"text-editor.default\">\n\t\t\t\t<div class=\"elementor-widget-container\">\n\t\t\t\t\t\t\t\t\t<strong>WO?<br>  <\/strong><a href=\"https:\/\/maps.app.goo.gl\/iar315uXa6B5n6re8\" target=\"_blank\" rel=\"noopener\">GEOGRAFISCHES CASTELLINA, LOC. PIAZZOLE, CASTELLINA IN CHIANTI <\/a>\t\t\t\t\t\t\t\t<\/div>\n\t\t\t\t<\/div>\n\t\t\t\t<div class=\"elementor-element elementor-element-c749b8f elementor-widget-laptop__width-inherit elementor-hidden-tablet_extra elementor-hidden-tablet elementor-hidden-mobile_extra elementor-hidden-mobile elementor-widget elementor-widget-text-editor\" data-id=\"c749b8f\" data-element_type=\"widget\" data-widget_type=\"text-editor.default\">\n\t\t\t\t<div class=\"elementor-widget-container\">\n\t\t\t\t\t\t\t\t\t<p><strong>WO?  <\/strong><a href=\"https:\/\/maps.app.goo.gl\/iar315uXa6B5n6re8\" target=\"_blank\" rel=\"noopener\">GEOGRAFISCHES CASTELLINA, LOC. PIAZZOLE, CASTELLINA IN CHIANTI <\/a><\/p>\t\t\t\t\t\t\t\t<\/div>\n\t\t\t\t<\/div>\n\t\t\t\t<div class=\"elementor-element elementor-element-187f812 elementor-align-center elementor-button-outline elementor-widget elementor-widget-button\" data-id=\"187f812\" data-element_type=\"widget\" data-widget_type=\"button.default\">\n\t\t\t\t<div class=\"elementor-widget-container\">\n\t\t\t\t\t\t\t\t\t<div class=\"elementor-button-wrapper\">\n\t\t\t\t\t<a class=\"elementor-button elementor-button-link elementor-size-sm\" href=\"https:\/\/fareharbor.com\/embeds\/book\/chiantigeografico\/items\/613539\/?full-items=yes&#038;flow=1348109\" target=\"_blank\" rel=\"noopener\">\n\t\t\t\t\t\t<span class=\"elementor-button-content-wrapper\">\n\t\t\t\t\t\t<span class=\"elementor-button-icon\">\n\t\t\t\t<i aria-hidden=\"true\" class=\"hnice-icon- hnice-icon-right-arrow\"><\/i>\t\t\t<\/span>\n\t\t\t\t\t\t\t\t\t<span class=\"elementor-button-text\">BUCHERLEBNIS<\/span>\n\t\t\t\t\t<\/span>\n\t\t\t\t\t<\/a>\n\t\t\t\t<\/div>\n\t\t\t\t\t\t\t\t<\/div>\n\t\t\t\t<\/div>\n\t\t\t\t<\/div>\n\t\t\t\t<\/div>\n\t\t\t\t\t<\/div>\n\t\t\t\t<\/div>\n\t\t\t\t<\/div>\n\t\t\t\t\t<\/div>\n\t\t\t\t<\/div>\n\t\t<div class=\"elementor-element elementor-element-62d6391 e-con-full elementor-hidden-desktop elementor-hidden-laptop e-flex e-con e-parent\" data-id=\"62d6391\" data-element_type=\"container\" data-settings=\"{&quot;jet_parallax_layout_list&quot;:[]}\">\n\t\t\t\t<div class=\"elementor-element elementor-element-2fdeb53 elementor-widget-laptop__width-inherit elementor-widget elementor-widget-text-editor\" data-id=\"2fdeb53\" data-element_type=\"widget\" data-widget_type=\"text-editor.default\">\n\t\t\t\t<div class=\"elementor-widget-container\">\n\t\t\t\t\t\t\t\t\t<p><strong>DAUER DES ERLEBNISSES: <\/strong>CA. 2 STUNDEN<br><strong>WANN: <\/strong>1. MAI 2025 BIS 31. OKTOBER 2025<br><strong>TAGE UND ZEITEN: <\/strong>MONTAGS BIS FREITAGS UM 16:00<\/p>\t\t\t\t\t\t\t\t<\/div>\n\t\t\t\t<\/div>\n\t\t\t\t<\/div>\n\t\t<div class=\"elementor-element elementor-element-9214dba e-con-full elementor-hidden-tablet_extra elementor-hidden-tablet elementor-hidden-mobile_extra elementor-hidden-mobile e-flex e-con e-parent\" data-id=\"9214dba\" data-element_type=\"container\" data-settings=\"{&quot;jet_parallax_layout_list&quot;:[]}\">\n\t\t\t\t<div class=\"elementor-element elementor-element-af5a5d0 elementor-widget-laptop__width-inherit elementor-widget elementor-widget-text-editor\" data-id=\"af5a5d0\" data-element_type=\"widget\" data-widget_type=\"text-editor.default\">\n\t\t\t\t<div class=\"elementor-widget-container\">\n\t\t\t\t\t\t\t\t\t<p><strong>DAUER DES ERLEBNISSES: <\/strong>CA. 2 STUNDEN <strong> | WANN: <\/strong>1. MAI 2025 BIS 31. OKTOBER 2025<strong> | TAGE UND UHRZEITEN: <\/strong>MONTAGS BIS FREITAGS UM 16.00 UHR<\/p>\t\t\t\t\t\t\t\t<\/div>\n\t\t\t\t<\/div>\n\t\t\t\t<\/div>\n\t\t<div class=\"elementor-element elementor-element-88987bf elementor-hidden-desktop elementor-hidden-laptop e-flex e-con-boxed e-con e-parent\" data-id=\"88987bf\" data-element_type=\"container\" data-settings=\"{&quot;jet_parallax_layout_list&quot;:[]}\">\n\t\t\t\t\t<div class=\"e-con-inner\">\n\t\t<div class=\"elementor-element elementor-element-5bebb15 e-con-full e-flex e-con e-child\" data-id=\"5bebb15\" data-element_type=\"container\" data-settings=\"{&quot;jet_parallax_layout_list&quot;:[]}\">\n\t\t\t\t<div class=\"elementor-element elementor-element-74841fb elementor-widget elementor-widget-image\" data-id=\"74841fb\" data-element_type=\"widget\" data-widget_type=\"image.default\">\n\t\t\t\t<div class=\"elementor-widget-container\">\n\t\t\t\t\t\t\t\t\t\t\t\t\t\t\t<img decoding=\"async\" width=\"820\" height=\"500\" src=\"https:\/\/www.piccini1882.it\/wp-content\/uploads\/2025\/04\/enologo-4-int.jpg\" class=\"attachment-large size-large wp-image-31774\" alt=\"\" srcset=\"https:\/\/www.piccini1882.it\/wp-content\/uploads\/2025\/04\/enologo-4-int.jpg 820w, https:\/\/www.piccini1882.it\/wp-content\/uploads\/2025\/04\/enologo-4-int-300x183.jpg 300w, https:\/\/www.piccini1882.it\/wp-content\/uploads\/2025\/04\/enologo-4-int-768x468.jpg 768w, https:\/\/www.piccini1882.it\/wp-content\/uploads\/2025\/04\/enologo-4-int-800x488.jpg 800w\" sizes=\"(max-width: 820px) 100vw, 820px\" \/>\t\t\t\t\t\t\t\t\t\t\t\t\t\t\t<\/div>\n\t\t\t\t<\/div>\n\t\t\t\t<\/div>\n\t\t<div class=\"elementor-element elementor-element-7e42a4b e-con-full e-flex e-con e-child\" data-id=\"7e42a4b\" data-element_type=\"container\" data-settings=\"{&quot;jet_parallax_layout_list&quot;:[]}\">\n\t\t\t\t<div class=\"elementor-element elementor-element-26e7e72 elementor-widget elementor-widget-image\" data-id=\"26e7e72\" data-element_type=\"widget\" data-widget_type=\"image.default\">\n\t\t\t\t<div class=\"elementor-widget-container\">\n\t\t\t\t\t\t\t\t\t\t\t\t\t\t\t<img decoding=\"async\" width=\"820\" height=\"500\" src=\"https:\/\/www.piccini1882.it\/wp-content\/uploads\/2025\/04\/enologo-3-int.jpg\" class=\"attachment-large size-large wp-image-31770\" alt=\"\" srcset=\"https:\/\/www.piccini1882.it\/wp-content\/uploads\/2025\/04\/enologo-3-int.jpg 820w, https:\/\/www.piccini1882.it\/wp-content\/uploads\/2025\/04\/enologo-3-int-300x183.jpg 300w, https:\/\/www.piccini1882.it\/wp-content\/uploads\/2025\/04\/enologo-3-int-768x468.jpg 768w, https:\/\/www.piccini1882.it\/wp-content\/uploads\/2025\/04\/enologo-3-int-800x488.jpg 800w\" sizes=\"(max-width: 820px) 100vw, 820px\" \/>\t\t\t\t\t\t\t\t\t\t\t\t\t\t\t<\/div>\n\t\t\t\t<\/div>\n\t\t\t\t<\/div>\n\t\t<div class=\"elementor-element elementor-element-af35acd e-con-full e-flex e-con e-child\" data-id=\"af35acd\" data-element_type=\"container\" data-settings=\"{&quot;jet_parallax_layout_list&quot;:[]}\">\n\t\t\t\t<div class=\"elementor-element elementor-element-895f931 elementor-widget elementor-widget-image\" data-id=\"895f931\" data-element_type=\"widget\" data-widget_type=\"image.default\">\n\t\t\t\t<div class=\"elementor-widget-container\">\n\t\t\t\t\t\t\t\t\t\t\t\t\t\t\t<img decoding=\"async\" width=\"820\" height=\"500\" src=\"https:\/\/www.piccini1882.it\/wp-content\/uploads\/2025\/04\/enologo-2-int.jpg\" class=\"attachment-large size-large wp-image-31766\" alt=\"\" srcset=\"https:\/\/www.piccini1882.it\/wp-content\/uploads\/2025\/04\/enologo-2-int.jpg 820w, https:\/\/www.piccini1882.it\/wp-content\/uploads\/2025\/04\/enologo-2-int-300x183.jpg 300w, https:\/\/www.piccini1882.it\/wp-content\/uploads\/2025\/04\/enologo-2-int-768x468.jpg 768w, https:\/\/www.piccini1882.it\/wp-content\/uploads\/2025\/04\/enologo-2-int-800x488.jpg 800w\" sizes=\"(max-width: 820px) 100vw, 820px\" \/>\t\t\t\t\t\t\t\t\t\t\t\t\t\t\t<\/div>\n\t\t\t\t<\/div>\n\t\t\t\t<\/div>\n\t\t\t\t\t<\/div>\n\t\t\t\t<\/div>\n\t\t<div class=\"elementor-element elementor-element-dca4e3b elementor-hidden-tablet_extra elementor-hidden-tablet elementor-hidden-mobile_extra elementor-hidden-mobile e-con-full e-flex e-con e-parent\" data-id=\"dca4e3b\" data-element_type=\"container\" data-settings=\"{&quot;jet_parallax_layout_list&quot;:[]}\">\n\t\t<div class=\"elementor-element elementor-element-71f0a89 e-con-full e-flex e-con e-child\" data-id=\"71f0a89\" data-element_type=\"container\" data-settings=\"{&quot;jet_parallax_layout_list&quot;:[]}\">\n\t\t\t\t<div class=\"elementor-element elementor-element-250fb4a elementor-widget elementor-widget-image\" data-id=\"250fb4a\" data-element_type=\"widget\" data-widget_type=\"image.default\">\n\t\t\t\t<div class=\"elementor-widget-container\">\n\t\t\t\t\t\t\t\t\t\t\t\t\t\t\t<img decoding=\"async\" width=\"820\" height=\"500\" src=\"https:\/\/www.piccini1882.it\/wp-content\/uploads\/2025\/04\/enologo-2-int.jpg\" class=\"attachment-large size-large wp-image-31766\" alt=\"\" srcset=\"https:\/\/www.piccini1882.it\/wp-content\/uploads\/2025\/04\/enologo-2-int.jpg 820w, https:\/\/www.piccini1882.it\/wp-content\/uploads\/2025\/04\/enologo-2-int-300x183.jpg 300w, https:\/\/www.piccini1882.it\/wp-content\/uploads\/2025\/04\/enologo-2-int-768x468.jpg 768w, https:\/\/www.piccini1882.it\/wp-content\/uploads\/2025\/04\/enologo-2-int-800x488.jpg 800w\" sizes=\"(max-width: 820px) 100vw, 820px\" \/>\t\t\t\t\t\t\t\t\t\t\t\t\t\t\t<\/div>\n\t\t\t\t<\/div>\n\t\t\t\t<\/div>\n\t\t<div class=\"elementor-element elementor-element-77ba35b e-con-full e-flex e-con e-child\" data-id=\"77ba35b\" data-element_type=\"container\" data-settings=\"{&quot;jet_parallax_layout_list&quot;:[]}\">\n\t\t\t\t<div class=\"elementor-element elementor-element-191fb83 elementor-widget elementor-widget-image\" data-id=\"191fb83\" data-element_type=\"widget\" data-widget_type=\"image.default\">\n\t\t\t\t<div class=\"elementor-widget-container\">\n\t\t\t\t\t\t\t\t\t\t\t\t\t\t\t<img decoding=\"async\" width=\"820\" height=\"500\" src=\"https:\/\/www.piccini1882.it\/wp-content\/uploads\/2025\/04\/enologo-3-int.jpg\" class=\"attachment-large size-large wp-image-31770\" alt=\"\" srcset=\"https:\/\/www.piccini1882.it\/wp-content\/uploads\/2025\/04\/enologo-3-int.jpg 820w, https:\/\/www.piccini1882.it\/wp-content\/uploads\/2025\/04\/enologo-3-int-300x183.jpg 300w, https:\/\/www.piccini1882.it\/wp-content\/uploads\/2025\/04\/enologo-3-int-768x468.jpg 768w, https:\/\/www.piccini1882.it\/wp-content\/uploads\/2025\/04\/enologo-3-int-800x488.jpg 800w\" sizes=\"(max-width: 820px) 100vw, 820px\" \/>\t\t\t\t\t\t\t\t\t\t\t\t\t\t\t<\/div>\n\t\t\t\t<\/div>\n\t\t\t\t<\/div>\n\t\t<div class=\"elementor-element elementor-element-7adaf42 e-con-full e-flex e-con e-child\" data-id=\"7adaf42\" data-element_type=\"container\" data-settings=\"{&quot;jet_parallax_layout_list&quot;:[]}\">\n\t\t\t\t<div class=\"elementor-element elementor-element-f2def12 elementor-widget elementor-widget-image\" data-id=\"f2def12\" data-element_type=\"widget\" data-widget_type=\"image.default\">\n\t\t\t\t<div class=\"elementor-widget-container\">\n\t\t\t\t\t\t\t\t\t\t\t\t\t\t\t<img decoding=\"async\" width=\"820\" height=\"500\" src=\"https:\/\/www.piccini1882.it\/wp-content\/uploads\/2025\/04\/enologo-4-int.jpg\" class=\"attachment-large size-large wp-image-31774\" alt=\"\" srcset=\"https:\/\/www.piccini1882.it\/wp-content\/uploads\/2025\/04\/enologo-4-int.jpg 820w, https:\/\/www.piccini1882.it\/wp-content\/uploads\/2025\/04\/enologo-4-int-300x183.jpg 300w, https:\/\/www.piccini1882.it\/wp-content\/uploads\/2025\/04\/enologo-4-int-768x468.jpg 768w, https:\/\/www.piccini1882.it\/wp-content\/uploads\/2025\/04\/enologo-4-int-800x488.jpg 800w\" sizes=\"(max-width: 820px) 100vw, 820px\" \/>\t\t\t\t\t\t\t\t\t\t\t\t\t\t\t<\/div>\n\t\t\t\t<\/div>\n\t\t\t\t<\/div>\n\t\t\t\t<\/div>\n\t\t\t\t<\/div>\n\t\t","protected":false},"excerpt":{"rendered":"<p>\u00d6nologe f\u00fcr einen Tag CASTELLINA IN CHIANTI Vom Weinberg bis ins Glas: Machen Sie die Mischung Ihrer Tr\u00e4ume und nehmen Sie sie mit Stolz mit nach Hause. Haben Sie sich jemals vorgestellt, einen Wein \u00fcber sich selbst zu signieren? In der neuen Zentrale des Istituto Geografico k\u00f6nnen Sie diesen Traum wahr werden lassen! Lassen Sie [&hellip;]<\/p>\n","protected":false},"author":1,"featured_media":0,"parent":31179,"menu_order":0,"comment_status":"closed","ping_status":"closed","template":"","meta":{"_acf_changed":false,"footnotes":""},"class_list":["post-31212","page","type-page","status-publish","hentry"],"acf":[],"_links":{"self":[{"href":"https:\/\/www.piccini1882.it\/de\/wp-json\/wp\/v2\/pages\/31212","targetHints":{"allow":["GET"]}}],"collection":[{"href":"https:\/\/www.piccini1882.it\/de\/wp-json\/wp\/v2\/pages"}],"about":[{"href":"https:\/\/www.piccini1882.it\/de\/wp-json\/wp\/v2\/types\/page"}],"author":[{"embeddable":true,"href":"https:\/\/www.piccini1882.it\/de\/wp-json\/wp\/v2\/users\/1"}],"replies":[{"embeddable":true,"href":"https:\/\/www.piccini1882.it\/de\/wp-json\/wp\/v2\/comments?post=31212"}],"version-history":[{"count":6,"href":"https:\/\/www.piccini1882.it\/de\/wp-json\/wp\/v2\/pages\/31212\/revisions"}],"predecessor-version":[{"id":32611,"href":"https:\/\/www.piccini1882.it\/de\/wp-json\/wp\/v2\/pages\/31212\/revisions\/32611"}],"up":[{"embeddable":true,"href":"https:\/\/www.piccini1882.it\/de\/wp-json\/wp\/v2\/pages\/31179"}],"wp:attachment":[{"href":"https:\/\/www.piccini1882.it\/de\/wp-json\/wp\/v2\/media?parent=31212"}],"curies":[{"name":"wp","href":"https:\/\/api.w.org\/{rel}","templated":true}]}}