{"id":31220,"date":"2025-03-31T16:11:45","date_gmt":"2025-03-31T14:11:45","guid":{"rendered":"https:\/\/www.piccini1882.it\/?page_id=31220"},"modified":"2025-04-16T13:58:41","modified_gmt":"2025-04-16T11:58:41","slug":"verantwortungsvolle-lieferketten","status":"publish","type":"page","link":"https:\/\/www.piccini1882.it\/de\/presseraum-3\/verantwortungsvolle-lieferketten\/","title":{"rendered":"Oliven\u00f6l-Verkostungsspiel &#8211; Castellina"},"content":{"rendered":"\t\t<div data-elementor-type=\"wp-page\" data-elementor-id=\"31220\" class=\"elementor elementor-31220 elementor-31219\" data-elementor-post-type=\"page\">\n\t\t\t\t<div class=\"elementor-element elementor-element-475ec97 e-con-full e-flex e-con e-parent\" data-id=\"475ec97\" data-element_type=\"container\" data-settings=\"{&quot;jet_parallax_layout_list&quot;:[]}\">\n\t\t\t\t<div class=\"elementor-element elementor-element-c67517d elementor-widget elementor-widget-image\" data-id=\"c67517d\" data-element_type=\"widget\" data-widget_type=\"image.default\">\n\t\t\t\t<div class=\"elementor-widget-container\">\n\t\t\t\t\t\t\t\t\t\t\t\t\t\t\t<img decoding=\"async\" width=\"2560\" height=\"1049\" src=\"https:\/\/www.piccini1882.it\/wp-content\/uploads\/2025\/04\/Olio-1.jpg\" class=\"attachment-full size-full wp-image-32438\" alt=\"\" srcset=\"https:\/\/www.piccini1882.it\/wp-content\/uploads\/2025\/04\/Olio-1.jpg 2560w, https:\/\/www.piccini1882.it\/wp-content\/uploads\/2025\/04\/Olio-1-300x123.jpg 300w, https:\/\/www.piccini1882.it\/wp-content\/uploads\/2025\/04\/Olio-1-1024x420.jpg 1024w, https:\/\/www.piccini1882.it\/wp-content\/uploads\/2025\/04\/Olio-1-768x315.jpg 768w, https:\/\/www.piccini1882.it\/wp-content\/uploads\/2025\/04\/Olio-1-1536x629.jpg 1536w, https:\/\/www.piccini1882.it\/wp-content\/uploads\/2025\/04\/Olio-1-2048x839.jpg 2048w, https:\/\/www.piccini1882.it\/wp-content\/uploads\/2025\/04\/Olio-1-800x328.jpg 800w\" sizes=\"(max-width: 2560px) 100vw, 2560px\" \/>\t\t\t\t\t\t\t\t\t\t\t\t\t\t\t<\/div>\n\t\t\t\t<\/div>\n\t\t\t\t<\/div>\n\t\t<div class=\"elementor-element elementor-element-6798810 e-flex e-con-boxed e-con e-parent\" data-id=\"6798810\" data-element_type=\"container\" data-settings=\"{&quot;jet_parallax_layout_list&quot;:[]}\">\n\t\t\t\t\t<div class=\"e-con-inner\">\n\t\t<div class=\"elementor-element elementor-element-65b3584 e-con-full e-flex e-con e-child\" data-id=\"65b3584\" data-element_type=\"container\" data-settings=\"{&quot;jet_parallax_layout_list&quot;:[]}\">\n\t\t<div class=\"elementor-element elementor-element-7afe7ef e-flex e-con-boxed e-con e-child\" data-id=\"7afe7ef\" data-element_type=\"container\" data-settings=\"{&quot;jet_parallax_layout_list&quot;:[]}\">\n\t\t\t\t\t<div class=\"e-con-inner\">\n\t\t<div class=\"elementor-element elementor-element-52be229 e-con-full e-flex e-con e-child\" data-id=\"52be229\" data-element_type=\"container\" data-settings=\"{&quot;jet_parallax_layout_list&quot;:[]}\">\n\t\t\t\t<div class=\"elementor-element elementor-element-64c9b69 subtitle-position-above elementor-widget__width-initial elementor-mobile-align-center elementor-widget-mobile__width-inherit elementor-widget-tablet__width-inherit elementor-align-center elementor-widget elementor-widget-hnice-heading\" data-id=\"64c9b69\" data-element_type=\"widget\" data-widget_type=\"hnice-heading.default\">\n\t\t\t\t<div class=\"elementor-widget-container\">\n\t\t\t\t\t<div class=\"elementor-heading-wrapper-inner\"><h2 class=\"elementor-heading-title elementor-size-default\">Oliven\u00f6l-Verkostungsspiel<\/h2><div class=\"elementor-sub-title\">CASTELLINA IN CHIANTI<\/div><\/div>\t\t\t\t<\/div>\n\t\t\t\t<\/div>\n\t\t<div class=\"elementor-element elementor-element-63d644a e-con-full e-flex e-con e-child\" data-id=\"63d644a\" data-element_type=\"container\" data-settings=\"{&quot;jet_parallax_layout_list&quot;:[]}\">\n\t\t\t\t<div class=\"elementor-element elementor-element-92eb252 elementor-widget-laptop__width-inherit elementor-widget elementor-widget-text-editor\" data-id=\"92eb252\" data-element_type=\"widget\" data-widget_type=\"text-editor.default\">\n\t\t\t\t<div class=\"elementor-widget-container\">\n\t\t\t\t\t\t\t\t\t<h5>Entdecken Sie die Kunst des nativen Oliven\u00f6ls extra mit gef\u00fchrten Verkostungen und einem einzigartigen und fesselnden sensorischen Spiel.<\/h5>\t\t\t\t\t\t\t\t<\/div>\n\t\t\t\t<\/div>\n\t\t\t\t<div class=\"elementor-element elementor-element-efbb6c3 elementor-widget-laptop__width-inherit elementor-widget elementor-widget-text-editor\" data-id=\"efbb6c3\" data-element_type=\"widget\" data-widget_type=\"text-editor.default\">\n\t\t\t\t<div class=\"elementor-widget-container\">\n\t\t\t\t\t\t\t\t\t<p><strong>Wollten Sie schon immer die Geheimnisse eines guten nativen Oliven\u00f6ls extra entdecken? Bei diesem interaktiven Erlebnis k\u00f6nnen Sie lernen, wie man ein hochwertiges \u00d6l erkennt und die Produktionsentscheidungen versteht, die seinen Geschmack und sein Aroma beeinflussen. <\/strong><\/p><p>Wir werden vier verschiedene \u00d6le verkosten, die Unterschiede in der Herstellung, der Struktur und dem Stil erkunden und Ihre sensorischen F\u00e4higkeiten durch ein lustiges Verkostungsspiel testen. Fordern Sie Ihre Sinne heraus, lernen Sie, D\u00fcfte und Geschm\u00e4cker zu unterscheiden, und werden Sie zu einem echten Experten f\u00fcr Italiens gr\u00fcnes Gold.   <\/p><p>Buchen Sie jetzt und entdecken Sie, wie die Kunst des \u00d6ls den Geschmack trifft!<\/p>\t\t\t\t\t\t\t\t<\/div>\n\t\t\t\t<\/div>\n\t\t\t\t<div class=\"elementor-element elementor-element-1e81dac elementor-widget-laptop__width-inherit elementor-hidden-desktop elementor-hidden-laptop elementor-widget elementor-widget-text-editor\" data-id=\"1e81dac\" data-element_type=\"widget\" data-widget_type=\"text-editor.default\">\n\t\t\t\t<div class=\"elementor-widget-container\">\n\t\t\t\t\t\t\t\t\t<strong>WO?<br>  <\/strong><a href=\"https:\/\/maps.app.goo.gl\/iar315uXa6B5n6re8\" target=\"_blank\" rel=\"noopener\">GEOGRAFISCHES CASTELLINA, LOC. PIAZZOLE, CASTELLINA IN CHIANTI<\/a>\t\t\t\t\t\t\t\t<\/div>\n\t\t\t\t<\/div>\n\t\t\t\t<div class=\"elementor-element elementor-element-42ebb56 elementor-widget-laptop__width-inherit elementor-hidden-tablet_extra elementor-hidden-tablet elementor-hidden-mobile_extra elementor-hidden-mobile elementor-widget elementor-widget-text-editor\" data-id=\"42ebb56\" data-element_type=\"widget\" data-widget_type=\"text-editor.default\">\n\t\t\t\t<div class=\"elementor-widget-container\">\n\t\t\t\t\t\t\t\t\t<p><strong>WO?  <\/strong><a href=\"https:\/\/maps.app.goo.gl\/iar315uXa6B5n6re8\" target=\"_blank\" rel=\"noopener\">GEOGRAFISCHES CASTELLINA, LOC. PIAZZOLE, CASTELLINA IN CHIANTI<\/a><\/p>\t\t\t\t\t\t\t\t<\/div>\n\t\t\t\t<\/div>\n\t\t\t\t<div class=\"elementor-element elementor-element-5901400 elementor-align-center elementor-button-outline elementor-widget elementor-widget-button\" data-id=\"5901400\" data-element_type=\"widget\" data-widget_type=\"button.default\">\n\t\t\t\t<div class=\"elementor-widget-container\">\n\t\t\t\t\t\t\t\t\t<div class=\"elementor-button-wrapper\">\n\t\t\t\t\t<a class=\"elementor-button elementor-button-link elementor-size-sm\" href=\"https:\/\/fareharbor.com\/embeds\/book\/chiantigeografico\/items\/613547\/?full-items=yes&#038;flow=1349075\" target=\"_blank\" rel=\"noopener\">\n\t\t\t\t\t\t<span class=\"elementor-button-content-wrapper\">\n\t\t\t\t\t\t<span class=\"elementor-button-icon\">\n\t\t\t\t<i aria-hidden=\"true\" class=\"hnice-icon- hnice-icon-right-arrow\"><\/i>\t\t\t<\/span>\n\t\t\t\t\t\t\t\t\t<span class=\"elementor-button-text\">BUCHERLEBNIS<\/span>\n\t\t\t\t\t<\/span>\n\t\t\t\t\t<\/a>\n\t\t\t\t<\/div>\n\t\t\t\t\t\t\t\t<\/div>\n\t\t\t\t<\/div>\n\t\t\t\t<\/div>\n\t\t\t\t<\/div>\n\t\t\t\t\t<\/div>\n\t\t\t\t<\/div>\n\t\t\t\t<\/div>\n\t\t\t\t\t<\/div>\n\t\t\t\t<\/div>\n\t\t<div class=\"elementor-element elementor-element-b8ecd6b e-con-full elementor-hidden-desktop elementor-hidden-laptop e-flex e-con e-parent\" data-id=\"b8ecd6b\" data-element_type=\"container\" data-settings=\"{&quot;jet_parallax_layout_list&quot;:[]}\">\n\t\t\t\t<div class=\"elementor-element elementor-element-a669e05 elementor-widget-laptop__width-inherit elementor-widget elementor-widget-text-editor\" data-id=\"a669e05\" data-element_type=\"widget\" data-widget_type=\"text-editor.default\">\n\t\t\t\t<div class=\"elementor-widget-container\">\n\t\t\t\t\t\t\t\t\t<p><strong>ERLEBNISDAUER: <\/strong>45 MINUTEN<br><strong>WANN: <\/strong>VOM 1. MAI 2025 BIS 31. OKTOBER 2025<br><strong>TAGE UND ZEITEN: <\/strong>MONTAG BIS SAMSTAG UM 10:00 UHR<\/p>\t\t\t\t\t\t\t\t<\/div>\n\t\t\t\t<\/div>\n\t\t\t\t<\/div>\n\t\t<div class=\"elementor-element elementor-element-363da2f e-con-full elementor-hidden-tablet_extra elementor-hidden-tablet elementor-hidden-mobile_extra elementor-hidden-mobile e-flex e-con e-parent\" data-id=\"363da2f\" data-element_type=\"container\" data-settings=\"{&quot;jet_parallax_layout_list&quot;:[]}\">\n\t\t\t\t<div class=\"elementor-element elementor-element-bc46c0c elementor-widget-laptop__width-inherit elementor-widget elementor-widget-text-editor\" data-id=\"bc46c0c\" data-element_type=\"widget\" data-widget_type=\"text-editor.default\">\n\t\t\t\t<div class=\"elementor-widget-container\">\n\t\t\t\t\t\t\t\t\t<p><strong>ERLEBNISDAUER: <\/strong>45 MINUTEN <strong> | WANN: <\/strong>1. MAI 2025 BIS 31. OKTOBER 2025<strong> | TAGE UND ZEITEN: <\/strong>MONTAG BIS SAMSTAG UM 10:00 UHR<\/p>\t\t\t\t\t\t\t\t<\/div>\n\t\t\t\t<\/div>\n\t\t\t\t<\/div>\n\t\t<div class=\"elementor-element elementor-element-ec11d7b elementor-hidden-desktop elementor-hidden-laptop e-flex e-con-boxed e-con e-parent\" data-id=\"ec11d7b\" data-element_type=\"container\" data-settings=\"{&quot;jet_parallax_layout_list&quot;:[]}\">\n\t\t\t\t\t<div class=\"e-con-inner\">\n\t\t<div class=\"elementor-element elementor-element-8bf1bfd e-con-full e-flex e-con e-child\" data-id=\"8bf1bfd\" data-element_type=\"container\" data-settings=\"{&quot;jet_parallax_layout_list&quot;:[]}\">\n\t\t\t\t<div class=\"elementor-element elementor-element-60a6540 elementor-widget elementor-widget-image\" data-id=\"60a6540\" data-element_type=\"widget\" data-widget_type=\"image.default\">\n\t\t\t\t<div class=\"elementor-widget-container\">\n\t\t\t\t\t\t\t\t\t\t\t\t\t\t\t<img decoding=\"async\" width=\"820\" height=\"500\" src=\"https:\/\/www.piccini1882.it\/wp-content\/uploads\/2025\/04\/WhatsApp-Image-2025-04-16-at-10.54.04.jpg\" class=\"attachment-large size-large wp-image-32458\" alt=\"\" srcset=\"https:\/\/www.piccini1882.it\/wp-content\/uploads\/2025\/04\/WhatsApp-Image-2025-04-16-at-10.54.04.jpg 820w, https:\/\/www.piccini1882.it\/wp-content\/uploads\/2025\/04\/WhatsApp-Image-2025-04-16-at-10.54.04-300x183.jpg 300w, https:\/\/www.piccini1882.it\/wp-content\/uploads\/2025\/04\/WhatsApp-Image-2025-04-16-at-10.54.04-768x468.jpg 768w, https:\/\/www.piccini1882.it\/wp-content\/uploads\/2025\/04\/WhatsApp-Image-2025-04-16-at-10.54.04-800x488.jpg 800w\" sizes=\"(max-width: 820px) 100vw, 820px\" \/>\t\t\t\t\t\t\t\t\t\t\t\t\t\t\t<\/div>\n\t\t\t\t<\/div>\n\t\t\t\t<\/div>\n\t\t<div class=\"elementor-element elementor-element-3a0507a e-con-full e-flex e-con e-child\" data-id=\"3a0507a\" data-element_type=\"container\" data-settings=\"{&quot;jet_parallax_layout_list&quot;:[]}\">\n\t\t\t\t<div class=\"elementor-element elementor-element-03d6f4b elementor-widget elementor-widget-image\" data-id=\"03d6f4b\" data-element_type=\"widget\" data-widget_type=\"image.default\">\n\t\t\t\t<div class=\"elementor-widget-container\">\n\t\t\t\t\t\t\t\t\t\t\t\t\t\t\t<img decoding=\"async\" width=\"820\" height=\"500\" src=\"https:\/\/www.piccini1882.it\/wp-content\/uploads\/2025\/04\/WhatsApp-Image-2025-04-16-at-10.54.04-3.jpg\" class=\"attachment-large size-large wp-image-32454\" alt=\"\" srcset=\"https:\/\/www.piccini1882.it\/wp-content\/uploads\/2025\/04\/WhatsApp-Image-2025-04-16-at-10.54.04-3.jpg 820w, https:\/\/www.piccini1882.it\/wp-content\/uploads\/2025\/04\/WhatsApp-Image-2025-04-16-at-10.54.04-3-300x183.jpg 300w, https:\/\/www.piccini1882.it\/wp-content\/uploads\/2025\/04\/WhatsApp-Image-2025-04-16-at-10.54.04-3-768x468.jpg 768w, https:\/\/www.piccini1882.it\/wp-content\/uploads\/2025\/04\/WhatsApp-Image-2025-04-16-at-10.54.04-3-800x488.jpg 800w\" sizes=\"(max-width: 820px) 100vw, 820px\" \/>\t\t\t\t\t\t\t\t\t\t\t\t\t\t\t<\/div>\n\t\t\t\t<\/div>\n\t\t\t\t<\/div>\n\t\t\t\t\t<\/div>\n\t\t\t\t<\/div>\n\t\t<div class=\"elementor-element elementor-element-b1b7235 elementor-hidden-tablet_extra elementor-hidden-tablet elementor-hidden-mobile_extra elementor-hidden-mobile e-con-full e-flex e-con e-parent\" data-id=\"b1b7235\" data-element_type=\"container\" data-settings=\"{&quot;jet_parallax_layout_list&quot;:[]}\">\n\t\t<div class=\"elementor-element elementor-element-18e310e e-con-full e-flex e-con e-child\" data-id=\"18e310e\" data-element_type=\"container\" data-settings=\"{&quot;jet_parallax_layout_list&quot;:[]}\">\n\t\t\t\t<div class=\"elementor-element elementor-element-b286863 elementor-widget elementor-widget-image\" data-id=\"b286863\" data-element_type=\"widget\" data-widget_type=\"image.default\">\n\t\t\t\t<div class=\"elementor-widget-container\">\n\t\t\t\t\t\t\t\t\t\t\t\t\t\t\t<img decoding=\"async\" width=\"820\" height=\"500\" src=\"https:\/\/www.piccini1882.it\/wp-content\/uploads\/2025\/04\/WhatsApp-Image-2025-04-16-at-10.54.04.jpg\" class=\"attachment-large size-large wp-image-32458\" alt=\"\" srcset=\"https:\/\/www.piccini1882.it\/wp-content\/uploads\/2025\/04\/WhatsApp-Image-2025-04-16-at-10.54.04.jpg 820w, https:\/\/www.piccini1882.it\/wp-content\/uploads\/2025\/04\/WhatsApp-Image-2025-04-16-at-10.54.04-300x183.jpg 300w, https:\/\/www.piccini1882.it\/wp-content\/uploads\/2025\/04\/WhatsApp-Image-2025-04-16-at-10.54.04-768x468.jpg 768w, https:\/\/www.piccini1882.it\/wp-content\/uploads\/2025\/04\/WhatsApp-Image-2025-04-16-at-10.54.04-800x488.jpg 800w\" sizes=\"(max-width: 820px) 100vw, 820px\" \/>\t\t\t\t\t\t\t\t\t\t\t\t\t\t\t<\/div>\n\t\t\t\t<\/div>\n\t\t\t\t<\/div>\n\t\t<div class=\"elementor-element elementor-element-be575c2 e-con-full e-flex e-con e-child\" data-id=\"be575c2\" data-element_type=\"container\" data-settings=\"{&quot;jet_parallax_layout_list&quot;:[]}\">\n\t\t\t\t<div class=\"elementor-element elementor-element-95431f3 elementor-widget elementor-widget-image\" data-id=\"95431f3\" data-element_type=\"widget\" data-widget_type=\"image.default\">\n\t\t\t\t<div class=\"elementor-widget-container\">\n\t\t\t\t\t\t\t\t\t\t\t\t\t\t\t<img decoding=\"async\" width=\"820\" height=\"500\" src=\"https:\/\/www.piccini1882.it\/wp-content\/uploads\/2025\/04\/WhatsApp-Image-2025-04-16-at-10.54.05.jpg\" class=\"attachment-large size-large wp-image-32470\" alt=\"\" srcset=\"https:\/\/www.piccini1882.it\/wp-content\/uploads\/2025\/04\/WhatsApp-Image-2025-04-16-at-10.54.05.jpg 820w, https:\/\/www.piccini1882.it\/wp-content\/uploads\/2025\/04\/WhatsApp-Image-2025-04-16-at-10.54.05-300x183.jpg 300w, https:\/\/www.piccini1882.it\/wp-content\/uploads\/2025\/04\/WhatsApp-Image-2025-04-16-at-10.54.05-768x468.jpg 768w, https:\/\/www.piccini1882.it\/wp-content\/uploads\/2025\/04\/WhatsApp-Image-2025-04-16-at-10.54.05-800x488.jpg 800w\" sizes=\"(max-width: 820px) 100vw, 820px\" \/>\t\t\t\t\t\t\t\t\t\t\t\t\t\t\t<\/div>\n\t\t\t\t<\/div>\n\t\t\t\t<\/div>\n\t\t<div class=\"elementor-element elementor-element-462784d e-con-full e-flex e-con e-child\" data-id=\"462784d\" data-element_type=\"container\" data-settings=\"{&quot;jet_parallax_layout_list&quot;:[]}\">\n\t\t\t\t<div class=\"elementor-element elementor-element-6f26017 elementor-widget elementor-widget-image\" data-id=\"6f26017\" data-element_type=\"widget\" data-widget_type=\"image.default\">\n\t\t\t\t<div class=\"elementor-widget-container\">\n\t\t\t\t\t\t\t\t\t\t\t\t\t\t\t<img decoding=\"async\" width=\"820\" height=\"500\" src=\"https:\/\/www.piccini1882.it\/wp-content\/uploads\/2025\/04\/WhatsApp-Image-2025-04-16-at-10.54.04-3.jpg\" class=\"attachment-large size-large wp-image-32454\" alt=\"\" srcset=\"https:\/\/www.piccini1882.it\/wp-content\/uploads\/2025\/04\/WhatsApp-Image-2025-04-16-at-10.54.04-3.jpg 820w, https:\/\/www.piccini1882.it\/wp-content\/uploads\/2025\/04\/WhatsApp-Image-2025-04-16-at-10.54.04-3-300x183.jpg 300w, https:\/\/www.piccini1882.it\/wp-content\/uploads\/2025\/04\/WhatsApp-Image-2025-04-16-at-10.54.04-3-768x468.jpg 768w, https:\/\/www.piccini1882.it\/wp-content\/uploads\/2025\/04\/WhatsApp-Image-2025-04-16-at-10.54.04-3-800x488.jpg 800w\" sizes=\"(max-width: 820px) 100vw, 820px\" \/>\t\t\t\t\t\t\t\t\t\t\t\t\t\t\t<\/div>\n\t\t\t\t<\/div>\n\t\t\t\t<\/div>\n\t\t\t\t<\/div>\n\t\t\t\t<\/div>\n\t\t","protected":false},"excerpt":{"rendered":"<p>Oliven\u00f6l-Verkostungsspiel CASTELLINA IN CHIANTI Entdecken Sie die Kunst des nativen Oliven\u00f6ls extra mit gef\u00fchrten Verkostungen und einem einzigartigen und fesselnden sensorischen Spiel. Wollten Sie schon immer die Geheimnisse eines guten nativen Oliven\u00f6ls extra entdecken? Bei diesem interaktiven Erlebnis k\u00f6nnen Sie lernen, wie man ein hochwertiges \u00d6l erkennt und die Produktionsentscheidungen versteht, die seinen Geschmack und [&hellip;]<\/p>\n","protected":false},"author":1,"featured_media":0,"parent":31179,"menu_order":0,"comment_status":"closed","ping_status":"closed","template":"","meta":{"_acf_changed":false,"footnotes":""},"class_list":["post-31220","page","type-page","status-publish","hentry"],"acf":[],"_links":{"self":[{"href":"https:\/\/www.piccini1882.it\/de\/wp-json\/wp\/v2\/pages\/31220","targetHints":{"allow":["GET"]}}],"collection":[{"href":"https:\/\/www.piccini1882.it\/de\/wp-json\/wp\/v2\/pages"}],"about":[{"href":"https:\/\/www.piccini1882.it\/de\/wp-json\/wp\/v2\/types\/page"}],"author":[{"embeddable":true,"href":"https:\/\/www.piccini1882.it\/de\/wp-json\/wp\/v2\/users\/1"}],"replies":[{"embeddable":true,"href":"https:\/\/www.piccini1882.it\/de\/wp-json\/wp\/v2\/comments?post=31220"}],"version-history":[{"count":9,"href":"https:\/\/www.piccini1882.it\/de\/wp-json\/wp\/v2\/pages\/31220\/revisions"}],"predecessor-version":[{"id":32646,"href":"https:\/\/www.piccini1882.it\/de\/wp-json\/wp\/v2\/pages\/31220\/revisions\/32646"}],"up":[{"embeddable":true,"href":"https:\/\/www.piccini1882.it\/de\/wp-json\/wp\/v2\/pages\/31179"}],"wp:attachment":[{"href":"https:\/\/www.piccini1882.it\/de\/wp-json\/wp\/v2\/media?parent=31220"}],"curies":[{"name":"wp","href":"https:\/\/api.w.org\/{rel}","templated":true}]}}