{"id":31244,"date":"2025-03-31T16:19:29","date_gmt":"2025-03-31T14:19:29","guid":{"rendered":"https:\/\/www.piccini1882.it\/?page_id=31244"},"modified":"2025-04-16T14:02:23","modified_gmt":"2025-04-16T12:02:23","slug":"verantwortungsvolle-lieferketten-2-2","status":"publish","type":"page","link":"https:\/\/www.piccini1882.it\/de\/presseraum-3\/verantwortungsvolle-lieferketten-2-2\/","title":{"rendered":"Oliven\u00f6l-Verkostungsspiel &#8211; San Gimignano"},"content":{"rendered":"\t\t<div data-elementor-type=\"wp-page\" data-elementor-id=\"31244\" class=\"elementor elementor-31244 elementor-31243\" data-elementor-post-type=\"page\">\n\t\t\t\t<div class=\"elementor-element elementor-element-10705c3 e-con-full e-flex e-con e-parent\" data-id=\"10705c3\" data-element_type=\"container\" data-settings=\"{&quot;jet_parallax_layout_list&quot;:[]}\">\n\t\t\t\t<div class=\"elementor-element elementor-element-bfffb1e elementor-widget elementor-widget-image\" data-id=\"bfffb1e\" data-element_type=\"widget\" data-widget_type=\"image.default\">\n\t\t\t\t<div class=\"elementor-widget-container\">\n\t\t\t\t\t\t\t\t\t\t\t\t\t\t\t<img decoding=\"async\" width=\"2560\" height=\"1049\" src=\"https:\/\/www.piccini1882.it\/wp-content\/uploads\/2025\/04\/Olio-3-1.jpg\" class=\"attachment-full size-full wp-image-32569\" alt=\"\" srcset=\"https:\/\/www.piccini1882.it\/wp-content\/uploads\/2025\/04\/Olio-3-1.jpg 2560w, https:\/\/www.piccini1882.it\/wp-content\/uploads\/2025\/04\/Olio-3-1-300x123.jpg 300w, https:\/\/www.piccini1882.it\/wp-content\/uploads\/2025\/04\/Olio-3-1-1024x420.jpg 1024w, https:\/\/www.piccini1882.it\/wp-content\/uploads\/2025\/04\/Olio-3-1-768x315.jpg 768w, https:\/\/www.piccini1882.it\/wp-content\/uploads\/2025\/04\/Olio-3-1-1536x629.jpg 1536w, https:\/\/www.piccini1882.it\/wp-content\/uploads\/2025\/04\/Olio-3-1-2048x839.jpg 2048w, https:\/\/www.piccini1882.it\/wp-content\/uploads\/2025\/04\/Olio-3-1-800x328.jpg 800w\" sizes=\"(max-width: 2560px) 100vw, 2560px\" \/>\t\t\t\t\t\t\t\t\t\t\t\t\t\t\t<\/div>\n\t\t\t\t<\/div>\n\t\t\t\t<\/div>\n\t\t<div class=\"elementor-element elementor-element-3ba75ac e-flex e-con-boxed e-con e-parent\" data-id=\"3ba75ac\" data-element_type=\"container\" data-settings=\"{&quot;jet_parallax_layout_list&quot;:[]}\">\n\t\t\t\t\t<div class=\"e-con-inner\">\n\t\t<div class=\"elementor-element elementor-element-66fc237 e-con-full e-flex e-con e-child\" data-id=\"66fc237\" data-element_type=\"container\" data-settings=\"{&quot;jet_parallax_layout_list&quot;:[]}\">\n\t\t<div class=\"elementor-element elementor-element-6e3f026 e-flex e-con-boxed e-con e-child\" data-id=\"6e3f026\" data-element_type=\"container\" data-settings=\"{&quot;jet_parallax_layout_list&quot;:[]}\">\n\t\t\t\t\t<div class=\"e-con-inner\">\n\t\t<div class=\"elementor-element elementor-element-d2549fb e-con-full e-flex e-con e-child\" data-id=\"d2549fb\" data-element_type=\"container\" data-settings=\"{&quot;jet_parallax_layout_list&quot;:[]}\">\n\t\t\t\t<div class=\"elementor-element elementor-element-246c8b3 subtitle-position-above elementor-widget__width-initial elementor-mobile-align-center elementor-widget-mobile__width-inherit elementor-widget-tablet__width-inherit elementor-align-center elementor-widget elementor-widget-hnice-heading\" data-id=\"246c8b3\" data-element_type=\"widget\" data-widget_type=\"hnice-heading.default\">\n\t\t\t\t<div class=\"elementor-widget-container\">\n\t\t\t\t\t<div class=\"elementor-heading-wrapper-inner\"><h2 class=\"elementor-heading-title elementor-size-default\">Oliven\u00f6l-Verkostungsspiel<\/h2><div class=\"elementor-sub-title\">San Gimignano<\/div><\/div>\t\t\t\t<\/div>\n\t\t\t\t<\/div>\n\t\t<div class=\"elementor-element elementor-element-95c2e8c e-con-full e-flex e-con e-child\" data-id=\"95c2e8c\" data-element_type=\"container\" data-settings=\"{&quot;jet_parallax_layout_list&quot;:[]}\">\n\t\t\t\t<div class=\"elementor-element elementor-element-d77c28c elementor-widget-laptop__width-inherit elementor-widget elementor-widget-text-editor\" data-id=\"d77c28c\" data-element_type=\"widget\" data-widget_type=\"text-editor.default\">\n\t\t\t\t<div class=\"elementor-widget-container\">\n\t\t\t\t\t\t\t\t\t<h5>Entdecken Sie die Kunst des nativen Oliven\u00f6ls extra mit gef\u00fchrten Verkostungen und einem einzigartigen und fesselnden sensorischen Spiel.<\/h5>\t\t\t\t\t\t\t\t<\/div>\n\t\t\t\t<\/div>\n\t\t\t\t<div class=\"elementor-element elementor-element-2e2ce8d elementor-widget-laptop__width-inherit elementor-widget elementor-widget-text-editor\" data-id=\"2e2ce8d\" data-element_type=\"widget\" data-widget_type=\"text-editor.default\">\n\t\t\t\t<div class=\"elementor-widget-container\">\n\t\t\t\t\t\t\t\t\t<p><strong>Wollten Sie schon immer die Geheimnisse eines guten nativen Oliven\u00f6ls extra entdecken?  <\/strong><\/p><p>Bei diesem interaktiven Erlebnis lernen Sie, wie Sie ein \u00d6l von hervorragender Qualit\u00e4t erkennen und die Produktionsentscheidungen verstehen, die Geschmack und Aroma beeinflussen. Wir werden vier verschiedene \u00d6le verkosten, die Unterschiede in Herstellung, Struktur und Stil erkunden und Ihre sensorischen F\u00e4higkeiten durch ein lustiges Verkostungsspiel testen. <\/p><p>Fordern Sie Ihre Sinne heraus, lernen Sie, D\u00fcfte und Geschm\u00e4cker zu unterscheiden, und werden Sie zu einem echten Experten f\u00fcr das gr\u00fcne Gold Italiens.<\/p><p><strong>Buchen Sie jetzt und entdecken Sie, wie die Kunst des \u00d6ls den Geschmack trifft!<\/strong><\/p>\t\t\t\t\t\t\t\t<\/div>\n\t\t\t\t<\/div>\n\t\t\t\t<div class=\"elementor-element elementor-element-fd36d60 elementor-widget-laptop__width-inherit elementor-hidden-desktop elementor-hidden-laptop elementor-widget elementor-widget-text-editor\" data-id=\"fd36d60\" data-element_type=\"widget\" data-widget_type=\"text-editor.default\">\n\t\t\t\t<div class=\"elementor-widget-container\">\n\t\t\t\t\t\t\t\t\t<p><strong>WO?  <\/strong><a href=\"https:\/\/maps.app.goo.gl\/2gsvcdZaY8eN8soh8\" target=\"_blank\" rel=\"noopener\">WEINHANDLUNG GEOGRAFICO, SAN GIMIGNANO<\/a><\/p>\t\t\t\t\t\t\t\t<\/div>\n\t\t\t\t<\/div>\n\t\t\t\t<div class=\"elementor-element elementor-element-f0a8364 elementor-widget-laptop__width-inherit elementor-hidden-tablet_extra elementor-hidden-tablet elementor-hidden-mobile_extra elementor-hidden-mobile elementor-widget elementor-widget-text-editor\" data-id=\"f0a8364\" data-element_type=\"widget\" data-widget_type=\"text-editor.default\">\n\t\t\t\t<div class=\"elementor-widget-container\">\n\t\t\t\t\t\t\t\t\t<p><strong>WO?  <\/strong><a href=\"https:\/\/maps.app.goo.gl\/2gsvcdZaY8eN8soh8\" target=\"_blank\" rel=\"noopener\">WEINHANDLUNG GEOGRAFICO, SAN GIMIGNANO<\/a><\/p>\t\t\t\t\t\t\t\t<\/div>\n\t\t\t\t<\/div>\n\t\t\t\t<div class=\"elementor-element elementor-element-640144d elementor-align-center elementor-button-outline elementor-widget elementor-widget-button\" data-id=\"640144d\" data-element_type=\"widget\" data-widget_type=\"button.default\">\n\t\t\t\t<div class=\"elementor-widget-container\">\n\t\t\t\t\t\t\t\t\t<div class=\"elementor-button-wrapper\">\n\t\t\t\t\t<a class=\"elementor-button elementor-button-link elementor-size-sm\" href=\"https:\/\/fareharbor.com\/embeds\/book\/chiantigeografico\/items\/613549\/?full-items=yes&#038;flow=1349076\" target=\"_blank\" rel=\"noopener\">\n\t\t\t\t\t\t<span class=\"elementor-button-content-wrapper\">\n\t\t\t\t\t\t<span class=\"elementor-button-icon\">\n\t\t\t\t<i aria-hidden=\"true\" class=\"hnice-icon- hnice-icon-right-arrow\"><\/i>\t\t\t<\/span>\n\t\t\t\t\t\t\t\t\t<span class=\"elementor-button-text\">BUCHERLEBNIS<\/span>\n\t\t\t\t\t<\/span>\n\t\t\t\t\t<\/a>\n\t\t\t\t<\/div>\n\t\t\t\t\t\t\t\t<\/div>\n\t\t\t\t<\/div>\n\t\t\t\t<\/div>\n\t\t\t\t<\/div>\n\t\t\t\t\t<\/div>\n\t\t\t\t<\/div>\n\t\t\t\t<\/div>\n\t\t\t\t\t<\/div>\n\t\t\t\t<\/div>\n\t\t<div class=\"elementor-element elementor-element-a4b8e2f e-con-full elementor-hidden-desktop elementor-hidden-laptop e-flex e-con e-parent\" data-id=\"a4b8e2f\" data-element_type=\"container\" data-settings=\"{&quot;jet_parallax_layout_list&quot;:[]}\">\n\t\t\t\t<div class=\"elementor-element elementor-element-4183342 elementor-widget-laptop__width-inherit elementor-widget elementor-widget-text-editor\" data-id=\"4183342\" data-element_type=\"widget\" data-widget_type=\"text-editor.default\">\n\t\t\t\t<div class=\"elementor-widget-container\">\n\t\t\t\t\t\t\t\t\t<p><strong>DAUER DES ERLEBNISSES: <\/strong>45 MINUTEN<br><strong>WANN: <\/strong>GANZJ\u00c4HRIG<br><strong>TAGE UND ZEITEN: <\/strong>MONTAGS BIS SAMSTAGS UM 10:00 UND 12:00 UHR<\/p>\t\t\t\t\t\t\t\t<\/div>\n\t\t\t\t<\/div>\n\t\t\t\t<\/div>\n\t\t<div class=\"elementor-element elementor-element-59a05d9 e-con-full elementor-hidden-tablet_extra elementor-hidden-tablet elementor-hidden-mobile_extra elementor-hidden-mobile e-flex e-con e-parent\" data-id=\"59a05d9\" data-element_type=\"container\" data-settings=\"{&quot;jet_parallax_layout_list&quot;:[]}\">\n\t\t\t\t<div class=\"elementor-element elementor-element-29fb594 elementor-widget-laptop__width-inherit elementor-widget elementor-widget-text-editor\" data-id=\"29fb594\" data-element_type=\"widget\" data-widget_type=\"text-editor.default\">\n\t\t\t\t<div class=\"elementor-widget-container\">\n\t\t\t\t\t\t\t\t\t<p><strong>DAUER: <\/strong>45 MINUTEN <strong> | WANN: <\/strong>GANZJ\u00c4HRIG<strong> | TAGE UND ZEITEN: <\/strong>MONTAG BIS SAMSTAG 10 UND 12 UHR<\/p>\t\t\t\t\t\t\t\t<\/div>\n\t\t\t\t<\/div>\n\t\t\t\t<\/div>\n\t\t<div class=\"elementor-element elementor-element-c5df7e7 elementor-hidden-desktop elementor-hidden-laptop e-flex e-con-boxed e-con e-parent\" data-id=\"c5df7e7\" data-element_type=\"container\" data-settings=\"{&quot;jet_parallax_layout_list&quot;:[]}\">\n\t\t\t\t\t<div class=\"e-con-inner\">\n\t\t<div class=\"elementor-element elementor-element-6eafc8f e-con-full e-flex e-con e-child\" data-id=\"6eafc8f\" data-element_type=\"container\" data-settings=\"{&quot;jet_parallax_layout_list&quot;:[]}\">\n\t\t\t\t<div class=\"elementor-element elementor-element-cc7af6c elementor-widget elementor-widget-image\" data-id=\"cc7af6c\" data-element_type=\"widget\" data-widget_type=\"image.default\">\n\t\t\t\t<div class=\"elementor-widget-container\">\n\t\t\t\t\t\t\t\t\t\t\t\t\t\t\t<img decoding=\"async\" width=\"820\" height=\"500\" src=\"https:\/\/www.piccini1882.it\/wp-content\/uploads\/2025\/04\/WhatsApp-Image-2025-04-16-at-10.54.05-2.jpg\" class=\"attachment-large size-large wp-image-32466\" alt=\"\" srcset=\"https:\/\/www.piccini1882.it\/wp-content\/uploads\/2025\/04\/WhatsApp-Image-2025-04-16-at-10.54.05-2.jpg 820w, https:\/\/www.piccini1882.it\/wp-content\/uploads\/2025\/04\/WhatsApp-Image-2025-04-16-at-10.54.05-2-300x183.jpg 300w, https:\/\/www.piccini1882.it\/wp-content\/uploads\/2025\/04\/WhatsApp-Image-2025-04-16-at-10.54.05-2-768x468.jpg 768w, https:\/\/www.piccini1882.it\/wp-content\/uploads\/2025\/04\/WhatsApp-Image-2025-04-16-at-10.54.05-2-800x488.jpg 800w\" sizes=\"(max-width: 820px) 100vw, 820px\" \/>\t\t\t\t\t\t\t\t\t\t\t\t\t\t\t<\/div>\n\t\t\t\t<\/div>\n\t\t\t\t<\/div>\n\t\t<div class=\"elementor-element elementor-element-2ccb4b1 e-con-full e-flex e-con e-child\" data-id=\"2ccb4b1\" data-element_type=\"container\" data-settings=\"{&quot;jet_parallax_layout_list&quot;:[]}\">\n\t\t\t\t<div class=\"elementor-element elementor-element-6333750 elementor-widget elementor-widget-image\" data-id=\"6333750\" data-element_type=\"widget\" data-widget_type=\"image.default\">\n\t\t\t\t<div class=\"elementor-widget-container\">\n\t\t\t\t\t\t\t\t\t\t\t\t\t\t\t<img decoding=\"async\" width=\"820\" height=\"500\" src=\"https:\/\/www.piccini1882.it\/wp-content\/uploads\/2025\/04\/WhatsApp-Image-2025-04-16-at-10.54.04.jpg\" class=\"attachment-large size-large wp-image-32458\" alt=\"\" srcset=\"https:\/\/www.piccini1882.it\/wp-content\/uploads\/2025\/04\/WhatsApp-Image-2025-04-16-at-10.54.04.jpg 820w, https:\/\/www.piccini1882.it\/wp-content\/uploads\/2025\/04\/WhatsApp-Image-2025-04-16-at-10.54.04-300x183.jpg 300w, https:\/\/www.piccini1882.it\/wp-content\/uploads\/2025\/04\/WhatsApp-Image-2025-04-16-at-10.54.04-768x468.jpg 768w, https:\/\/www.piccini1882.it\/wp-content\/uploads\/2025\/04\/WhatsApp-Image-2025-04-16-at-10.54.04-800x488.jpg 800w\" sizes=\"(max-width: 820px) 100vw, 820px\" \/>\t\t\t\t\t\t\t\t\t\t\t\t\t\t\t<\/div>\n\t\t\t\t<\/div>\n\t\t\t\t<\/div>\n\t\t\t\t\t<\/div>\n\t\t\t\t<\/div>\n\t\t<div class=\"elementor-element elementor-element-01f413f elementor-hidden-tablet_extra elementor-hidden-tablet elementor-hidden-mobile_extra elementor-hidden-mobile e-con-full e-flex e-con e-parent\" data-id=\"01f413f\" data-element_type=\"container\" data-settings=\"{&quot;jet_parallax_layout_list&quot;:[]}\">\n\t\t<div class=\"elementor-element elementor-element-36e955f e-con-full e-flex e-con e-child\" data-id=\"36e955f\" data-element_type=\"container\" data-settings=\"{&quot;jet_parallax_layout_list&quot;:[]}\">\n\t\t\t\t<div class=\"elementor-element elementor-element-c952d7f elementor-widget elementor-widget-image\" data-id=\"c952d7f\" data-element_type=\"widget\" data-widget_type=\"image.default\">\n\t\t\t\t<div class=\"elementor-widget-container\">\n\t\t\t\t\t\t\t\t\t\t\t\t\t\t\t<img decoding=\"async\" width=\"820\" height=\"500\" src=\"https:\/\/www.piccini1882.it\/wp-content\/uploads\/2025\/04\/WhatsApp-Image-2025-04-16-at-10.54.04.jpg\" class=\"attachment-large size-large wp-image-32458\" alt=\"\" srcset=\"https:\/\/www.piccini1882.it\/wp-content\/uploads\/2025\/04\/WhatsApp-Image-2025-04-16-at-10.54.04.jpg 820w, https:\/\/www.piccini1882.it\/wp-content\/uploads\/2025\/04\/WhatsApp-Image-2025-04-16-at-10.54.04-300x183.jpg 300w, https:\/\/www.piccini1882.it\/wp-content\/uploads\/2025\/04\/WhatsApp-Image-2025-04-16-at-10.54.04-768x468.jpg 768w, https:\/\/www.piccini1882.it\/wp-content\/uploads\/2025\/04\/WhatsApp-Image-2025-04-16-at-10.54.04-800x488.jpg 800w\" sizes=\"(max-width: 820px) 100vw, 820px\" \/>\t\t\t\t\t\t\t\t\t\t\t\t\t\t\t<\/div>\n\t\t\t\t<\/div>\n\t\t\t\t<\/div>\n\t\t<div class=\"elementor-element elementor-element-f408f41 e-con-full e-flex e-con e-child\" data-id=\"f408f41\" data-element_type=\"container\" data-settings=\"{&quot;jet_parallax_layout_list&quot;:[]}\">\n\t\t\t\t<div class=\"elementor-element elementor-element-7ca27e8 elementor-widget elementor-widget-image\" data-id=\"7ca27e8\" data-element_type=\"widget\" data-widget_type=\"image.default\">\n\t\t\t\t<div class=\"elementor-widget-container\">\n\t\t\t\t\t\t\t\t\t\t\t\t\t\t\t<img decoding=\"async\" width=\"820\" height=\"500\" src=\"https:\/\/www.piccini1882.it\/wp-content\/uploads\/2025\/04\/WhatsApp-Image-2025-04-16-at-10.54.05.jpg\" class=\"attachment-large size-large wp-image-32470\" alt=\"\" srcset=\"https:\/\/www.piccini1882.it\/wp-content\/uploads\/2025\/04\/WhatsApp-Image-2025-04-16-at-10.54.05.jpg 820w, https:\/\/www.piccini1882.it\/wp-content\/uploads\/2025\/04\/WhatsApp-Image-2025-04-16-at-10.54.05-300x183.jpg 300w, https:\/\/www.piccini1882.it\/wp-content\/uploads\/2025\/04\/WhatsApp-Image-2025-04-16-at-10.54.05-768x468.jpg 768w, https:\/\/www.piccini1882.it\/wp-content\/uploads\/2025\/04\/WhatsApp-Image-2025-04-16-at-10.54.05-800x488.jpg 800w\" sizes=\"(max-width: 820px) 100vw, 820px\" \/>\t\t\t\t\t\t\t\t\t\t\t\t\t\t\t<\/div>\n\t\t\t\t<\/div>\n\t\t\t\t<\/div>\n\t\t<div class=\"elementor-element elementor-element-d651fcb e-con-full e-flex e-con e-child\" data-id=\"d651fcb\" data-element_type=\"container\" data-settings=\"{&quot;jet_parallax_layout_list&quot;:[]}\">\n\t\t\t\t<div class=\"elementor-element elementor-element-5aa985e elementor-widget elementor-widget-image\" data-id=\"5aa985e\" data-element_type=\"widget\" data-widget_type=\"image.default\">\n\t\t\t\t<div class=\"elementor-widget-container\">\n\t\t\t\t\t\t\t\t\t\t\t\t\t\t\t<img decoding=\"async\" width=\"820\" height=\"500\" src=\"https:\/\/www.piccini1882.it\/wp-content\/uploads\/2025\/04\/WhatsApp-Image-2025-04-16-at-10.54.04-3.jpg\" class=\"attachment-large size-large wp-image-32454\" alt=\"\" srcset=\"https:\/\/www.piccini1882.it\/wp-content\/uploads\/2025\/04\/WhatsApp-Image-2025-04-16-at-10.54.04-3.jpg 820w, https:\/\/www.piccini1882.it\/wp-content\/uploads\/2025\/04\/WhatsApp-Image-2025-04-16-at-10.54.04-3-300x183.jpg 300w, https:\/\/www.piccini1882.it\/wp-content\/uploads\/2025\/04\/WhatsApp-Image-2025-04-16-at-10.54.04-3-768x468.jpg 768w, https:\/\/www.piccini1882.it\/wp-content\/uploads\/2025\/04\/WhatsApp-Image-2025-04-16-at-10.54.04-3-800x488.jpg 800w\" sizes=\"(max-width: 820px) 100vw, 820px\" \/>\t\t\t\t\t\t\t\t\t\t\t\t\t\t\t<\/div>\n\t\t\t\t<\/div>\n\t\t\t\t<\/div>\n\t\t\t\t<\/div>\n\t\t\t\t<\/div>\n\t\t","protected":false},"excerpt":{"rendered":"<p>Oliven\u00f6l-Verkostungsspiel San Gimignano Entdecken Sie die Kunst des nativen Oliven\u00f6ls extra mit gef\u00fchrten Verkostungen und einem einzigartigen und fesselnden sensorischen Spiel. Wollten Sie schon immer die Geheimnisse eines guten nativen Oliven\u00f6ls extra entdecken? Bei diesem interaktiven Erlebnis lernen Sie, wie Sie ein \u00d6l von hervorragender Qualit\u00e4t erkennen und die Produktionsentscheidungen verstehen, die Geschmack und Aroma [&hellip;]<\/p>\n","protected":false},"author":1,"featured_media":0,"parent":31179,"menu_order":0,"comment_status":"closed","ping_status":"closed","template":"","meta":{"_acf_changed":false,"footnotes":""},"class_list":["post-31244","page","type-page","status-publish","hentry"],"acf":[],"_links":{"self":[{"href":"https:\/\/www.piccini1882.it\/de\/wp-json\/wp\/v2\/pages\/31244","targetHints":{"allow":["GET"]}}],"collection":[{"href":"https:\/\/www.piccini1882.it\/de\/wp-json\/wp\/v2\/pages"}],"about":[{"href":"https:\/\/www.piccini1882.it\/de\/wp-json\/wp\/v2\/types\/page"}],"author":[{"embeddable":true,"href":"https:\/\/www.piccini1882.it\/de\/wp-json\/wp\/v2\/users\/1"}],"replies":[{"embeddable":true,"href":"https:\/\/www.piccini1882.it\/de\/wp-json\/wp\/v2\/comments?post=31244"}],"version-history":[{"count":10,"href":"https:\/\/www.piccini1882.it\/de\/wp-json\/wp\/v2\/pages\/31244\/revisions"}],"predecessor-version":[{"id":32670,"href":"https:\/\/www.piccini1882.it\/de\/wp-json\/wp\/v2\/pages\/31244\/revisions\/32670"}],"up":[{"embeddable":true,"href":"https:\/\/www.piccini1882.it\/de\/wp-json\/wp\/v2\/pages\/31179"}],"wp:attachment":[{"href":"https:\/\/www.piccini1882.it\/de\/wp-json\/wp\/v2\/media?parent=31244"}],"curies":[{"name":"wp","href":"https:\/\/api.w.org\/{rel}","templated":true}]}}