{"id":27205,"date":"2024-08-29T10:24:30","date_gmt":"2024-08-29T08:24:30","guid":{"rendered":"https:\/\/www.piccini1882.it\/product\/graefin-von-radda-4\/"},"modified":"2024-08-29T10:24:30","modified_gmt":"2024-08-29T08:24:30","slug":"graefin-von-radda-4","status":"publish","type":"product","link":"https:\/\/www.piccini1882.it\/de\/produkt\/graefin-von-radda-4\/","title":{"rendered":"Gr\u00e4fin von Radda"},"content":{"rendered":"","protected":false},"excerpt":{"rendered":"<div class=\"page\" title=\"Seite 1\">\n<div class=\"layoutArea\">\n<div class=\"column\">\n<div class=\"page\" title=\"Seite 1\">\n<div class=\"layoutArea\">\n<div class=\"column\">\n<div class=\"page\" title=\"Seite 1\">\n<div class=\"layoutArea\">\n<div class=\"column\">\n<div class=\"page\" title=\"Seite 1\">\n<div class=\"layoutArea\">\n<div class=\"column\">\n<div class=\"page\" title=\"Seite 1\">\n<div class=\"layoutArea\">\n<div class=\"column\">\n<div class=\"page\" title=\"Seite 1\">\n<div class=\"layoutArea\">\n<div class=\"column\">\n<div class=\"page\" title=\"Seite 1\">\n<div class=\"layoutArea\">\n<div class=\"column\">\n<div class=\"page\" title=\"Seite 1\">\n<div class=\"layoutArea\">\n<div class=\"column\">\n<div class=\"page\" title=\"Seite 1\">\n<div class=\"layoutArea\">\n<div class=\"column\">\n<div class=\"page\" title=\"Seite 1\">\n<div class=\"layoutArea\">\n<div class=\"column\">\n<p>Jeder Tropfen dieser kostbaren Auswahl an Weinen erinnert an die tiefe Verbundenheit mit dem Gebiet und bewahrt die alte Weinbautradition, die von den lokalen Winzern eifers\u00fcchtig weitergegeben wird. Nur die besten Trauben k\u00f6nnen das prestigetr\u00e4chtige Etikett &#8220;Contessa di Radda&#8221; tragen, das die Geschichte des Geografico seit 1978 begleitet, dem Jahr der ersten historischen Ernte, die die Fahne des Chianti Classico Landes hochhielt. Mit seinen eleganten Aromen ist &#8216;Contessa di Radda&#8217; ein zartes Liebesgedicht an die Tradition und Sch\u00f6nheit, die uns seit Jahrhunderten umgibt.  <\/p>\n<\/div>\n<\/div>\n<\/div>\n<\/div>\n<\/div>\n<\/div>\n<\/div>\n<\/div>\n<\/div>\n<\/div>\n<\/div>\n<\/div>\n<\/div>\n<\/div>\n<\/div>\n<\/div>\n<\/div>\n<\/div>\n<\/div>\n<\/div>\n<\/div>\n<\/div>\n<\/div>\n<\/div>\n<\/div>\n<\/div>\n<\/div>\n<\/div>\n<\/div>\n<\/div>\n","protected":false},"featured_media":27191,"template":"","meta":{"_acf_changed":false},"product_cat":[265,284,299,261],"product_tag":[],"class_list":{"0":"post-27205","1":"product","2":"type-product","3":"status-publish","4":"has-post-thumbnail","6":"product_cat-docg-de","7":"product_cat-geografische","8":"product_cat-grafin-von-radda","9":"product_cat-rot","11":"first","12":"instock","13":"shipping-taxable","14":"product-type-external"},"acf":[],"_links":{"self":[{"href":"https:\/\/www.piccini1882.it\/de\/wp-json\/wp\/v2\/product\/27205","targetHints":{"allow":["GET"]}}],"collection":[{"href":"https:\/\/www.piccini1882.it\/de\/wp-json\/wp\/v2\/product"}],"about":[{"href":"https:\/\/www.piccini1882.it\/de\/wp-json\/wp\/v2\/types\/product"}],"wp:featuredmedia":[{"embeddable":true,"href":"https:\/\/www.piccini1882.it\/de\/wp-json\/wp\/v2\/media\/27191"}],"wp:attachment":[{"href":"https:\/\/www.piccini1882.it\/de\/wp-json\/wp\/v2\/media?parent=27205"}],"wp:term":[{"taxonomy":"product_cat","embeddable":true,"href":"https:\/\/www.piccini1882.it\/de\/wp-json\/wp\/v2\/product_cat?post=27205"},{"taxonomy":"product_tag","embeddable":true,"href":"https:\/\/www.piccini1882.it\/de\/wp-json\/wp\/v2\/product_tag?post=27205"}],"curies":[{"name":"wp","href":"https:\/\/api.w.org\/{rel}","templated":true}]}}