{"id":27211,"date":"2024-08-29T10:16:34","date_gmt":"2024-08-29T08:16:34","guid":{"rendered":"https:\/\/www.piccini1882.it\/product\/terziere-di-levante\/"},"modified":"2024-08-29T10:16:34","modified_gmt":"2024-08-29T08:16:34","slug":"terziere-di-levante","status":"publish","type":"product","link":"https:\/\/www.piccini1882.it\/de\/produkt\/terziere-di-levante\/","title":{"rendered":"Terziere di Levante"},"content":{"rendered":"","protected":false},"excerpt":{"rendered":"<div class=\"page\" title=\"Seite 1\">\n<div class=\"layoutArea\">\n<div class=\"column\">\n<div class=\"page\" title=\"Seite 1\">\n<div class=\"layoutArea\">\n<div class=\"column\">\n<div class=\"page\" title=\"Seite 1\">\n<div class=\"layoutArea\">\n<div class=\"column\">\n<div class=\"page\" title=\"Seite 1\">\n<div class=\"layoutArea\">\n<div class=\"column\">\n<div class=\"page\" title=\"Seite 1\">\n<div class=\"layoutArea\">\n<div class=\"column\">\n<div class=\"page\" title=\"Seite 1\">\n<div class=\"layoutArea\">\n<div class=\"column\">\n<div class=\"page\" title=\"Seite 1\">\n<div class=\"layoutArea\">\n<div class=\"column\">\n<div class=\"page\" title=\"Seite 1\">\n<div class=\"layoutArea\">\n<div class=\"column\">\n<p>Zwischen den H\u00fcgeln von Gaiole in Chianti liegt Vertine, ein reizendes mittelalterliches Dorf, das 350 Meter \u00fcber dem Meeresspiegel liegt. An seinen H\u00e4ngen erstrecken sich die Weinberge, aus denen der Terziere di Levante gewonnen wird. Gaiole ist das Mosaikgebiet schlechthin f\u00fcr den Chianti Classico und verk\u00f6rpert viele der hervorstechenden Merkmale dieses Teils der Toskana: von den spritzigsten und entschiedensten bis zu den bombastischsten und w\u00fcrzigsten Noten. <\/p>\n<\/div>\n<\/div>\n<\/div>\n<\/div>\n<\/div>\n<\/div>\n<\/div>\n<\/div>\n<\/div>\n<\/div>\n<\/div>\n<\/div>\n<\/div>\n<\/div>\n<\/div>\n<\/div>\n<\/div>\n<\/div>\n<\/div>\n<\/div>\n<\/div>\n<\/div>\n<\/div>\n<\/div>\n","protected":false},"featured_media":27213,"template":"","meta":{"_acf_changed":false},"product_cat":[302,265,284,261],"product_tag":[],"class_list":{"0":"post-27211","1":"product","2":"type-product","3":"status-publish","4":"has-post-thumbnail","6":"product_cat-die-terzieri","7":"product_cat-docg-de","8":"product_cat-geografische","9":"product_cat-rot","11":"first","12":"instock","13":"shipping-taxable","14":"product-type-external"},"acf":[],"_links":{"self":[{"href":"https:\/\/www.piccini1882.it\/de\/wp-json\/wp\/v2\/product\/27211","targetHints":{"allow":["GET"]}}],"collection":[{"href":"https:\/\/www.piccini1882.it\/de\/wp-json\/wp\/v2\/product"}],"about":[{"href":"https:\/\/www.piccini1882.it\/de\/wp-json\/wp\/v2\/types\/product"}],"wp:featuredmedia":[{"embeddable":true,"href":"https:\/\/www.piccini1882.it\/de\/wp-json\/wp\/v2\/media\/27213"}],"wp:attachment":[{"href":"https:\/\/www.piccini1882.it\/de\/wp-json\/wp\/v2\/media?parent=27211"}],"wp:term":[{"taxonomy":"product_cat","embeddable":true,"href":"https:\/\/www.piccini1882.it\/de\/wp-json\/wp\/v2\/product_cat?post=27211"},{"taxonomy":"product_tag","embeddable":true,"href":"https:\/\/www.piccini1882.it\/de\/wp-json\/wp\/v2\/product_tag?post=27211"}],"curies":[{"name":"wp","href":"https:\/\/api.w.org\/{rel}","templated":true}]}}