{"id":27224,"date":"2024-08-29T10:22:09","date_gmt":"2024-08-29T08:22:09","guid":{"rendered":"https:\/\/www.piccini1882.it\/product\/graefin-von-radda-5\/"},"modified":"2024-08-29T10:22:09","modified_gmt":"2024-08-29T08:22:09","slug":"graefin-von-radda-5","status":"publish","type":"product","link":"https:\/\/www.piccini1882.it\/de\/produkt\/graefin-von-radda-5\/","title":{"rendered":"Gr\u00e4fin von Radda"},"content":{"rendered":"","protected":false},"excerpt":{"rendered":"<div class=\"page\" title=\"Seite 1\">\n<div class=\"layoutArea\">\n<div class=\"column\">\n<div class=\"page\" title=\"Seite 1\">\n<div class=\"layoutArea\">\n<div class=\"column\">\n<div class=\"page\" title=\"Seite 1\">\n<div class=\"layoutArea\">\n<div class=\"column\">\n<div class=\"page\" title=\"Seite 1\">\n<div class=\"layoutArea\">\n<div class=\"column\">\n<div class=\"page\" title=\"Seite 1\">\n<div class=\"layoutArea\">\n<div class=\"column\">\n<div class=\"page\" title=\"Seite 1\">\n<div class=\"layoutArea\">\n<div class=\"column\">\n<div class=\"page\" title=\"Seite 1\">\n<div class=\"layoutArea\">\n<div class=\"column\">\n<div class=\"page\" title=\"Seite 1\">\n<div class=\"layoutArea\">\n<div class=\"column\">\n<div class=\"page\" title=\"Seite 1\">\n<div class=\"layoutArea\">\n<div class=\"column\">\n<p>Das Flaggschiff von Geografico, die Linie &#8216;Contessa di Radda&#8217;, kann sich einer alten und glorreichen Tradition r\u00fchmen. Der Name zelebriert die Geschichte des Chianti Classico und ist eine Hommage an die ber\u00fchmte Willa aus der Toskana. Willa war eine starke und mutige Frau, die in den schwierigen Jahren des 10. Jahrhunderts zusammen mit ihrem Sohn Ugo, den Dante in der G\u00f6ttlichen Kom\u00f6die als &#8216;Gro\u00dfer Baron&#8217; bezeichnete, die Geschicke der Toskana lenkte.  <\/p>\n<\/div>\n<\/div>\n<\/div>\n<\/div>\n<\/div>\n<\/div>\n<\/div>\n<\/div>\n<\/div>\n<\/div>\n<\/div>\n<\/div>\n<\/div>\n<\/div>\n<\/div>\n<\/div>\n<\/div>\n<\/div>\n<\/div>\n<\/div>\n<\/div>\n<\/div>\n<\/div>\n<\/div>\n<\/div>\n<\/div>\n<\/div>\n","protected":false},"featured_media":27227,"template":"","meta":{"_acf_changed":false},"product_cat":[265,284,299,261],"product_tag":[],"class_list":{"0":"post-27224","1":"product","2":"type-product","3":"status-publish","4":"has-post-thumbnail","6":"product_cat-docg-de","7":"product_cat-geografische","8":"product_cat-grafin-von-radda","9":"product_cat-rot","11":"first","12":"instock","13":"shipping-taxable","14":"product-type-external"},"acf":[],"_links":{"self":[{"href":"https:\/\/www.piccini1882.it\/de\/wp-json\/wp\/v2\/product\/27224","targetHints":{"allow":["GET"]}}],"collection":[{"href":"https:\/\/www.piccini1882.it\/de\/wp-json\/wp\/v2\/product"}],"about":[{"href":"https:\/\/www.piccini1882.it\/de\/wp-json\/wp\/v2\/types\/product"}],"wp:featuredmedia":[{"embeddable":true,"href":"https:\/\/www.piccini1882.it\/de\/wp-json\/wp\/v2\/media\/27227"}],"wp:attachment":[{"href":"https:\/\/www.piccini1882.it\/de\/wp-json\/wp\/v2\/media?parent=27224"}],"wp:term":[{"taxonomy":"product_cat","embeddable":true,"href":"https:\/\/www.piccini1882.it\/de\/wp-json\/wp\/v2\/product_cat?post=27224"},{"taxonomy":"product_tag","embeddable":true,"href":"https:\/\/www.piccini1882.it\/de\/wp-json\/wp\/v2\/product_tag?post=27224"}],"curies":[{"name":"wp","href":"https:\/\/api.w.org\/{rel}","templated":true}]}}