{"id":27232,"date":"2024-08-29T10:14:56","date_gmt":"2024-08-29T08:14:56","guid":{"rendered":"https:\/\/www.piccini1882.it\/product\/terziere-di-tramontano\/"},"modified":"2024-08-29T10:14:56","modified_gmt":"2024-08-29T08:14:56","slug":"terziere-di-tramontano","status":"publish","type":"product","link":"https:\/\/www.piccini1882.it\/de\/produkt\/terziere-di-tramontano\/","title":{"rendered":"Terziere di Tramontano"},"content":{"rendered":"","protected":false},"excerpt":{"rendered":"<div class=\"page\" title=\"Seite 1\">\n<div class=\"layoutArea\">\n<div class=\"column\">\n<div class=\"page\" title=\"Seite 1\">\n<div class=\"layoutArea\">\n<div class=\"column\">\n<div class=\"page\" title=\"Seite 1\">\n<div class=\"layoutArea\">\n<div class=\"column\">\n<div class=\"page\" title=\"Seite 1\">\n<div class=\"layoutArea\">\n<div class=\"column\">\n<div class=\"page\" title=\"Seite 1\">\n<div class=\"layoutArea\">\n<div class=\"column\">\n<div class=\"page\" title=\"Seite 1\">\n<div class=\"layoutArea\">\n<div class=\"column\">\n<div class=\"page\" title=\"Seite 1\">\n<div class=\"layoutArea\">\n<div class=\"column\">\n<p>Die gro\u00dfz\u00fcgigen H\u00fcgel von Radda in Chianti sind die Heimat des Weinbergs, der die Fr\u00fcchte des Terziere di Tramontano tr\u00e4gt. Der Boden ist f\u00fcr den Anbau von Sangiovese aufgrund der k\u00e4lteren Temperaturen als in den anderen beiden Terzieri sehr schwierig. Dennoch erm\u00f6glichen die besonderen klimatischen Bedingungen die Erzeugung eines Chianti Classico von extremer Eleganz, der einen k\u00f6stlichen mineralischen Einfluss verr\u00e4t.  <\/p>\n<\/div>\n<\/div>\n<\/div>\n<\/div>\n<\/div>\n<\/div>\n<\/div>\n<\/div>\n<\/div>\n<\/div>\n<\/div>\n<\/div>\n<\/div>\n<\/div>\n<\/div>\n<\/div>\n<\/div>\n<\/div>\n<\/div>\n<\/div>\n<\/div>\n","protected":false},"featured_media":27234,"template":"","meta":{"_acf_changed":false},"product_cat":[302,265,284,261],"product_tag":[],"class_list":{"0":"post-27232","1":"product","2":"type-product","3":"status-publish","4":"has-post-thumbnail","6":"product_cat-die-terzieri","7":"product_cat-docg-de","8":"product_cat-geografische","9":"product_cat-rot","11":"first","12":"instock","13":"shipping-taxable","14":"product-type-external"},"acf":[],"_links":{"self":[{"href":"https:\/\/www.piccini1882.it\/de\/wp-json\/wp\/v2\/product\/27232","targetHints":{"allow":["GET"]}}],"collection":[{"href":"https:\/\/www.piccini1882.it\/de\/wp-json\/wp\/v2\/product"}],"about":[{"href":"https:\/\/www.piccini1882.it\/de\/wp-json\/wp\/v2\/types\/product"}],"wp:featuredmedia":[{"embeddable":true,"href":"https:\/\/www.piccini1882.it\/de\/wp-json\/wp\/v2\/media\/27234"}],"wp:attachment":[{"href":"https:\/\/www.piccini1882.it\/de\/wp-json\/wp\/v2\/media?parent=27232"}],"wp:term":[{"taxonomy":"product_cat","embeddable":true,"href":"https:\/\/www.piccini1882.it\/de\/wp-json\/wp\/v2\/product_cat?post=27232"},{"taxonomy":"product_tag","embeddable":true,"href":"https:\/\/www.piccini1882.it\/de\/wp-json\/wp\/v2\/product_tag?post=27232"}],"curies":[{"name":"wp","href":"https:\/\/api.w.org\/{rel}","templated":true}]}}