{"id":27248,"date":"2024-08-29T10:01:50","date_gmt":"2024-08-29T08:01:50","guid":{"rendered":"https:\/\/www.piccini1882.it\/product\/terziere-di-ponente\/"},"modified":"2024-08-29T10:01:50","modified_gmt":"2024-08-29T08:01:50","slug":"terziere-di-ponente","status":"publish","type":"product","link":"https:\/\/www.piccini1882.it\/de\/produkt\/terziere-di-ponente\/","title":{"rendered":"Terziere di Ponente"},"content":{"rendered":"","protected":false},"excerpt":{"rendered":"<div class=\"page\" title=\"Seite 1\">\n<div class=\"layoutArea\">\n<div class=\"column\">\n<div class=\"page\" title=\"Seite 1\">\n<div class=\"layoutArea\">\n<div class=\"column\">\n<div class=\"page\" title=\"Seite 1\">\n<div class=\"layoutArea\">\n<div class=\"column\">\n<div class=\"page\" title=\"Seite 1\">\n<div class=\"layoutArea\">\n<div class=\"column\">\n<div class=\"page\" title=\"Seite 1\">\n<div class=\"layoutArea\">\n<div class=\"column\">\n<div class=\"page\" title=\"Seite 1\">\n<div class=\"layoutArea\">\n<div class=\"column\">\n<p>Die komplexen Harmonien des Terziere di Ponente verdanken ihre ausgepr\u00e4gte Ausdruckskraft den Weinbergen an den S\u00fcdh\u00e4ngen von Castellina in Chianti. Der Chianti Classico aus diesen Lagen zeichnet sich durch seinen granithaltigen Charakter aus und zeigt eine unvergleichliche Eleganz, die sein Wesen in der st\u00e4ndigen Dialektik zwischen seinem kr\u00e4ftigen Geist und der erhabenen Anmut seiner Aromen zusammenfasst. <\/p>\n<\/div>\n<\/div>\n<\/div>\n<\/div>\n<\/div>\n<\/div>\n<\/div>\n<\/div>\n<\/div>\n<\/div>\n<\/div>\n<\/div>\n<\/div>\n<\/div>\n<\/div>\n<\/div>\n<\/div>\n<\/div>\n","protected":false},"featured_media":27249,"template":"","meta":{"_acf_changed":false},"product_cat":[302,265,284,261],"product_tag":[],"class_list":{"0":"post-27248","1":"product","2":"type-product","3":"status-publish","4":"has-post-thumbnail","6":"product_cat-die-terzieri","7":"product_cat-docg-de","8":"product_cat-geografische","9":"product_cat-rot","11":"first","12":"instock","13":"shipping-taxable","14":"product-type-external"},"acf":[],"_links":{"self":[{"href":"https:\/\/www.piccini1882.it\/de\/wp-json\/wp\/v2\/product\/27248","targetHints":{"allow":["GET"]}}],"collection":[{"href":"https:\/\/www.piccini1882.it\/de\/wp-json\/wp\/v2\/product"}],"about":[{"href":"https:\/\/www.piccini1882.it\/de\/wp-json\/wp\/v2\/types\/product"}],"wp:featuredmedia":[{"embeddable":true,"href":"https:\/\/www.piccini1882.it\/de\/wp-json\/wp\/v2\/media\/27249"}],"wp:attachment":[{"href":"https:\/\/www.piccini1882.it\/de\/wp-json\/wp\/v2\/media?parent=27248"}],"wp:term":[{"taxonomy":"product_cat","embeddable":true,"href":"https:\/\/www.piccini1882.it\/de\/wp-json\/wp\/v2\/product_cat?post=27248"},{"taxonomy":"product_tag","embeddable":true,"href":"https:\/\/www.piccini1882.it\/de\/wp-json\/wp\/v2\/product_tag?post=27248"}],"curies":[{"name":"wp","href":"https:\/\/api.w.org\/{rel}","templated":true}]}}