{"id":27286,"date":"2024-08-28T13:51:18","date_gmt":"2024-08-28T11:51:18","guid":{"rendered":"https:\/\/www.piccini1882.it\/product\/chianti-bio-gold-kollektion\/"},"modified":"2024-08-28T13:51:18","modified_gmt":"2024-08-28T11:51:18","slug":"chianti-bio-gold-kollektion","status":"publish","type":"product","link":"https:\/\/www.piccini1882.it\/de\/produkt\/chianti-bio-gold-kollektion\/","title":{"rendered":"Chianti Bio Gold Kollektion"},"content":{"rendered":"","protected":false},"excerpt":{"rendered":"<div class=\"page\" title=\"Seite 1\">\n<div class=\"layoutArea\">\n<div class=\"column\">\n<p>Die Trauben des Chianti Bio Collezione Oro werden nach agronomischen Techniken angebaut, die den gr\u00f6\u00dftm\u00f6glichen Respekt f\u00fcr die Umwelt gew\u00e4hrleisten und den Einsatz von synthetischen Pestiziden und Herbiziden zur Kontrolle des Unkrautwachstums verbieten.<\/p>\n<\/div>\n<\/div>\n<\/div>\n","protected":false},"featured_media":27288,"template":"","meta":{"_acf_changed":false},"product_cat":[265,309,306,261],"product_tag":[],"class_list":{"0":"post-27286","1":"product","2":"type-product","3":"status-publish","4":"has-post-thumbnail","6":"product_cat-docg-de","7":"product_cat-gold-kollektion","8":"product_cat-piccini-weine","9":"product_cat-rot","11":"first","12":"instock","13":"shipping-taxable","14":"product-type-external"},"acf":[],"_links":{"self":[{"href":"https:\/\/www.piccini1882.it\/de\/wp-json\/wp\/v2\/product\/27286","targetHints":{"allow":["GET"]}}],"collection":[{"href":"https:\/\/www.piccini1882.it\/de\/wp-json\/wp\/v2\/product"}],"about":[{"href":"https:\/\/www.piccini1882.it\/de\/wp-json\/wp\/v2\/types\/product"}],"wp:featuredmedia":[{"embeddable":true,"href":"https:\/\/www.piccini1882.it\/de\/wp-json\/wp\/v2\/media\/27288"}],"wp:attachment":[{"href":"https:\/\/www.piccini1882.it\/de\/wp-json\/wp\/v2\/media?parent=27286"}],"wp:term":[{"taxonomy":"product_cat","embeddable":true,"href":"https:\/\/www.piccini1882.it\/de\/wp-json\/wp\/v2\/product_cat?post=27286"},{"taxonomy":"product_tag","embeddable":true,"href":"https:\/\/www.piccini1882.it\/de\/wp-json\/wp\/v2\/product_tag?post=27286"}],"curies":[{"name":"wp","href":"https:\/\/api.w.org\/{rel}","templated":true}]}}