{"id":27292,"date":"2024-08-28T13:17:23","date_gmt":"2024-08-28T11:17:23","guid":{"rendered":"https:\/\/www.piccini1882.it\/product\/elf-2\/"},"modified":"2024-08-28T13:17:23","modified_gmt":"2024-08-28T11:17:23","slug":"elf-2","status":"publish","type":"product","link":"https:\/\/www.piccini1882.it\/de\/produkt\/elf-2\/","title":{"rendered":"Elf"},"content":{"rendered":"","protected":false},"excerpt":{"rendered":"<div class=\"page\" title=\"Seite 1\">\n<div class=\"layoutArea\">\n<div class=\"column\">\n<div class=\"page\" title=\"Seite 1\">\n<div class=\"layoutArea\">\n<div class=\"column\">\n<div class=\"page\" title=\"Seite 1\">\n<div class=\"layoutArea\">\n<div class=\"column\">\n<div class=\"page\" title=\"Seite 1\">\n<div class=\"layoutArea\">\n<div class=\"column\">\n<p>Eine sorgf\u00e4ltige Auswahl aus den j\u00fcngsten Weinbergen und ein fr\u00fcher Erntezeitpunkt sind der Schl\u00fcssel zur Herstellung eines Weins mit niedrigem Alkoholgehalt, der sein fruchtiges und duftendes Profil hervorhebt. Das Ergebnis ist ein vielseitiger, frischer und zeitgem\u00e4\u00dfer Wein, der mit der Moderne spielt. <\/p>\n<\/div>\n<\/div>\n<\/div>\n<\/div>\n<\/div>\n<\/div>\n<\/div>\n<\/div>\n<\/div>\n<\/div>\n<\/div>\n<\/div>\n","protected":false},"featured_media":27295,"template":"","meta":{"_acf_changed":false},"product_cat":[306,248],"product_tag":[],"class_list":{"0":"post-27292","1":"product","2":"type-product","3":"status-publish","4":"has-post-thumbnail","6":"product_cat-piccini-weine","7":"product_cat-weis","9":"first","10":"instock","11":"shipping-taxable","12":"product-type-external"},"acf":[],"_links":{"self":[{"href":"https:\/\/www.piccini1882.it\/de\/wp-json\/wp\/v2\/product\/27292","targetHints":{"allow":["GET"]}}],"collection":[{"href":"https:\/\/www.piccini1882.it\/de\/wp-json\/wp\/v2\/product"}],"about":[{"href":"https:\/\/www.piccini1882.it\/de\/wp-json\/wp\/v2\/types\/product"}],"wp:featuredmedia":[{"embeddable":true,"href":"https:\/\/www.piccini1882.it\/de\/wp-json\/wp\/v2\/media\/27295"}],"wp:attachment":[{"href":"https:\/\/www.piccini1882.it\/de\/wp-json\/wp\/v2\/media?parent=27292"}],"wp:term":[{"taxonomy":"product_cat","embeddable":true,"href":"https:\/\/www.piccini1882.it\/de\/wp-json\/wp\/v2\/product_cat?post=27292"},{"taxonomy":"product_tag","embeddable":true,"href":"https:\/\/www.piccini1882.it\/de\/wp-json\/wp\/v2\/product_tag?post=27292"}],"curies":[{"name":"wp","href":"https:\/\/api.w.org\/{rel}","templated":true}]}}