{"id":27299,"date":"2024-08-28T12:55:31","date_gmt":"2024-08-28T10:55:31","guid":{"rendered":"https:\/\/www.piccini1882.it\/product\/brunello-di-montalcino-2\/"},"modified":"2024-08-28T12:55:31","modified_gmt":"2024-08-28T10:55:31","slug":"brunello-di-montalcino-2","status":"publish","type":"product","link":"https:\/\/www.piccini1882.it\/de\/produkt\/brunello-di-montalcino-2\/","title":{"rendered":"Brunello di Montalcino"},"content":{"rendered":"","protected":false},"excerpt":{"rendered":"<div class=\"page\" title=\"Seite 1\">\n<div class=\"layoutArea\">\n<div class=\"column\">\n<div class=\"page\" title=\"Seite 1\">\n<div class=\"layoutArea\">\n<div class=\"column\">\n<p>Der Aufstieg des K\u00f6nigs der toskanischen Weine geht auf das ferne Jahr 1888 zur\u00fcck, dem Jahr seiner historischen ersten Ernte. Seitdem hat der Brunello di Montalcino die Paradigmen der toskanischen \u00d6nologie neu geschrieben und ist in den Olymp der gro\u00dfen internationalen Weine aufgestiegen. <\/p>\n<\/div>\n<\/div>\n<\/div>\n<\/div>\n<\/div>\n<\/div>\n","protected":false},"featured_media":27301,"template":"","meta":{"_acf_changed":false},"product_cat":[265,306,261],"product_tag":[],"class_list":{"0":"post-27299","1":"product","2":"type-product","3":"status-publish","4":"has-post-thumbnail","6":"product_cat-docg-de","7":"product_cat-piccini-weine","8":"product_cat-rot","10":"first","11":"instock","12":"shipping-taxable","13":"product-type-external"},"acf":[],"_links":{"self":[{"href":"https:\/\/www.piccini1882.it\/de\/wp-json\/wp\/v2\/product\/27299","targetHints":{"allow":["GET"]}}],"collection":[{"href":"https:\/\/www.piccini1882.it\/de\/wp-json\/wp\/v2\/product"}],"about":[{"href":"https:\/\/www.piccini1882.it\/de\/wp-json\/wp\/v2\/types\/product"}],"wp:featuredmedia":[{"embeddable":true,"href":"https:\/\/www.piccini1882.it\/de\/wp-json\/wp\/v2\/media\/27301"}],"wp:attachment":[{"href":"https:\/\/www.piccini1882.it\/de\/wp-json\/wp\/v2\/media?parent=27299"}],"wp:term":[{"taxonomy":"product_cat","embeddable":true,"href":"https:\/\/www.piccini1882.it\/de\/wp-json\/wp\/v2\/product_cat?post=27299"},{"taxonomy":"product_tag","embeddable":true,"href":"https:\/\/www.piccini1882.it\/de\/wp-json\/wp\/v2\/product_tag?post=27299"}],"curies":[{"name":"wp","href":"https:\/\/api.w.org\/{rel}","templated":true}]}}