{"id":27316,"date":"2024-08-28T12:46:12","date_gmt":"2024-08-28T10:46:12","guid":{"rendered":"https:\/\/www.piccini1882.it\/product\/brunello-di-montalcino-3\/"},"modified":"2024-08-28T12:46:12","modified_gmt":"2024-08-28T10:46:12","slug":"brunello-di-montalcino-3","status":"publish","type":"product","link":"https:\/\/www.piccini1882.it\/de\/produkt\/brunello-di-montalcino-3\/","title":{"rendered":"Brunello di Montalcino"},"content":{"rendered":"","protected":false},"excerpt":{"rendered":"<div class=\"page\" title=\"Seite 1\">\n<div class=\"layoutArea\">\n<div class=\"column\">\n<p>Wenn die Toskana allgemein als das Epizentrum der italienischen \u00d6nologie angesehen wird, dann stehen Montalcino und seine Weine (Brunello und Rosso) f\u00fcr das &#8220;Wann&#8221; und &#8220;Wo&#8221; dieser Gr\u00f6\u00dfe. Im Pantheon der Bewertungen z\u00e4hlt die internationale Presse den Brunello zu den besten Weinen nicht nur Italiens, sondern der Welt. <\/p>\n<\/div>\n<\/div>\n<\/div>\n","protected":false},"featured_media":27318,"template":"","meta":{"_acf_changed":false},"product_cat":[265,306,261],"product_tag":[],"class_list":{"0":"post-27316","1":"product","2":"type-product","3":"status-publish","4":"has-post-thumbnail","6":"product_cat-docg-de","7":"product_cat-piccini-weine","8":"product_cat-rot","10":"first","11":"instock","12":"shipping-taxable","13":"product-type-external"},"acf":[],"_links":{"self":[{"href":"https:\/\/www.piccini1882.it\/de\/wp-json\/wp\/v2\/product\/27316","targetHints":{"allow":["GET"]}}],"collection":[{"href":"https:\/\/www.piccini1882.it\/de\/wp-json\/wp\/v2\/product"}],"about":[{"href":"https:\/\/www.piccini1882.it\/de\/wp-json\/wp\/v2\/types\/product"}],"wp:featuredmedia":[{"embeddable":true,"href":"https:\/\/www.piccini1882.it\/de\/wp-json\/wp\/v2\/media\/27318"}],"wp:attachment":[{"href":"https:\/\/www.piccini1882.it\/de\/wp-json\/wp\/v2\/media?parent=27316"}],"wp:term":[{"taxonomy":"product_cat","embeddable":true,"href":"https:\/\/www.piccini1882.it\/de\/wp-json\/wp\/v2\/product_cat?post=27316"},{"taxonomy":"product_tag","embeddable":true,"href":"https:\/\/www.piccini1882.it\/de\/wp-json\/wp\/v2\/product_tag?post=27316"}],"curies":[{"name":"wp","href":"https:\/\/api.w.org\/{rel}","templated":true}]}}