{"id":27325,"date":"2024-08-28T12:39:40","date_gmt":"2024-08-28T10:39:40","guid":{"rendered":"https:\/\/www.piccini1882.it\/product\/histrio-rot\/"},"modified":"2024-08-28T12:39:40","modified_gmt":"2024-08-28T10:39:40","slug":"histrio-rot","status":"publish","type":"product","link":"https:\/\/www.piccini1882.it\/de\/produkt\/histrio-rot\/","title":{"rendered":"Histrio Rot"},"content":{"rendered":"","protected":false},"excerpt":{"rendered":"<div class=\"page\" title=\"Seite 1\">\n<div class=\"layoutArea\">\n<div class=\"column\">\n<p>Zu Beginn der Zivilisation wurde das Mittelmeer von Schiffen befahren, deren Lader\u00e4ume mit Weinamphoren gef\u00fcllt waren. Mythen, Legenden, Gesch\u00e4fte und Handel sind rund um dieses exquisite Getr\u00e4nk entstanden, aber eines ist sicher: Wenige Dinge haben die menschliche Kultur und Geschichte so gepr\u00e4gt wie Wein. <\/p>\n<\/div>\n<\/div>\n<\/div>\n","protected":false},"featured_media":27326,"template":"","meta":{"_acf_changed":false},"product_cat":[311,275,306,261],"product_tag":[],"class_list":{"0":"post-27325","1":"product","2":"type-product","3":"status-publish","4":"has-post-thumbnail","6":"product_cat-histrio-de","7":"product_cat-igt-de","8":"product_cat-piccini-weine","9":"product_cat-rot","11":"first","12":"instock","13":"shipping-taxable","14":"product-type-external"},"acf":[],"_links":{"self":[{"href":"https:\/\/www.piccini1882.it\/de\/wp-json\/wp\/v2\/product\/27325","targetHints":{"allow":["GET"]}}],"collection":[{"href":"https:\/\/www.piccini1882.it\/de\/wp-json\/wp\/v2\/product"}],"about":[{"href":"https:\/\/www.piccini1882.it\/de\/wp-json\/wp\/v2\/types\/product"}],"wp:featuredmedia":[{"embeddable":true,"href":"https:\/\/www.piccini1882.it\/de\/wp-json\/wp\/v2\/media\/27326"}],"wp:attachment":[{"href":"https:\/\/www.piccini1882.it\/de\/wp-json\/wp\/v2\/media?parent=27325"}],"wp:term":[{"taxonomy":"product_cat","embeddable":true,"href":"https:\/\/www.piccini1882.it\/de\/wp-json\/wp\/v2\/product_cat?post=27325"},{"taxonomy":"product_tag","embeddable":true,"href":"https:\/\/www.piccini1882.it\/de\/wp-json\/wp\/v2\/product_tag?post=27325"}],"curies":[{"name":"wp","href":"https:\/\/api.w.org\/{rel}","templated":true}]}}