{"id":27334,"date":"2024-08-28T12:44:02","date_gmt":"2024-08-28T10:44:02","guid":{"rendered":"https:\/\/www.piccini1882.it\/product\/histrio-weiss\/"},"modified":"2024-08-28T12:44:02","modified_gmt":"2024-08-28T10:44:02","slug":"histrio-weiss","status":"publish","type":"product","link":"https:\/\/www.piccini1882.it\/de\/produkt\/histrio-weiss\/","title":{"rendered":"Histrio Wei\u00df"},"content":{"rendered":"","protected":false},"excerpt":{"rendered":"<div class=\"page\" title=\"Seite 1\">\n<div class=\"layoutArea\">\n<div class=\"column\">\n<p>Auf den Spuren der Vergangenheit pr\u00e4sentiert Piccini Histrio, ein ehrgeiziges Projekt, das die Meilensteine in der Geschichte des Weins zur\u00fcckverfolgt und die alten Zeiten heraufbeschw\u00f6rt, als der Mittelmeerraum von reichen und m\u00e4chtigen Zivilisationen bedeckt war, die durch einen einzigen Nenner vereint waren: Wein.<\/p>\n<\/div>\n<\/div>\n<\/div>\n","protected":false},"featured_media":27335,"template":"","meta":{"_acf_changed":false},"product_cat":[311,275,306,248],"product_tag":[],"class_list":{"0":"post-27334","1":"product","2":"type-product","3":"status-publish","4":"has-post-thumbnail","6":"product_cat-histrio-de","7":"product_cat-igt-de","8":"product_cat-piccini-weine","9":"product_cat-weis","11":"first","12":"instock","13":"shipping-taxable","14":"product-type-external"},"acf":[],"_links":{"self":[{"href":"https:\/\/www.piccini1882.it\/de\/wp-json\/wp\/v2\/product\/27334","targetHints":{"allow":["GET"]}}],"collection":[{"href":"https:\/\/www.piccini1882.it\/de\/wp-json\/wp\/v2\/product"}],"about":[{"href":"https:\/\/www.piccini1882.it\/de\/wp-json\/wp\/v2\/types\/product"}],"wp:featuredmedia":[{"embeddable":true,"href":"https:\/\/www.piccini1882.it\/de\/wp-json\/wp\/v2\/media\/27335"}],"wp:attachment":[{"href":"https:\/\/www.piccini1882.it\/de\/wp-json\/wp\/v2\/media?parent=27334"}],"wp:term":[{"taxonomy":"product_cat","embeddable":true,"href":"https:\/\/www.piccini1882.it\/de\/wp-json\/wp\/v2\/product_cat?post=27334"},{"taxonomy":"product_tag","embeddable":true,"href":"https:\/\/www.piccini1882.it\/de\/wp-json\/wp\/v2\/product_tag?post=27334"}],"curies":[{"name":"wp","href":"https:\/\/api.w.org\/{rel}","templated":true}]}}