{"id":27358,"date":"2024-08-28T12:29:28","date_gmt":"2024-08-28T10:29:28","guid":{"rendered":"https:\/\/www.piccini1882.it\/product\/vernaccia-di-san-gimignano\/"},"modified":"2024-08-28T12:29:28","modified_gmt":"2024-08-28T10:29:28","slug":"vernaccia-di-san-gimignano","status":"publish","type":"product","link":"https:\/\/www.piccini1882.it\/de\/produkt\/vernaccia-di-san-gimignano\/","title":{"rendered":"Vernaccia di san Gimignano"},"content":{"rendered":"","protected":false},"excerpt":{"rendered":"<div class=\"page\" title=\"Seite 1\">\n<div class=\"layoutArea\">\n<div class=\"column\">\n<p>Meine Damen und Herren, Konfetti gl\u00e4nzt in der Luft, Luftschlangen glitzern, das Tanzen kann beginnen: Es ist Karneval! Erheben Sie Ihre Gl\u00e4ser hoch und sto\u00dfen Sie mit der angenehmen Frische des Pinot Grigio Piccini an. Die zarten fruchtigen und blumigen Aromen machen diesen Wein zum idealen Begleiter f\u00fcr leckere Salate und Fisch- oder wei\u00dfe Fleischgerichte.  <\/p>\n<\/div>\n<\/div>\n<\/div>\n","protected":false},"featured_media":27361,"template":"","meta":{"_acf_changed":false},"product_cat":[265,306,248],"product_tag":[],"class_list":{"0":"post-27358","1":"product","2":"type-product","3":"status-publish","4":"has-post-thumbnail","6":"product_cat-docg-de","7":"product_cat-piccini-weine","8":"product_cat-weis","10":"first","11":"instock","12":"shipping-taxable","13":"product-type-external"},"acf":[],"_links":{"self":[{"href":"https:\/\/www.piccini1882.it\/de\/wp-json\/wp\/v2\/product\/27358","targetHints":{"allow":["GET"]}}],"collection":[{"href":"https:\/\/www.piccini1882.it\/de\/wp-json\/wp\/v2\/product"}],"about":[{"href":"https:\/\/www.piccini1882.it\/de\/wp-json\/wp\/v2\/types\/product"}],"wp:featuredmedia":[{"embeddable":true,"href":"https:\/\/www.piccini1882.it\/de\/wp-json\/wp\/v2\/media\/27361"}],"wp:attachment":[{"href":"https:\/\/www.piccini1882.it\/de\/wp-json\/wp\/v2\/media?parent=27358"}],"wp:term":[{"taxonomy":"product_cat","embeddable":true,"href":"https:\/\/www.piccini1882.it\/de\/wp-json\/wp\/v2\/product_cat?post=27358"},{"taxonomy":"product_tag","embeddable":true,"href":"https:\/\/www.piccini1882.it\/de\/wp-json\/wp\/v2\/product_tag?post=27358"}],"curies":[{"name":"wp","href":"https:\/\/api.w.org\/{rel}","templated":true}]}}