{"id":27365,"date":"2024-08-28T12:03:00","date_gmt":"2024-08-28T10:03:00","guid":{"rendered":"https:\/\/www.piccini1882.it\/product\/mario-prime\/"},"modified":"2024-08-28T12:03:00","modified_gmt":"2024-08-28T10:03:00","slug":"mario-prime","status":"publish","type":"product","link":"https:\/\/www.piccini1882.it\/de\/produkt\/mario-prime\/","title":{"rendered":"Mario Prime"},"content":{"rendered":"","protected":false},"excerpt":{"rendered":"<div class=\"page\" title=\"Seite 1\">\n<div class=\"layoutArea\">\n<div class=\"column\">\n<p>Der Mario Primo ist klassisch und modern zugleich. Er l\u00e4sst den Chianti-Stil der 1930er Jahre wieder aufleben und bietet eine lebendige Interpretation des ber\u00fchmten toskanischen Weins. F\u00fcr seine Herstellung haben wir uns von der Formel inspirieren lassen, die vor fast einem Jahrhundert von Mario, genannt &#8216;Primo&#8217;, der zweiten Generation der historischen Familie Piccini, entwickelt wurde. <\/p>\n<\/div>\n<\/div>\n<\/div>\n","protected":false},"featured_media":27368,"template":"","meta":{"_acf_changed":false},"product_cat":[275,306,261],"product_tag":[],"class_list":{"0":"post-27365","1":"product","2":"type-product","3":"status-publish","4":"has-post-thumbnail","6":"product_cat-igt-de","7":"product_cat-piccini-weine","8":"product_cat-rot","10":"first","11":"instock","12":"shipping-taxable","13":"product-type-external"},"acf":[],"_links":{"self":[{"href":"https:\/\/www.piccini1882.it\/de\/wp-json\/wp\/v2\/product\/27365","targetHints":{"allow":["GET"]}}],"collection":[{"href":"https:\/\/www.piccini1882.it\/de\/wp-json\/wp\/v2\/product"}],"about":[{"href":"https:\/\/www.piccini1882.it\/de\/wp-json\/wp\/v2\/types\/product"}],"wp:featuredmedia":[{"embeddable":true,"href":"https:\/\/www.piccini1882.it\/de\/wp-json\/wp\/v2\/media\/27368"}],"wp:attachment":[{"href":"https:\/\/www.piccini1882.it\/de\/wp-json\/wp\/v2\/media?parent=27365"}],"wp:term":[{"taxonomy":"product_cat","embeddable":true,"href":"https:\/\/www.piccini1882.it\/de\/wp-json\/wp\/v2\/product_cat?post=27365"},{"taxonomy":"product_tag","embeddable":true,"href":"https:\/\/www.piccini1882.it\/de\/wp-json\/wp\/v2\/product_tag?post=27365"}],"curies":[{"name":"wp","href":"https:\/\/api.w.org\/{rel}","templated":true}]}}