{"id":27389,"date":"2024-08-28T11:46:00","date_gmt":"2024-08-28T09:46:00","guid":{"rendered":"https:\/\/www.piccini1882.it\/product\/sasso-al-poggio\/"},"modified":"2024-08-28T11:46:00","modified_gmt":"2024-08-28T09:46:00","slug":"sasso-al-poggio","status":"publish","type":"product","link":"https:\/\/www.piccini1882.it\/de\/produkt\/sasso-al-poggio\/","title":{"rendered":"Sasso al poggio"},"content":{"rendered":"","protected":false},"excerpt":{"rendered":"<p>Als intimer Ausdruck der Toskana ist der Sasso al Poggio ein Wein, der von der Region und ihrer Gr\u00f6\u00dfe erz\u00e4hlt. Hier treffen Erfahrung und Tradition auf den Wunsch nach Innovation: die Typizit\u00e4t des Sangiovese verbindet sich mit der Eleganz des Cabernet und der Sanftheit des Merlot. <\/p>\n","protected":false},"featured_media":27392,"template":"","meta":{"_acf_changed":false},"product_cat":[275,306,261],"product_tag":[],"class_list":{"0":"post-27389","1":"product","2":"type-product","3":"status-publish","4":"has-post-thumbnail","6":"product_cat-igt-de","7":"product_cat-piccini-weine","8":"product_cat-rot","10":"first","11":"instock","12":"shipping-taxable","13":"product-type-external"},"acf":[],"_links":{"self":[{"href":"https:\/\/www.piccini1882.it\/de\/wp-json\/wp\/v2\/product\/27389","targetHints":{"allow":["GET"]}}],"collection":[{"href":"https:\/\/www.piccini1882.it\/de\/wp-json\/wp\/v2\/product"}],"about":[{"href":"https:\/\/www.piccini1882.it\/de\/wp-json\/wp\/v2\/types\/product"}],"wp:featuredmedia":[{"embeddable":true,"href":"https:\/\/www.piccini1882.it\/de\/wp-json\/wp\/v2\/media\/27392"}],"wp:attachment":[{"href":"https:\/\/www.piccini1882.it\/de\/wp-json\/wp\/v2\/media?parent=27389"}],"wp:term":[{"taxonomy":"product_cat","embeddable":true,"href":"https:\/\/www.piccini1882.it\/de\/wp-json\/wp\/v2\/product_cat?post=27389"},{"taxonomy":"product_tag","embeddable":true,"href":"https:\/\/www.piccini1882.it\/de\/wp-json\/wp\/v2\/product_tag?post=27389"}],"curies":[{"name":"wp","href":"https:\/\/api.w.org\/{rel}","templated":true}]}}