{"id":27400,"date":"2024-08-28T11:47:52","date_gmt":"2024-08-28T09:47:52","guid":{"rendered":"https:\/\/www.piccini1882.it\/product\/solco\/"},"modified":"2024-08-28T11:47:52","modified_gmt":"2024-08-28T09:47:52","slug":"solco","status":"publish","type":"product","link":"https:\/\/www.piccini1882.it\/de\/produkt\/solco\/","title":{"rendered":"Solco"},"content":{"rendered":"","protected":false},"excerpt":{"rendered":"<div class=\"page\" title=\"Seite 1\">\n<div class=\"layoutArea\">\n<div class=\"column\">\n<p>Seit mehr als einem Jahrhundert hat unsere Familie die alte Kunst der Weinherstellung weitergegeben. Von Generation zu Generation haben wir nie aufgeh\u00f6rt, auf das Land zu h\u00f6ren und Exzellenz zu sch\u00e4tzen. In der &#8216;Furche&#8217; dieser Tradition steht unser &#8216;Toscana IGT Leggero Appassimento&#8217;, ein opulenter und eleganter Wein, der von unseren toskanischen Wurzeln erz\u00e4hlt.  <\/p>\n<\/div>\n<\/div>\n<\/div>\n","protected":false},"featured_media":27402,"template":"","meta":{"_acf_changed":false},"product_cat":[275,306,261],"product_tag":[],"class_list":{"0":"post-27400","1":"product","2":"type-product","3":"status-publish","4":"has-post-thumbnail","6":"product_cat-igt-de","7":"product_cat-piccini-weine","8":"product_cat-rot","10":"first","11":"instock","12":"shipping-taxable","13":"product-type-external"},"acf":[],"_links":{"self":[{"href":"https:\/\/www.piccini1882.it\/de\/wp-json\/wp\/v2\/product\/27400","targetHints":{"allow":["GET"]}}],"collection":[{"href":"https:\/\/www.piccini1882.it\/de\/wp-json\/wp\/v2\/product"}],"about":[{"href":"https:\/\/www.piccini1882.it\/de\/wp-json\/wp\/v2\/types\/product"}],"wp:featuredmedia":[{"embeddable":true,"href":"https:\/\/www.piccini1882.it\/de\/wp-json\/wp\/v2\/media\/27402"}],"wp:attachment":[{"href":"https:\/\/www.piccini1882.it\/de\/wp-json\/wp\/v2\/media?parent=27400"}],"wp:term":[{"taxonomy":"product_cat","embeddable":true,"href":"https:\/\/www.piccini1882.it\/de\/wp-json\/wp\/v2\/product_cat?post=27400"},{"taxonomy":"product_tag","embeddable":true,"href":"https:\/\/www.piccini1882.it\/de\/wp-json\/wp\/v2\/product_tag?post=27400"}],"curies":[{"name":"wp","href":"https:\/\/api.w.org\/{rel}","templated":true}]}}