{"id":27425,"date":"2024-08-28T11:26:16","date_gmt":"2024-08-28T09:26:16","guid":{"rendered":"https:\/\/www.piccini1882.it\/product\/toskanische-kueste-2\/"},"modified":"2024-08-28T11:26:16","modified_gmt":"2024-08-28T09:26:16","slug":"toskanische-kueste-2","status":"publish","type":"product","link":"https:\/\/www.piccini1882.it\/de\/produkt\/toskanische-kueste-2\/","title":{"rendered":"Toskanische K\u00fcste"},"content":{"rendered":"","protected":false},"excerpt":{"rendered":"<p>Seit 2010 bereichert eine neue Appellation die gro\u00dfe toskanische Weinszene: &#8216;IGT Costa Toscana&#8217;. Die Premium-Linie Piccini Costa Toscana erz\u00e4hlt von der gl\u00fccklichen Begegnung zwischen den Wellen des Meeres und den fruchtbaren H\u00fcgeln der Toskana, eine Ehe, die sich in den eleganten Rillen der Flaschen widerspiegelt. Die zu 100 % biologisch angebauten Weinberge auf dem Familiengut Piccini in der Maremma garantieren absolute Qualit\u00e4t und Respekt vor dem Land.  <\/p>\n","protected":false},"featured_media":27427,"template":"","meta":{"_acf_changed":false},"product_cat":[275,306,314,248],"product_tag":[],"class_list":{"0":"post-27425","1":"product","2":"type-product","3":"status-publish","4":"has-post-thumbnail","6":"product_cat-igt-de","7":"product_cat-piccini-weine","8":"product_cat-toskanische-kuste","9":"product_cat-weis","11":"first","12":"instock","13":"shipping-taxable","14":"product-type-external"},"acf":[],"_links":{"self":[{"href":"https:\/\/www.piccini1882.it\/de\/wp-json\/wp\/v2\/product\/27425","targetHints":{"allow":["GET"]}}],"collection":[{"href":"https:\/\/www.piccini1882.it\/de\/wp-json\/wp\/v2\/product"}],"about":[{"href":"https:\/\/www.piccini1882.it\/de\/wp-json\/wp\/v2\/types\/product"}],"wp:featuredmedia":[{"embeddable":true,"href":"https:\/\/www.piccini1882.it\/de\/wp-json\/wp\/v2\/media\/27427"}],"wp:attachment":[{"href":"https:\/\/www.piccini1882.it\/de\/wp-json\/wp\/v2\/media?parent=27425"}],"wp:term":[{"taxonomy":"product_cat","embeddable":true,"href":"https:\/\/www.piccini1882.it\/de\/wp-json\/wp\/v2\/product_cat?post=27425"},{"taxonomy":"product_tag","embeddable":true,"href":"https:\/\/www.piccini1882.it\/de\/wp-json\/wp\/v2\/product_tag?post=27425"}],"curies":[{"name":"wp","href":"https:\/\/api.w.org\/{rel}","templated":true}]}}