{"id":27433,"date":"2024-08-28T10:32:27","date_gmt":"2024-08-28T08:32:27","guid":{"rendered":"https:\/\/www.piccini1882.it\/product\/toskanische-kueste-3\/"},"modified":"2024-08-28T10:32:27","modified_gmt":"2024-08-28T08:32:27","slug":"toskanische-kueste-3","status":"publish","type":"product","link":"https:\/\/www.piccini1882.it\/de\/produkt\/toskanische-kueste-3\/","title":{"rendered":"Toskanische K\u00fcste"},"content":{"rendered":"","protected":false},"excerpt":{"rendered":"<p>Die Appellation Costa Toscana erstreckt sich \u00fcber einen schmalen Landstreifen von 379 km L\u00e4nge, der den Wellen der toskanischen K\u00fcste folgt und in die Rillen der eleganten Flasche Costa Toscana Rosso gemei\u00dfelt ist. Die au\u00dfergew\u00f6hnliche Qualit\u00e4t wird durch die urspr\u00fcnglichen Rebst\u00f6cke garantiert, die sich auf dem Landgut der Familie Piccini in der Maremma befinden und vollst\u00e4ndig auf \u00f6kologischen Anbau umgestellt wurden. <\/p>\n","protected":false},"featured_media":27437,"template":"","meta":{"_acf_changed":false},"product_cat":[275,306,261,314],"product_tag":[],"class_list":{"0":"post-27433","1":"product","2":"type-product","3":"status-publish","4":"has-post-thumbnail","6":"product_cat-igt-de","7":"product_cat-piccini-weine","8":"product_cat-rot","9":"product_cat-toskanische-kuste","11":"first","12":"instock","13":"shipping-taxable","14":"product-type-external"},"acf":[],"_links":{"self":[{"href":"https:\/\/www.piccini1882.it\/de\/wp-json\/wp\/v2\/product\/27433","targetHints":{"allow":["GET"]}}],"collection":[{"href":"https:\/\/www.piccini1882.it\/de\/wp-json\/wp\/v2\/product"}],"about":[{"href":"https:\/\/www.piccini1882.it\/de\/wp-json\/wp\/v2\/types\/product"}],"wp:featuredmedia":[{"embeddable":true,"href":"https:\/\/www.piccini1882.it\/de\/wp-json\/wp\/v2\/media\/27437"}],"wp:attachment":[{"href":"https:\/\/www.piccini1882.it\/de\/wp-json\/wp\/v2\/media?parent=27433"}],"wp:term":[{"taxonomy":"product_cat","embeddable":true,"href":"https:\/\/www.piccini1882.it\/de\/wp-json\/wp\/v2\/product_cat?post=27433"},{"taxonomy":"product_tag","embeddable":true,"href":"https:\/\/www.piccini1882.it\/de\/wp-json\/wp\/v2\/product_tag?post=27433"}],"curies":[{"name":"wp","href":"https:\/\/api.w.org\/{rel}","templated":true}]}}