{"id":27450,"date":"2024-08-28T08:58:12","date_gmt":"2024-08-28T06:58:12","guid":{"rendered":"https:\/\/www.piccini1882.it\/product\/prosae-toskanische-kueste\/"},"modified":"2024-08-28T08:58:12","modified_gmt":"2024-08-28T06:58:12","slug":"prosae-toskanische-kueste","status":"publish","type":"product","link":"https:\/\/www.piccini1882.it\/de\/produkt\/prosae-toskanische-kueste\/","title":{"rendered":"Prosae Toskanische K\u00fcste"},"content":{"rendered":"","protected":false},"excerpt":{"rendered":"<p>Prosae ist ein \u00f6kologischer Wein, der ohne den Zusatz von Sulfiten hergestellt wird. Dadurch kann er sein Terroir widerspiegeln, ohne auf invasive agronomische und \u00f6nologische Praktiken zur\u00fcckgreifen zu m\u00fcssen. Seine Trauben stammen von unseren Weinbergen am Golf von Follonica, wo die einheimischen Rebsorten seit Jahrhunderten in Harmonie mit den einzigartigen klimatischen Bedingungen der toskanischen K\u00fcste gedeihen. Unsere biologischen Anbaumethoden umfassen die Kultivierung der Reihen ohne den Einsatz von Herbiziden oder Chemikalien.  <\/p>\n","protected":false},"featured_media":27451,"template":"","meta":{"_acf_changed":false},"product_cat":[275,306,261,314],"product_tag":[],"class_list":{"0":"post-27450","1":"product","2":"type-product","3":"status-publish","4":"has-post-thumbnail","6":"product_cat-igt-de","7":"product_cat-piccini-weine","8":"product_cat-rot","9":"product_cat-toskanische-kuste","11":"first","12":"instock","13":"shipping-taxable","14":"product-type-external"},"acf":[],"_links":{"self":[{"href":"https:\/\/www.piccini1882.it\/de\/wp-json\/wp\/v2\/product\/27450","targetHints":{"allow":["GET"]}}],"collection":[{"href":"https:\/\/www.piccini1882.it\/de\/wp-json\/wp\/v2\/product"}],"about":[{"href":"https:\/\/www.piccini1882.it\/de\/wp-json\/wp\/v2\/types\/product"}],"wp:featuredmedia":[{"embeddable":true,"href":"https:\/\/www.piccini1882.it\/de\/wp-json\/wp\/v2\/media\/27451"}],"wp:attachment":[{"href":"https:\/\/www.piccini1882.it\/de\/wp-json\/wp\/v2\/media?parent=27450"}],"wp:term":[{"taxonomy":"product_cat","embeddable":true,"href":"https:\/\/www.piccini1882.it\/de\/wp-json\/wp\/v2\/product_cat?post=27450"},{"taxonomy":"product_tag","embeddable":true,"href":"https:\/\/www.piccini1882.it\/de\/wp-json\/wp\/v2\/product_tag?post=27450"}],"curies":[{"name":"wp","href":"https:\/\/api.w.org\/{rel}","templated":true}]}}