{"id":27458,"date":"2024-08-28T08:50:58","date_gmt":"2024-08-28T06:50:58","guid":{"rendered":"https:\/\/www.piccini1882.it\/product\/memoro-4-elemente\/"},"modified":"2024-08-28T08:50:58","modified_gmt":"2024-08-28T06:50:58","slug":"memoro-4-elemente","status":"publish","type":"product","link":"https:\/\/www.piccini1882.it\/de\/produkt\/memoro-4-elemente\/","title":{"rendered":"Memoro 4 Elemente"},"content":{"rendered":"","protected":false},"excerpt":{"rendered":"<p>Das Wesen Apuliens ist mit der Umarmung der Erde verwoben. Die von geologischen Kr\u00e4ften geformten Landschaften reichen von K\u00fcsten bis zu den ikonischen Trulli, w\u00e4hrend die Landwirtschaft in den fruchtbaren T\u00e4lern gedeiht und die Region mit den Gaben der Erde verbindet. <\/p>\n","protected":false},"featured_media":27460,"template":"","meta":{"_acf_changed":false},"product_cat":[275,320,306,261],"product_tag":[],"class_list":{"0":"post-27458","1":"product","2":"type-product","3":"status-publish","4":"has-post-thumbnail","6":"product_cat-igt-de","7":"product_cat-memoro-de","8":"product_cat-piccini-weine","9":"product_cat-rot","11":"first","12":"instock","13":"shipping-taxable","14":"product-type-external"},"acf":[],"_links":{"self":[{"href":"https:\/\/www.piccini1882.it\/de\/wp-json\/wp\/v2\/product\/27458","targetHints":{"allow":["GET"]}}],"collection":[{"href":"https:\/\/www.piccini1882.it\/de\/wp-json\/wp\/v2\/product"}],"about":[{"href":"https:\/\/www.piccini1882.it\/de\/wp-json\/wp\/v2\/types\/product"}],"wp:featuredmedia":[{"embeddable":true,"href":"https:\/\/www.piccini1882.it\/de\/wp-json\/wp\/v2\/media\/27460"}],"wp:attachment":[{"href":"https:\/\/www.piccini1882.it\/de\/wp-json\/wp\/v2\/media?parent=27458"}],"wp:term":[{"taxonomy":"product_cat","embeddable":true,"href":"https:\/\/www.piccini1882.it\/de\/wp-json\/wp\/v2\/product_cat?post=27458"},{"taxonomy":"product_tag","embeddable":true,"href":"https:\/\/www.piccini1882.it\/de\/wp-json\/wp\/v2\/product_tag?post=27458"}],"curies":[{"name":"wp","href":"https:\/\/api.w.org\/{rel}","templated":true}]}}