{"id":27477,"date":"2024-08-26T14:14:28","date_gmt":"2024-08-26T12:14:28","guid":{"rendered":"https:\/\/www.piccini1882.it\/product\/chianti-superiore-gold-kollektion\/"},"modified":"2024-08-26T14:14:28","modified_gmt":"2024-08-26T12:14:28","slug":"chianti-superiore-gold-kollektion","status":"publish","type":"product","link":"https:\/\/www.piccini1882.it\/de\/produkt\/chianti-superiore-gold-kollektion\/","title":{"rendered":"Chianti Superiore Gold Kollektion"},"content":{"rendered":"","protected":false},"excerpt":{"rendered":"<p>In der Reihe Collezione Oro, die an der Spitze der Piccini-Produktionsqualit\u00e4t steht, darf die Bezeichnung &#8216;Superiore&#8217; nat\u00fcrlich nicht fehlen. Ein Rotwein f\u00fcr die Liebhaber der Bezeichnung, ein Chianti mit einem wichtigen Profil, das Ergebnis einer strengen Spezifikation, die sich an die anspruchsvollsten Gaumen richtet. <\/p>\n","protected":false},"featured_media":27480,"template":"","meta":{"_acf_changed":false},"product_cat":[265,309,306,261],"product_tag":[],"class_list":{"0":"post-27477","1":"product","2":"type-product","3":"status-publish","4":"has-post-thumbnail","6":"product_cat-docg-de","7":"product_cat-gold-kollektion","8":"product_cat-piccini-weine","9":"product_cat-rot","11":"first","12":"instock","13":"shipping-taxable","14":"product-type-external"},"acf":[],"_links":{"self":[{"href":"https:\/\/www.piccini1882.it\/de\/wp-json\/wp\/v2\/product\/27477","targetHints":{"allow":["GET"]}}],"collection":[{"href":"https:\/\/www.piccini1882.it\/de\/wp-json\/wp\/v2\/product"}],"about":[{"href":"https:\/\/www.piccini1882.it\/de\/wp-json\/wp\/v2\/types\/product"}],"wp:featuredmedia":[{"embeddable":true,"href":"https:\/\/www.piccini1882.it\/de\/wp-json\/wp\/v2\/media\/27480"}],"wp:attachment":[{"href":"https:\/\/www.piccini1882.it\/de\/wp-json\/wp\/v2\/media?parent=27477"}],"wp:term":[{"taxonomy":"product_cat","embeddable":true,"href":"https:\/\/www.piccini1882.it\/de\/wp-json\/wp\/v2\/product_cat?post=27477"},{"taxonomy":"product_tag","embeddable":true,"href":"https:\/\/www.piccini1882.it\/de\/wp-json\/wp\/v2\/product_tag?post=27477"}],"curies":[{"name":"wp","href":"https:\/\/api.w.org\/{rel}","templated":true}]}}