{"id":27493,"date":"2024-08-28T08:46:08","date_gmt":"2024-08-28T06:46:08","guid":{"rendered":"https:\/\/www.piccini1882.it\/product\/memoro-4-elemente-3\/"},"modified":"2024-08-28T08:46:08","modified_gmt":"2024-08-28T06:46:08","slug":"memoro-4-elemente-3","status":"publish","type":"product","link":"https:\/\/www.piccini1882.it\/de\/produkt\/memoro-4-elemente-3\/","title":{"rendered":"Memoro 4 Elemente"},"content":{"rendered":"","protected":false},"excerpt":{"rendered":"<p>Die tiefe Verbundenheit der Abruzzen mit dem Wasser pr\u00e4gt ihre K\u00fcstend\u00f6rfer und ihr kulturelles Erbe. Das Adriatische Meer an seinen Ufern ist seit Jahrhunderten die Kulisse f\u00fcr die volkst\u00fcmlichen Traditionen dieser Region. <\/p>\n","protected":false},"featured_media":27494,"template":"","meta":{"_acf_changed":false},"product_cat":[240,320,306,261],"product_tag":[],"class_list":{"0":"post-27493","1":"product","2":"type-product","3":"status-publish","4":"has-post-thumbnail","6":"product_cat-doc","7":"product_cat-memoro-de","8":"product_cat-piccini-weine","9":"product_cat-rot","11":"first","12":"instock","13":"shipping-taxable","14":"product-type-external"},"acf":[],"_links":{"self":[{"href":"https:\/\/www.piccini1882.it\/de\/wp-json\/wp\/v2\/product\/27493","targetHints":{"allow":["GET"]}}],"collection":[{"href":"https:\/\/www.piccini1882.it\/de\/wp-json\/wp\/v2\/product"}],"about":[{"href":"https:\/\/www.piccini1882.it\/de\/wp-json\/wp\/v2\/types\/product"}],"wp:featuredmedia":[{"embeddable":true,"href":"https:\/\/www.piccini1882.it\/de\/wp-json\/wp\/v2\/media\/27494"}],"wp:attachment":[{"href":"https:\/\/www.piccini1882.it\/de\/wp-json\/wp\/v2\/media?parent=27493"}],"wp:term":[{"taxonomy":"product_cat","embeddable":true,"href":"https:\/\/www.piccini1882.it\/de\/wp-json\/wp\/v2\/product_cat?post=27493"},{"taxonomy":"product_tag","embeddable":true,"href":"https:\/\/www.piccini1882.it\/de\/wp-json\/wp\/v2\/product_tag?post=27493"}],"curies":[{"name":"wp","href":"https:\/\/api.w.org\/{rel}","templated":true}]}}