{"id":28136,"date":"2024-08-27T08:46:09","date_gmt":"2024-08-27T06:46:09","guid":{"rendered":"https:\/\/www.piccini1882.it\/product\/kollektion-tuscan-red-gold\/"},"modified":"2024-08-27T08:46:09","modified_gmt":"2024-08-27T06:46:09","slug":"kollektion-tuscan-red-gold","status":"publish","type":"product","link":"https:\/\/www.piccini1882.it\/de\/produkt\/kollektion-tuscan-red-gold\/","title":{"rendered":"Kollektion Tuscan Red Gold"},"content":{"rendered":"","protected":false},"excerpt":{"rendered":"<p>Der Collezione Oro IGT ist die Synthese der Produktionsphilosophie von Piccini, die von unserem \u00d6nologenteam in enger Zusammenarbeit mit Riccardo Cotarella, dem weltber\u00fchmten \u00d6nologen, gekonnt interpretiert wird. Ein moderner, pr\u00e4ziser Wein, der die Qualit\u00e4tsstandards der Premiumlinie Collezione Oro weiter anhebt. <\/p>\n","protected":false},"featured_media":28139,"template":"","meta":{"_acf_changed":false},"product_cat":[309,275,306,261],"product_tag":[],"class_list":{"0":"post-28136","1":"product","2":"type-product","3":"status-publish","4":"has-post-thumbnail","6":"product_cat-gold-kollektion","7":"product_cat-igt-de","8":"product_cat-piccini-weine","9":"product_cat-rot","11":"first","12":"instock","13":"shipping-taxable","14":"product-type-external"},"acf":[],"_links":{"self":[{"href":"https:\/\/www.piccini1882.it\/de\/wp-json\/wp\/v2\/product\/28136","targetHints":{"allow":["GET"]}}],"collection":[{"href":"https:\/\/www.piccini1882.it\/de\/wp-json\/wp\/v2\/product"}],"about":[{"href":"https:\/\/www.piccini1882.it\/de\/wp-json\/wp\/v2\/types\/product"}],"wp:featuredmedia":[{"embeddable":true,"href":"https:\/\/www.piccini1882.it\/de\/wp-json\/wp\/v2\/media\/28139"}],"wp:attachment":[{"href":"https:\/\/www.piccini1882.it\/de\/wp-json\/wp\/v2\/media?parent=28136"}],"wp:term":[{"taxonomy":"product_cat","embeddable":true,"href":"https:\/\/www.piccini1882.it\/de\/wp-json\/wp\/v2\/product_cat?post=28136"},{"taxonomy":"product_tag","embeddable":true,"href":"https:\/\/www.piccini1882.it\/de\/wp-json\/wp\/v2\/product_tag?post=28136"}],"curies":[{"name":"wp","href":"https:\/\/api.w.org\/{rel}","templated":true}]}}