{"id":28148,"date":"2024-08-27T08:49:59","date_gmt":"2024-08-27T06:49:59","guid":{"rendered":"https:\/\/www.piccini1882.it\/product\/toskanischer-rose-gold-kollektion\/"},"modified":"2024-08-27T08:49:59","modified_gmt":"2024-08-27T06:49:59","slug":"toskanischer-rose-gold-kollektion","status":"publish","type":"product","link":"https:\/\/www.piccini1882.it\/de\/produkt\/toskanischer-rose-gold-kollektion\/","title":{"rendered":"Toskanischer Ros\u00e9 Gold Kollektion"},"content":{"rendered":"","protected":false},"excerpt":{"rendered":"<p>Ein Ros\u00e9, der die Vielfalt der B\u00f6den und des Klimas in der Toskana in sich vereint, ein Ensemble, das sich von der K\u00fcstenregion, die von der Meeresbrise verw\u00f6hnt wird, bis zu den gro\u00dfen Temperaturschwankungen in den H\u00fcgeln des Chianti erstreckt. Der Sangiovese sorgt f\u00fcr Struktur und Frische, w\u00e4hrend der Merlot und der Malvasia del Chianti ein aromatisches Ger\u00fcst von bemerkenswerter Komplexit\u00e4t bilden, das uns auf dieser Reise zur Entdeckung einer neuen Grenze des toskanischen Weins begleitet. <\/p>\n","protected":false},"featured_media":28151,"template":"","meta":{"_acf_changed":false},"product_cat":[309,275,306,238],"product_tag":[],"class_list":{"0":"post-28148","1":"product","2":"type-product","3":"status-publish","4":"has-post-thumbnail","6":"product_cat-gold-kollektion","7":"product_cat-igt-de","8":"product_cat-piccini-weine","9":"product_cat-rose","11":"first","12":"instock","13":"shipping-taxable","14":"product-type-external"},"acf":[],"_links":{"self":[{"href":"https:\/\/www.piccini1882.it\/de\/wp-json\/wp\/v2\/product\/28148","targetHints":{"allow":["GET"]}}],"collection":[{"href":"https:\/\/www.piccini1882.it\/de\/wp-json\/wp\/v2\/product"}],"about":[{"href":"https:\/\/www.piccini1882.it\/de\/wp-json\/wp\/v2\/types\/product"}],"wp:featuredmedia":[{"embeddable":true,"href":"https:\/\/www.piccini1882.it\/de\/wp-json\/wp\/v2\/media\/28151"}],"wp:attachment":[{"href":"https:\/\/www.piccini1882.it\/de\/wp-json\/wp\/v2\/media?parent=28148"}],"wp:term":[{"taxonomy":"product_cat","embeddable":true,"href":"https:\/\/www.piccini1882.it\/de\/wp-json\/wp\/v2\/product_cat?post=28148"},{"taxonomy":"product_tag","embeddable":true,"href":"https:\/\/www.piccini1882.it\/de\/wp-json\/wp\/v2\/product_tag?post=28148"}],"curies":[{"name":"wp","href":"https:\/\/api.w.org\/{rel}","templated":true}]}}