{"id":28155,"date":"2024-08-26T13:44:07","date_gmt":"2024-08-26T11:44:07","guid":{"rendered":"https:\/\/www.piccini1882.it\/product\/chianti-regierung-gold-kollektion\/"},"modified":"2024-08-26T13:44:07","modified_gmt":"2024-08-26T11:44:07","slug":"chianti-regierung-gold-kollektion","status":"publish","type":"product","link":"https:\/\/www.piccini1882.it\/de\/produkt\/chianti-regierung-gold-kollektion\/","title":{"rendered":"Chianti Regierung Gold Kollektion"},"content":{"rendered":"","protected":false},"excerpt":{"rendered":"<p>Die Premium-Linie Collezione Oro, das Aush\u00e4ngeschild italienischer Spitzenweine, kehrt mit dem un\u00fcbersehbaren &#8216;Governo all&#8217;uso Toscano&#8217;, der getreu dem alten traditionellen Rezept hergestellt wird, zu seinen toskanischen Urspr\u00fcngen zur\u00fcck. Der Collezione Oro Governo ist das ideale Zusammentreffen zwischen der stolzen Vergangenheit und den neuen Techniken der Weinherstellung, eine Kombination, die es erm\u00f6glicht, au\u00dfergew\u00f6hnliche qualitative H\u00f6chstleistungen zu erzielen. <\/p>\n","protected":false},"featured_media":28158,"template":"","meta":{"_acf_changed":false},"product_cat":[265,309,306,261],"product_tag":[],"class_list":{"0":"post-28155","1":"product","2":"type-product","3":"status-publish","4":"has-post-thumbnail","6":"product_cat-docg-de","7":"product_cat-gold-kollektion","8":"product_cat-piccini-weine","9":"product_cat-rot","11":"first","12":"instock","13":"shipping-taxable","14":"product-type-external"},"acf":[],"_links":{"self":[{"href":"https:\/\/www.piccini1882.it\/de\/wp-json\/wp\/v2\/product\/28155","targetHints":{"allow":["GET"]}}],"collection":[{"href":"https:\/\/www.piccini1882.it\/de\/wp-json\/wp\/v2\/product"}],"about":[{"href":"https:\/\/www.piccini1882.it\/de\/wp-json\/wp\/v2\/types\/product"}],"wp:featuredmedia":[{"embeddable":true,"href":"https:\/\/www.piccini1882.it\/de\/wp-json\/wp\/v2\/media\/28158"}],"wp:attachment":[{"href":"https:\/\/www.piccini1882.it\/de\/wp-json\/wp\/v2\/media?parent=28155"}],"wp:term":[{"taxonomy":"product_cat","embeddable":true,"href":"https:\/\/www.piccini1882.it\/de\/wp-json\/wp\/v2\/product_cat?post=28155"},{"taxonomy":"product_tag","embeddable":true,"href":"https:\/\/www.piccini1882.it\/de\/wp-json\/wp\/v2\/product_tag?post=28155"}],"curies":[{"name":"wp","href":"https:\/\/api.w.org\/{rel}","templated":true}]}}