{"id":28177,"date":"2024-08-28T08:42:13","date_gmt":"2024-08-28T06:42:13","guid":{"rendered":"https:\/\/www.piccini1882.it\/product\/memoro-4-elemente-4\/"},"modified":"2024-08-28T08:42:13","modified_gmt":"2024-08-28T06:42:13","slug":"memoro-4-elemente-4","status":"publish","type":"product","link":"https:\/\/www.piccini1882.it\/de\/produkt\/memoro-4-elemente-4\/","title":{"rendered":"Memoro 4 Elemente"},"content":{"rendered":"","protected":false},"excerpt":{"rendered":"<p>Von den vom Wind gek\u00fcssten Weinbergen bis zu den palladianischen Villen, die in den Himmel ragen &#8211; die Luft pr\u00e4gt die Kultur und den Weinbau in Venetien. Die Naturwunder des Veneto scheinen ihre Luftigkeit zu bekr\u00e4ftigen, bis hin zu den himmelstrebenden Gipfeln der Dolomiten. <\/p>\n","protected":false},"featured_media":28180,"template":"","meta":{"_acf_changed":false},"product_cat":[275,320,306,261],"product_tag":[],"class_list":{"0":"post-28177","1":"product","2":"type-product","3":"status-publish","4":"has-post-thumbnail","6":"product_cat-igt-de","7":"product_cat-memoro-de","8":"product_cat-piccini-weine","9":"product_cat-rot","11":"first","12":"instock","13":"shipping-taxable","14":"product-type-external"},"acf":[],"_links":{"self":[{"href":"https:\/\/www.piccini1882.it\/de\/wp-json\/wp\/v2\/product\/28177","targetHints":{"allow":["GET"]}}],"collection":[{"href":"https:\/\/www.piccini1882.it\/de\/wp-json\/wp\/v2\/product"}],"about":[{"href":"https:\/\/www.piccini1882.it\/de\/wp-json\/wp\/v2\/types\/product"}],"wp:featuredmedia":[{"embeddable":true,"href":"https:\/\/www.piccini1882.it\/de\/wp-json\/wp\/v2\/media\/28180"}],"wp:attachment":[{"href":"https:\/\/www.piccini1882.it\/de\/wp-json\/wp\/v2\/media?parent=28177"}],"wp:term":[{"taxonomy":"product_cat","embeddable":true,"href":"https:\/\/www.piccini1882.it\/de\/wp-json\/wp\/v2\/product_cat?post=28177"},{"taxonomy":"product_tag","embeddable":true,"href":"https:\/\/www.piccini1882.it\/de\/wp-json\/wp\/v2\/product_tag?post=28177"}],"curies":[{"name":"wp","href":"https:\/\/api.w.org\/{rel}","templated":true}]}}