{"id":28215,"date":"2024-08-27T09:40:21","date_gmt":"2024-08-27T07:40:21","guid":{"rendered":"https:\/\/www.piccini1882.it\/product\/venezianisches-kleid-prosecco-rose\/"},"modified":"2024-08-27T09:40:21","modified_gmt":"2024-08-27T07:40:21","slug":"venezianisches-kleid-prosecco-rose","status":"publish","type":"product","link":"https:\/\/www.piccini1882.it\/de\/produkt\/venezianisches-kleid-prosecco-rose\/","title":{"rendered":"Venezianisches Kleid Prosecco Ros\u00e9"},"content":{"rendered":"","protected":false},"excerpt":{"rendered":"<p>Wie eine aristokratische Einladung zum gro\u00dfen Karnevalsball pr\u00e4sentiert unser Venezianisches Kleid seine Eleganz und bewacht einen harmonischen Wein mit einer feinen, funkelnden Perlage. Sein Flakon ist in der Tat von den \u00fcppigen Frauenkleidern des Venedigs des 18. Jahrhunderts inspiriert, deren Geometrien und Draperien er nachzeichnet. <\/p>\n","protected":false},"featured_media":28218,"template":"","meta":{"_acf_changed":false},"product_cat":[259,240,306,238],"product_tag":[],"class_list":{"0":"post-28215","1":"product","2":"type-product","3":"status-publish","4":"has-post-thumbnail","6":"product_cat-blasen","7":"product_cat-doc","8":"product_cat-piccini-weine","9":"product_cat-rose","11":"first","12":"instock","13":"shipping-taxable","14":"product-type-external"},"acf":[],"_links":{"self":[{"href":"https:\/\/www.piccini1882.it\/de\/wp-json\/wp\/v2\/product\/28215","targetHints":{"allow":["GET"]}}],"collection":[{"href":"https:\/\/www.piccini1882.it\/de\/wp-json\/wp\/v2\/product"}],"about":[{"href":"https:\/\/www.piccini1882.it\/de\/wp-json\/wp\/v2\/types\/product"}],"wp:featuredmedia":[{"embeddable":true,"href":"https:\/\/www.piccini1882.it\/de\/wp-json\/wp\/v2\/media\/28218"}],"wp:attachment":[{"href":"https:\/\/www.piccini1882.it\/de\/wp-json\/wp\/v2\/media?parent=28215"}],"wp:term":[{"taxonomy":"product_cat","embeddable":true,"href":"https:\/\/www.piccini1882.it\/de\/wp-json\/wp\/v2\/product_cat?post=28215"},{"taxonomy":"product_tag","embeddable":true,"href":"https:\/\/www.piccini1882.it\/de\/wp-json\/wp\/v2\/product_tag?post=28215"}],"curies":[{"name":"wp","href":"https:\/\/api.w.org\/{rel}","templated":true}]}}