{"id":28232,"date":"2024-08-27T09:33:38","date_gmt":"2024-08-27T07:33:38","guid":{"rendered":"https:\/\/www.piccini1882.it\/product\/venezianisches-kleid-prosecco\/"},"modified":"2024-08-27T09:33:38","modified_gmt":"2024-08-27T07:33:38","slug":"venezianisches-kleid-prosecco","status":"publish","type":"product","link":"https:\/\/www.piccini1882.it\/de\/produkt\/venezianisches-kleid-prosecco\/","title":{"rendered":"Venezianisches Kleid Prosecco"},"content":{"rendered":"","protected":false},"excerpt":{"rendered":"<p>Eine Auswahl der besten Hanglagen, reduzierte Hektarertr\u00e4ge und sorgf\u00e4ltige \u00f6nologische Verfahren bilden die Grundlage f\u00fcr diese besondere Edition. Nach Abschluss der zweiten G\u00e4rung nach der Charmat-Methode bleibt der Wein insgesamt 3 Monate lang in Kontakt mit den Hefen. Das Ergebnis ist ein \u00e4u\u00dferst intensives Bouquet, das von einer raffinierten Perlage unterst\u00fctzt wird. Eine Cuv\u00e9e, die eine Synthese der Harmonie darstellt, eine perfekte Flasche, um das ganze Jahr \u00fcber zu feiern, mit diesem Hauch von Eleganz, der an die venezianischen Karnevalskleider erinnert!  <\/p>\n","protected":false},"featured_media":28233,"template":"","meta":{"_acf_changed":false},"product_cat":[259,240,306],"product_tag":[],"class_list":{"0":"post-28232","1":"product","2":"type-product","3":"status-publish","4":"has-post-thumbnail","6":"product_cat-blasen","7":"product_cat-doc","8":"product_cat-piccini-weine","10":"first","11":"instock","12":"shipping-taxable","13":"product-type-external"},"acf":[],"_links":{"self":[{"href":"https:\/\/www.piccini1882.it\/de\/wp-json\/wp\/v2\/product\/28232","targetHints":{"allow":["GET"]}}],"collection":[{"href":"https:\/\/www.piccini1882.it\/de\/wp-json\/wp\/v2\/product"}],"about":[{"href":"https:\/\/www.piccini1882.it\/de\/wp-json\/wp\/v2\/types\/product"}],"wp:featuredmedia":[{"embeddable":true,"href":"https:\/\/www.piccini1882.it\/de\/wp-json\/wp\/v2\/media\/28233"}],"wp:attachment":[{"href":"https:\/\/www.piccini1882.it\/de\/wp-json\/wp\/v2\/media?parent=28232"}],"wp:term":[{"taxonomy":"product_cat","embeddable":true,"href":"https:\/\/www.piccini1882.it\/de\/wp-json\/wp\/v2\/product_cat?post=28232"},{"taxonomy":"product_tag","embeddable":true,"href":"https:\/\/www.piccini1882.it\/de\/wp-json\/wp\/v2\/product_tag?post=28232"}],"curies":[{"name":"wp","href":"https:\/\/api.w.org\/{rel}","templated":true}]}}