{"id":28248,"date":"2024-08-27T09:22:26","date_gmt":"2024-08-27T07:22:26","guid":{"rendered":"https:\/\/www.piccini1882.it\/product\/muscat\/"},"modified":"2024-08-27T09:22:26","modified_gmt":"2024-08-27T07:22:26","slug":"muscat","status":"publish","type":"product","link":"https:\/\/www.piccini1882.it\/de\/produkt\/muscat\/","title":{"rendered":"Muscat"},"content":{"rendered":"","protected":false},"excerpt":{"rendered":"<p>Der Moscato Dolce k\u00fcndigt seine Raffinesse bereits in seinem eleganten Gewand an. Seine subtilen, harmonischen Noten orchestrieren eine Sinfonie der Gen\u00fcsse und bewahren dabei einen frischen, heiteren Geist. Der spritzige und verf\u00fchrerische Moscato Dolce ist ein vielseitiger Schaumwein, ein au\u00dfergew\u00f6hnlicher Gast, der die Party sofort in Schwung bringt.  <\/p>\n","protected":false},"featured_media":28252,"template":"","meta":{"_acf_changed":false},"product_cat":[259,306],"product_tag":[],"class_list":{"0":"post-28248","1":"product","2":"type-product","3":"status-publish","4":"has-post-thumbnail","6":"product_cat-blasen","7":"product_cat-piccini-weine","9":"first","10":"instock","11":"shipping-taxable","12":"product-type-external"},"acf":[],"_links":{"self":[{"href":"https:\/\/www.piccini1882.it\/de\/wp-json\/wp\/v2\/product\/28248","targetHints":{"allow":["GET"]}}],"collection":[{"href":"https:\/\/www.piccini1882.it\/de\/wp-json\/wp\/v2\/product"}],"about":[{"href":"https:\/\/www.piccini1882.it\/de\/wp-json\/wp\/v2\/types\/product"}],"wp:featuredmedia":[{"embeddable":true,"href":"https:\/\/www.piccini1882.it\/de\/wp-json\/wp\/v2\/media\/28252"}],"wp:attachment":[{"href":"https:\/\/www.piccini1882.it\/de\/wp-json\/wp\/v2\/media?parent=28248"}],"wp:term":[{"taxonomy":"product_cat","embeddable":true,"href":"https:\/\/www.piccini1882.it\/de\/wp-json\/wp\/v2\/product_cat?post=28248"},{"taxonomy":"product_tag","embeddable":true,"href":"https:\/\/www.piccini1882.it\/de\/wp-json\/wp\/v2\/product_tag?post=28248"}],"curies":[{"name":"wp","href":"https:\/\/api.w.org\/{rel}","templated":true}]}}