{"id":28268,"date":"2024-08-27T08:56:54","date_gmt":"2024-08-27T06:56:54","guid":{"rendered":"https:\/\/www.piccini1882.it\/product\/blanc-de-blancs-gold-kollektion\/"},"modified":"2024-08-27T08:56:54","modified_gmt":"2024-08-27T06:56:54","slug":"blanc-de-blancs-gold-kollektion","status":"publish","type":"product","link":"https:\/\/www.piccini1882.it\/de\/produkt\/blanc-de-blancs-gold-kollektion\/","title":{"rendered":"Blanc de Blancs Gold Kollektion"},"content":{"rendered":"","protected":false},"excerpt":{"rendered":"<p>Die Linie Collezione Oro sammelt die Sch\u00e4tze unserer Halbinsel und bewahrt sie in kostbaren Etiketten, die ihre au\u00dfergew\u00f6hnliche Exzellenz widerspiegeln. Mit seiner eleganten Perlage verk\u00f6rpert unser Blanc de Blancs den Zauber der delikatesten Rebsorten des Veneto. <\/p>\n","protected":false},"featured_media":28269,"template":"","meta":{"_acf_changed":false},"product_cat":[259,309,306],"product_tag":[],"class_list":{"0":"post-28268","1":"product","2":"type-product","3":"status-publish","4":"has-post-thumbnail","6":"product_cat-blasen","7":"product_cat-gold-kollektion","8":"product_cat-piccini-weine","10":"first","11":"instock","12":"shipping-taxable","13":"product-type-external"},"acf":[],"_links":{"self":[{"href":"https:\/\/www.piccini1882.it\/de\/wp-json\/wp\/v2\/product\/28268","targetHints":{"allow":["GET"]}}],"collection":[{"href":"https:\/\/www.piccini1882.it\/de\/wp-json\/wp\/v2\/product"}],"about":[{"href":"https:\/\/www.piccini1882.it\/de\/wp-json\/wp\/v2\/types\/product"}],"wp:featuredmedia":[{"embeddable":true,"href":"https:\/\/www.piccini1882.it\/de\/wp-json\/wp\/v2\/media\/28269"}],"wp:attachment":[{"href":"https:\/\/www.piccini1882.it\/de\/wp-json\/wp\/v2\/media?parent=28268"}],"wp:term":[{"taxonomy":"product_cat","embeddable":true,"href":"https:\/\/www.piccini1882.it\/de\/wp-json\/wp\/v2\/product_cat?post=28268"},{"taxonomy":"product_tag","embeddable":true,"href":"https:\/\/www.piccini1882.it\/de\/wp-json\/wp\/v2\/product_tag?post=28268"}],"curies":[{"name":"wp","href":"https:\/\/api.w.org\/{rel}","templated":true}]}}